{"id":29001,"date":"2024-05-31T14:24:19","date_gmt":"2024-05-31T12:24:19","guid":{"rendered":"https:\/\/boulangerie-govart.be\/?page_id=29001"},"modified":"2024-07-15T15:06:05","modified_gmt":"2024-07-15T13:06:05","slug":"privacy","status":"publish","type":"page","link":"https:\/\/govart.be\/nl\/privacy\/","title":{"rendered":"Privacy"},"content":{"rendered":"\n<h3 class=\"wp-block-heading\">Boulangerie Govart neemt het gebruik van uw gegevens en de vertrouwelijkheid ervan serieus.<\/h3>\n\n\n\n<p class=\"has-x-large-font-size\">Wie zijn wij?<\/p>\n\n\n\n<p>Ons websiteadres is https:\/\/govart.be, dat integraal deel uitmaakt van Pinnemouche.<\/p>\n\n\n\n<p>U kunt ook onze juridische mededeling raadplegen.<\/p>\n\n\n\n<p>Boulangerie Govart verzamelt zo min mogelijk informatie over jou. Om uw bestelling te kunnen leveren, de veiligheid van uw gegevens te garanderen of uw mening over bepaalde pagina&#8217;s te verzamelen, hebben we echter bepaalde persoonlijke gegevens nodig.<\/p>\n\n\n\n<p>Boulangerie Govart behandelt uw persoonlijke gegevens met zorg en zorgt ervoor dat uw privacy wordt beschermd. Dit zijn onze verplichtingen met betrekking tot de vertrouwelijkheid van uw persoonlijke gegevens :<\/p>\n\n\n\n<div class=\"wp-block-columns is-layout-flex wp-container-core-columns-is-layout-28f84493 wp-block-columns-is-layout-flex\">\n<div class=\"wp-block-column is-layout-flow wp-block-column-is-layout-flow\">\n<p class=\"has-text-align-center\"><strong><strong>Gebruik beperkt tot het maximum<\/strong><\/strong><\/p>\n\n\n\n<p class=\"has-small-font-size\">We delen je persoonlijke gegevens nooit met derden zonder geldige reden.<\/p>\n<\/div>\n\n\n\n<div class=\"wp-block-column is-layout-flow wp-block-column-is-layout-flow\">\n<p class=\"has-text-align-center\"><strong><strong><strong>Verantwoorde behandeling <\/strong> <\/strong><\/strong><\/p>\n\n\n\n<p class=\"has-small-font-size\">We beschermen en behandelen uw persoonlijke gegevens alsof het onze eigen gegevens zijn.<\/p>\n<\/div>\n\n\n\n<div class=\"wp-block-column is-layout-flow wp-block-column-is-layout-flow\">\n<p class=\"has-text-align-center\"><strong><strong>Transparant gebruik<\/strong><\/strong><\/p>\n\n\n\n<p class=\"has-small-font-size\">Wij gebruiken uw persoonlijke gegevens uitsluitend voor de hieronder beschreven doeleinden.<\/p>\n<\/div>\n<\/div>\n\n\n\n<h3 class=\"wp-block-heading\">Welke persoonlijke gegevens bewaart La boulangerie Govart ?<\/h3>\n\n\n\n<figure class=\"wp-block-image size-large\"><img decoding=\"async\" src=\"https:\/\/lesbasesduseo.be\/wp-content\/uploads\/2023\/09\/serhat-beyazkaya-ia9_WfkGQWA-unsplash-1024x683.jpg\" alt=\"Pinnemouche studio et vos donn\u00e9es \u00e0 caract\u00e8re personnelle\" class=\"wp-image-1002\"\/><\/figure>\n\n\n\n<p class=\"has-medium-font-size\"><strong>Naam, adres en woonplaats<\/strong><\/p>\n\n\n\n<p>Je naam wordt opgeslagen, omdat je meer bent dan alleen een klantnummer wanneer je contact met ons opneemt. We hebben je naam en woonplaats ook nodig om je facturen op te stellen en contact met je op te nemen.<\/p>\n\n\n\n<p class=\"has-medium-font-size\"><strong>E-mailadres<\/strong><\/p>\n\n\n\n<p>We slaan je e-mailadres op zodat we je belangrijke berichten over je bestelling of je account kunnen sturen. Ook houden we je via nieuwsbrieven op de hoogte van nieuwe ontwikkelingen bij Infomaniak. Indien nodig kunt u ervoor kiezen om u hiervoor af te melden.<\/p>\n\n\n\n<p class=\"has-medium-font-size\"><strong>Telefoonnummer<\/strong><\/p>\n\n\n\n<p>We bewaren je telefoonnummer zodat we contact met je kunnen opnemen in geval van nood of om je mening te vragen.<br><\/p>\n\n\n\n<p class=\"has-medium-font-size\"><strong>Inloggegevens en klantnummer<\/strong><\/p>\n\n\n\n<p>We slaan uw inloggegevens op om veilige toegang tot uw account te garanderen. Maar ook om ervoor te zorgen dat alleen bevoegde personen toegang hebben tot uw persoonlijke gegevens.<\/p>\n\n\n\n<p><strong>IP-adres<\/strong><\/p>\n\n\n\n<p>We slaan je IP-adres op om je een overzicht te geven van de IP-adressen die worden gebruikt om verbinding te maken met je account. Dit stelt ons ook in staat om te controleren wie er wijzigingen heeft aangebracht. Deze informatie wordt ook gebruikt om je account beter te beschermen tegen ongeautoriseerde toegang vanaf andere locaties.<\/p>\n\n\n\n<p><strong>Betalingsinformatie<\/strong><\/p>\n\n\n\n<p>Wij slaan betalingsgegevens op zoals uw PayPal-, Stripe- of creditcardgegevens, rekeningnummer en uw naam als rekeninghouder. Bij de verwerking van uw betalingen zijn ook andere partijen betrokken, zoals bedrijven die zijn aangesloten bij uw betaalmethode of creditcards. Wanneer je een bestelling plaatst, maken we een uniek offerte- of factuurnummer aan dat vervolgens aan je account wordt gekoppeld.<\/p>\n\n\n\n<p><strong>Uw gebruik van onze website<\/strong><\/p>\n\n\n\n<p>De hierboven genoemde gegevens in combinatie met cookies stellen ons in staat om te zien hoe u onze site en diensten gebruikt en om uw interesses te identificeren. Dit stelt ons in staat om onze site, onze diensten en de doelgerichtheid van onze advertenties te verbeteren.<\/p>\n\n\n\n<h3 class=\"wp-block-heading\">Wanneer deelt Boulangerie Govart uw informatie met andere partijen?<\/h3>\n\n\n\n<p>Boulangerie Govart ontwikkelt de meeste van haar oplossingen intern en werkt alleen samen met partners die voldoen aan onze beveiligingsstandaarden. Daarnaast worden uw gegevens alleen in de volgende gevallen met derden gedeeld :<\/p>\n\n\n\n<ul class=\"wp-block-list\">\n<li><strong>Het leveren of uitvoeren van onze diensten:<\/strong> We gebruiken diensten zoals Stripe of PayPal om verschillende betalingsopties aan te bieden.<\/li>\n\n\n\n<li><strong>Onze diensten, site of advertenties verbeteren:<\/strong> we gebruiken Matomo, een softwareprogramma om te meten hoe leuk je een nieuwe pagina op onze website vindt.<\/li>\n\n\n\n<li><strong>Feedback verkrijgen:<\/strong> We vragen onze klanten regelmatig om feedback te geven op onze Google my business pagina.<\/li>\n\n\n\n<li><strong>Voldoen aan een wettelijke verplichting:<\/strong> een gerechtelijk bevel kan ons verplichten je informatie met de politie te delen.<\/li>\n\n\n\n<li><strong>Een domeinnaam registreren:<\/strong> ICANN-geaccrediteerde registrars zijn verplicht om de gegevens van de eigenaar van een domein te publiceren in de Whois-database van het register dat verantwoordelijk is voor het domein. Dit betekent dat iedereen de beschikbaarheid van een domein kan controleren en kan zien wie de eigenaar is. Dankzij Domain Privacy kan Infomaniak, onze hostingprovider, deze gegevens vertrouwelijk houden wanneer het domeinregister dit toestaat.<\/li>\n<\/ul>\n\n\n\n<p class=\"has-x-large-font-size\">Reacties<\/p>\n\n\n\n<p>Wanneer je een reactie achterlaat op onze site, worden de gegevens die je hebt ingevuld in het reactieformulier, evenals je IP-adres en de user-agent van je browser verzameld om ons te helpen ongewenste reacties op te sporen.<\/p>\n\n\n\n<p>Een geanonimiseerde tekenreeks die is gemaakt van uw e-mailadres (ook bekend als een hash) kan naar de Gravatar-service worden verzonden om te controleren of u deze gebruikt. De geheimhoudingsclausules van de Gravatar-service zijn hier beschikbaar: https:\/\/automattic.com\/privacy\/. Zodra je commentaar is gevalideerd, is je profielfoto openbaar zichtbaar naast je commentaar.<\/p>\n\n\n\n<p class=\"has-x-large-font-size\">Cookies<\/p>\n\n\n\n<p>Als u een reactie achterlaat op onze site, wordt u gevraagd om uw naam, e-mailadres en site op te slaan in cookies. Dit is puur voor uw gemak, zodat u deze informatie niet opnieuw hoeft in te voeren als u later nog eens een reactie achterlaat. Deze cookies verlopen na een jaar.<\/p>\n\n\n\n<p>Als u naar de inlogpagina gaat, wordt er een tijdelijke cookie aangemaakt om te bepalen of uw browser cookies accepteert. Deze bevat geen persoonlijke gegevens en wordt automatisch verwijderd wanneer u uw browser afsluit.<\/p>\n\n\n\n<p>Wanneer u inlogt, stellen we een aantal cookies in om uw inloggegevens en schermvoorkeuren vast te leggen. De levensduur van een verbindingscookie is twee dagen, die van een schermoptiecookie is een jaar. Als u &#8220;Onthoud mij&#8221; aanvinkt, wordt uw verbindingscookie twee weken bewaard. Als u zich afmeldt bij uw account, wordt de verbindingscookie verwijderd.<\/p>\n\n\n\n<p>Als u een publicatie wijzigt of publiceert, wordt er een extra cookie opgeslagen in uw browser. Deze cookie bevat geen persoonlijke gegevens. Het geeft alleen de ID aan van de publicatie die u zojuist hebt gewijzigd. Het vervalt na \u00e9\u00e9n dag.<\/p>\n\n\n\n<p class=\"has-x-large-font-size\">Ingebedde inhoud van andere sites<\/p>\n\n\n\n<blockquote class=\"wp-block-quote is-layout-flow wp-block-quote-is-layout-flow\">\n<p>Het is belangrijk om een balans te vinden tussen de beveiliging van de infrastructuur waarop uw gegevens worden gehost en de manier waarop u deze beheert en gebruikt.<\/p>\n<cite>Infomaniak<\/cite><\/blockquote>\n\n\n\n<p>Artikelen op deze site kunnen ingesloten inhoud bevatten (bijv. video&#8217;s, afbeeldingen, artikelen, enz.). Ingesloten inhoud van andere sites gedraagt zich op dezelfde manier alsof de bezoeker die andere site bezoekt.<\/p>\n\n\n\n<p>Deze websites kunnen gegevens over u verzamelen, cookies gebruiken, trackingtools van derden insluiten en uw interacties met deze ingesloten inhoud bijhouden als u een ingelogde account hebt op hun website.<\/p>\n\n\n\n<p class=\"has-large-font-size\">Gebruik en overdracht van uw persoonlijke gegevens<\/p>\n\n\n\n<p>Als u een wachtwoord-reset aanvraagt, wordt uw IP-adres opgenomen in de reset-e-mail.<\/p>\n\n\n\n<p class=\"has-large-font-size\">Bewaartermijnen voor uw gegevens<\/p>\n\n\n\n<p>Als je een opmerking achterlaat, worden de opmerking en de metagegevens voor onbepaalde tijd bewaard. Hierdoor kunnen we volgende opmerkingen automatisch herkennen en goedkeuren in plaats van ze in de moderatiewachtrij te laten staan.<\/p>\n\n\n\n<p>Voor accounts die zich op onze site registreren (indien van toepassing), slaan we ook de persoonlijke gegevens op die in hun profiel worden vermeld. Alle accounts kunnen hun persoonlijke gegevens op elk gewenst moment bekijken, wijzigen of verwijderen (met uitzondering van hun gebruikersnaam). Sitebeheerders kunnen deze informatie ook bekijken en wijzigen.<\/p>\n\n\n\n<p class=\"has-large-font-size\">De rechten die u hebt over uw gegevens<\/p>\n\n\n\n<p>Als u een account hebt of als u reacties hebt achtergelaten op de site, kunt u verzoeken om een bestand te ontvangen met alle persoonlijke gegevens die wij over u hebben, inclusief de gegevens die u aan ons hebt verstrekt. U kunt ook verzoeken om verwijdering van uw persoonlijke gegevens. Dit geldt niet voor gegevens die zijn opgeslagen voor administratieve, juridische of beveiligingsdoeleinden.<\/p>\n\n\n\n<p>Waar uw gegevens naartoe worden verzonden.<br><p>De opmerkingen van bezoekers kunnen worden gecontroleerd met behulp van een geautomatiseerde service om ongewenste opmerkingen te detecteren.Privacybeleid, laatst bijgewerkt op 12 Juli 2023.<\/p><br><\/p>\n","protected":false},"excerpt":{"rendered":"<p>Boulangerie Govart neemt het gebruik van uw gegevens en de vertrouwelijkheid ervan serieus. Wie zijn wij? Ons websiteadres is https:\/\/govart.be, dat integraal deel uitmaakt van Pinnemouche. U kunt ook onze juridische mededeling raadplegen. Boulangerie Govart verzamelt zo min mogelijk informatie over jou. Om uw bestelling te kunnen leveren, de veiligheid van uw gegevens te garanderen [&hellip;]<\/p>\n","protected":false},"author":1,"featured_media":0,"parent":0,"menu_order":0,"comment_status":"closed","ping_status":"closed","template":"","meta":{"_trash_the_other_posts":false,"editor_notices":[],"footnotes":""},"class_list":["post-29001","page","type-page","status-publish","hentry"],"yoast_head":"<!-- This site is optimized with the Yoast SEO plugin v27.6 - https:\/\/yoast.com\/product\/yoast-seo-wordpress\/ -->\n<title>Privacy - Bakkerij Govart<\/title>\n<meta name=\"description\" content=\"Lire notre politique de confidentialit\u00e9. Notre boulangerie artisanale apporte une grande importance \u00e0 vos donn\u00e9es personnelles.\" \/>\n<meta name=\"robots\" content=\"noindex, nofollow\" \/>\n<meta property=\"og:locale\" content=\"nl_BE\" \/>\n<meta property=\"og:type\" content=\"article\" \/>\n<meta property=\"og:title\" content=\"Privacy - Bakkerij Govart\" \/>\n<meta property=\"og:description\" content=\"Lire notre politique de confidentialit\u00e9. Notre boulangerie artisanale apporte une grande importance \u00e0 vos donn\u00e9es personnelles.\" \/>\n<meta property=\"og:url\" content=\"https:\/\/govart.be\/nl\/privacy\/\" \/>\n<meta property=\"og:site_name\" content=\"Bakkerij Govart\" \/>\n<meta property=\"article:publisher\" content=\"https:\/\/www.facebook.com\/profile.php?id=61553924327203\" \/>\n<meta property=\"article:modified_time\" content=\"2024-07-15T13:06:05+00:00\" \/>\n<meta property=\"og:image\" content=\"https:\/\/lesbasesduseo.be\/wp-content\/uploads\/2023\/09\/serhat-beyazkaya-ia9_WfkGQWA-unsplash-1024x683.jpg\" \/>\n<meta name=\"twitter:card\" content=\"summary_large_image\" \/>\n<meta name=\"twitter:label1\" content=\"Geschatte leestijd\" \/>\n\t<meta name=\"twitter:data1\" content=\"7 minuten\" \/>\n<script type=\"application\/ld+json\" class=\"yoast-schema-graph\">{\"@context\":\"https:\\\/\\\/schema.org\",\"@graph\":[{\"@type\":\"WebPage\",\"@id\":\"https:\\\/\\\/govart.be\\\/nl\\\/privacy\\\/\",\"url\":\"https:\\\/\\\/govart.be\\\/nl\\\/privacy\\\/\",\"name\":\"Privacy - Bakkerij Govart\",\"isPartOf\":{\"@id\":\"https:\\\/\\\/govart.be\\\/nl\\\/#website\"},\"primaryImageOfPage\":{\"@id\":\"https:\\\/\\\/govart.be\\\/nl\\\/privacy\\\/#primaryimage\"},\"image\":{\"@id\":\"https:\\\/\\\/govart.be\\\/nl\\\/privacy\\\/#primaryimage\"},\"thumbnailUrl\":\"https:\\\/\\\/lesbasesduseo.be\\\/wp-content\\\/uploads\\\/2023\\\/09\\\/serhat-beyazkaya-ia9_WfkGQWA-unsplash-1024x683.jpg\",\"datePublished\":\"2024-05-31T12:24:19+00:00\",\"dateModified\":\"2024-07-15T13:06:05+00:00\",\"description\":\"Lire notre politique de confidentialit\u00e9. Notre boulangerie artisanale apporte une grande importance \u00e0 vos donn\u00e9es personnelles.\",\"breadcrumb\":{\"@id\":\"https:\\\/\\\/govart.be\\\/nl\\\/privacy\\\/#breadcrumb\"},\"inLanguage\":\"nl-BE\",\"potentialAction\":[{\"@type\":\"ReadAction\",\"target\":[\"https:\\\/\\\/govart.be\\\/nl\\\/privacy\\\/\"]}]},{\"@type\":\"ImageObject\",\"inLanguage\":\"nl-BE\",\"@id\":\"https:\\\/\\\/govart.be\\\/nl\\\/privacy\\\/#primaryimage\",\"url\":\"https:\\\/\\\/lesbasesduseo.be\\\/wp-content\\\/uploads\\\/2023\\\/09\\\/serhat-beyazkaya-ia9_WfkGQWA-unsplash-1024x683.jpg\",\"contentUrl\":\"https:\\\/\\\/lesbasesduseo.be\\\/wp-content\\\/uploads\\\/2023\\\/09\\\/serhat-beyazkaya-ia9_WfkGQWA-unsplash-1024x683.jpg\"},{\"@type\":\"BreadcrumbList\",\"@id\":\"https:\\\/\\\/govart.be\\\/nl\\\/privacy\\\/#breadcrumb\",\"itemListElement\":[{\"@type\":\"ListItem\",\"position\":1,\"name\":\"Accueil\",\"item\":\"https:\\\/\\\/govart.be\\\/nl\\\/\"},{\"@type\":\"ListItem\",\"position\":2,\"name\":\"Privacy\"}]},{\"@type\":\"WebSite\",\"@id\":\"https:\\\/\\\/govart.be\\\/nl\\\/#website\",\"url\":\"https:\\\/\\\/govart.be\\\/nl\\\/\",\"name\":\"Boulangerie Govart\",\"description\":\"Een natuurlijk en voedzaam brood dat echt goed is voor uw gezondheid.\",\"publisher\":{\"@id\":\"https:\\\/\\\/govart.be\\\/nl\\\/#organization\"},\"potentialAction\":[{\"@type\":\"SearchAction\",\"target\":{\"@type\":\"EntryPoint\",\"urlTemplate\":\"https:\\\/\\\/govart.be\\\/nl\\\/?s={search_term_string}\"},\"query-input\":{\"@type\":\"PropertyValueSpecification\",\"valueRequired\":true,\"valueName\":\"search_term_string\"}}],\"inLanguage\":\"nl-BE\"},{\"@type\":\"Organization\",\"@id\":\"https:\\\/\\\/govart.be\\\/nl\\\/#organization\",\"name\":\"Boulangerie Govart\",\"url\":\"https:\\\/\\\/govart.be\\\/nl\\\/\",\"logo\":{\"@type\":\"ImageObject\",\"inLanguage\":\"nl-BE\",\"@id\":\"https:\\\/\\\/govart.be\\\/nl\\\/#\\\/schema\\\/logo\\\/image\\\/\",\"url\":\"https:\\\/\\\/govart.be\\\/nl\\\/wp-content\\\/uploads\\\/sites\\\/8\\\/2024\\\/05\\\/govart-logo-yellow.png\",\"contentUrl\":\"https:\\\/\\\/govart.be\\\/nl\\\/wp-content\\\/uploads\\\/sites\\\/8\\\/2024\\\/05\\\/govart-logo-yellow.png\",\"width\":2818,\"height\":1227,\"caption\":\"Boulangerie Govart\"},\"image\":{\"@id\":\"https:\\\/\\\/govart.be\\\/nl\\\/#\\\/schema\\\/logo\\\/image\\\/\"},\"sameAs\":[\"https:\\\/\\\/www.facebook.com\\\/profile.php?id=61553924327203\",\"https:\\\/\\\/www.instagram.com\\\/govart.bakery\\\/\"]}]}<\/script>\n<!-- \/ Yoast SEO plugin. -->","yoast_head_json":{"title":"Privacy - Bakkerij Govart","description":"Lire notre politique de confidentialit\u00e9. Notre boulangerie artisanale apporte une grande importance \u00e0 vos donn\u00e9es personnelles.","robots":{"index":"noindex","follow":"nofollow"},"og_locale":"nl_BE","og_type":"article","og_title":"Privacy - Bakkerij Govart","og_description":"Lire notre politique de confidentialit\u00e9. Notre boulangerie artisanale apporte une grande importance \u00e0 vos donn\u00e9es personnelles.","og_url":"https:\/\/govart.be\/nl\/privacy\/","og_site_name":"Bakkerij Govart","article_publisher":"https:\/\/www.facebook.com\/profile.php?id=61553924327203","article_modified_time":"2024-07-15T13:06:05+00:00","og_image":[{"url":"https:\/\/lesbasesduseo.be\/wp-content\/uploads\/2023\/09\/serhat-beyazkaya-ia9_WfkGQWA-unsplash-1024x683.jpg","type":"","width":"","height":""}],"twitter_card":"summary_large_image","twitter_misc":{"Geschatte leestijd":"7 minuten"},"schema":{"@context":"https:\/\/schema.org","@graph":[{"@type":"WebPage","@id":"https:\/\/govart.be\/nl\/privacy\/","url":"https:\/\/govart.be\/nl\/privacy\/","name":"Privacy - Bakkerij Govart","isPartOf":{"@id":"https:\/\/govart.be\/nl\/#website"},"primaryImageOfPage":{"@id":"https:\/\/govart.be\/nl\/privacy\/#primaryimage"},"image":{"@id":"https:\/\/govart.be\/nl\/privacy\/#primaryimage"},"thumbnailUrl":"https:\/\/lesbasesduseo.be\/wp-content\/uploads\/2023\/09\/serhat-beyazkaya-ia9_WfkGQWA-unsplash-1024x683.jpg","datePublished":"2024-05-31T12:24:19+00:00","dateModified":"2024-07-15T13:06:05+00:00","description":"Lire notre politique de confidentialit\u00e9. Notre boulangerie artisanale apporte une grande importance \u00e0 vos donn\u00e9es personnelles.","breadcrumb":{"@id":"https:\/\/govart.be\/nl\/privacy\/#breadcrumb"},"inLanguage":"nl-BE","potentialAction":[{"@type":"ReadAction","target":["https:\/\/govart.be\/nl\/privacy\/"]}]},{"@type":"ImageObject","inLanguage":"nl-BE","@id":"https:\/\/govart.be\/nl\/privacy\/#primaryimage","url":"https:\/\/lesbasesduseo.be\/wp-content\/uploads\/2023\/09\/serhat-beyazkaya-ia9_WfkGQWA-unsplash-1024x683.jpg","contentUrl":"https:\/\/lesbasesduseo.be\/wp-content\/uploads\/2023\/09\/serhat-beyazkaya-ia9_WfkGQWA-unsplash-1024x683.jpg"},{"@type":"BreadcrumbList","@id":"https:\/\/govart.be\/nl\/privacy\/#breadcrumb","itemListElement":[{"@type":"ListItem","position":1,"name":"Accueil","item":"https:\/\/govart.be\/nl\/"},{"@type":"ListItem","position":2,"name":"Privacy"}]},{"@type":"WebSite","@id":"https:\/\/govart.be\/nl\/#website","url":"https:\/\/govart.be\/nl\/","name":"Boulangerie Govart","description":"Een natuurlijk en voedzaam brood dat echt goed is voor uw gezondheid.","publisher":{"@id":"https:\/\/govart.be\/nl\/#organization"},"potentialAction":[{"@type":"SearchAction","target":{"@type":"EntryPoint","urlTemplate":"https:\/\/govart.be\/nl\/?s={search_term_string}"},"query-input":{"@type":"PropertyValueSpecification","valueRequired":true,"valueName":"search_term_string"}}],"inLanguage":"nl-BE"},{"@type":"Organization","@id":"https:\/\/govart.be\/nl\/#organization","name":"Boulangerie Govart","url":"https:\/\/govart.be\/nl\/","logo":{"@type":"ImageObject","inLanguage":"nl-BE","@id":"https:\/\/govart.be\/nl\/#\/schema\/logo\/image\/","url":"https:\/\/govart.be\/nl\/wp-content\/uploads\/sites\/8\/2024\/05\/govart-logo-yellow.png","contentUrl":"https:\/\/govart.be\/nl\/wp-content\/uploads\/sites\/8\/2024\/05\/govart-logo-yellow.png","width":2818,"height":1227,"caption":"Boulangerie Govart"},"image":{"@id":"https:\/\/govart.be\/nl\/#\/schema\/logo\/image\/"},"sameAs":["https:\/\/www.facebook.com\/profile.php?id=61553924327203","https:\/\/www.instagram.com\/govart.bakery\/"]}]}},"jetpack_sharing_enabled":true,"_links":{"self":[{"href":"https:\/\/govart.be\/nl\/wp-json\/wp\/v2\/pages\/29001","targetHints":{"allow":["GET"]}}],"collection":[{"href":"https:\/\/govart.be\/nl\/wp-json\/wp\/v2\/pages"}],"about":[{"href":"https:\/\/govart.be\/nl\/wp-json\/wp\/v2\/types\/page"}],"author":[{"embeddable":true,"href":"https:\/\/govart.be\/nl\/wp-json\/wp\/v2\/users\/1"}],"replies":[{"embeddable":true,"href":"https:\/\/govart.be\/nl\/wp-json\/wp\/v2\/comments?post=29001"}],"version-history":[{"count":2,"href":"https:\/\/govart.be\/nl\/wp-json\/wp\/v2\/pages\/29001\/revisions"}],"predecessor-version":[{"id":29389,"href":"https:\/\/govart.be\/nl\/wp-json\/wp\/v2\/pages\/29001\/revisions\/29389"}],"wp:attachment":[{"href":"https:\/\/govart.be\/nl\/wp-json\/wp\/v2\/media?parent=29001"}],"curies":[{"name":"wp","href":"https:\/\/api.w.org\/{rel}","templated":true}]}}