{"id":31671,"date":"2025-11-19T12:48:16","date_gmt":"2025-11-19T11:48:16","guid":{"rendered":"https:\/\/govart.be\/fr\/?post_type=product&#038;p=31671"},"modified":"2026-05-13T14:09:03","modified_gmt":"2026-05-13T12:09:03","slug":"morceaux-de-chocolat-noir-68-bio-et-bean-to-bar","status":"publish","type":"product","link":"https:\/\/govart.be\/fr\/produit\/morceaux-de-chocolat-noir-68-bio-et-bean-to-bar\/","title":{"rendered":"Morceaux de chocolat noir 68% bio et bean to bar"},"content":{"rendered":"<p><strong>Ingr\u00e9dients: Masse de cacao, sucre, beurre de cacao, lechitine de tournesol et c\u2019est tout ! Sans pesticides, sans ajouts de produits exhausteurs de go\u00fbt, sans lechitine de soja, sans lait. Taux de cadmium mesur\u00e9 dans le chocolat bio 68% bean-to-bar 0,19mg\/kg soit 4x inf\u00e9rieur \u00e0 la limite europ\u00e9enne.<\/strong><\/p>\n<p><strong>Les morceaux de chocolat noir 68% biologique et bean to bar sont fabriqu\u00e9s \u00e0 Bruxelles.<\/strong> Une fois <strong>les f\u00e8ves ferment\u00e9es au P\u00e9rou<\/strong> chez un petit agriculteur qui respecte les plantations et le roulement de celles-ci, elles sont achemin\u00e9es vers la Belgique.<\/p>\n<p>Une fois arriv\u00e9es chez <a href=\"https:\/\/govart.be\/fr\/govart-bakery-x-mo-chocolate\/\">MO Chocolate<\/a>, <strong>les f\u00e8ves sont torr\u00e9fi\u00e9es<\/strong> dans leur atelier \u00e0 Anderlecht. <strong>Le m\u00e9lange du savoir-faire de l&rsquo;agriculteur au P\u00e9rou pour la fermentation des f\u00e8ves coupl\u00e9 \u00e0 la ma\u00eetrise de la torr\u00e9faction de notre artisan chocolatier en Belgique donne un chocolat d&rsquo;une saveur incomparable <\/strong>avec ceux de la grande distribution.<\/p>\n<p>Ce <strong>chocolat bio et bean-to-bar avec 68% de cacao<\/strong> ravira les papilles de ceux qui aiment avoir un peu de douceur et de r\u00e9confort dans le chocolat. Sa saveur est d\u00e9licate et parfum\u00e9e sans amertume.<\/p>\n<p><strong>Chez Govart Bakery \u00e0 Alsemberg, nous mettons un point d&rsquo;honneur a s\u00e9lectionner des mati\u00e8res premi\u00e8res de grande qualit\u00e9 sans ajout d&rsquo;adjuvant.<\/strong> C&rsquo;est le produits bruts et sa ma\u00eetrise qui doit faire le go\u00fbt et non les additifs !<\/p>\n<p><strong>ET le cadmium dans tout cela ? Si le taux de cadmium vous pr\u00e9occupe, sachez que nous avons demand\u00e9 \u00e0 Nao (MO Chocolate) de bien vouloir nous fournir le dernier relev\u00e9 des taux de cadmium dans leur chocolat. <\/strong><strong>Et&#8230; il est bien inf\u00e9rieur \u00e0 ce que l&rsquo;Union Europ\u00e9enne autorise comme seuil. <a href=\"file:\/\/\/Users\/nath\/Downloads\/Profils%20aromatiques,%20origines%20et%20vari%C3%A9t%C3%A9s%20MO%20Chocolate%20-%202024.pdf\">Alors, cadmium dans le chocolat, faut-il s&rsquo;en inqui\u00e9ter ?<\/a><\/strong><\/p>\n<p><strong>Taux de cadmium mesur\u00e9 dans le chocolat bio 68% bean-to-bar 0,19mg\/kg soit 4x moins que la limite europ\u00e9enne.<\/strong><\/p>\n<p><strong>Ingr\u00e9dients: Masse de cacao, sucre, beurre de cacao, lechitine de tournesol et c\u2019est tout ! Sans pesticides, sans ajouts de produits exhausteurs de go\u00fbt, sans lechitine de soja, SANS LAIT.\u00a0<\/strong><\/p>\n<p>&nbsp;<\/p>\n","protected":false},"excerpt":{"rendered":"<p><strong>Taux de cadmium mesur\u00e9 dans le chocolat bio 68% bean-to-bar 0,19mg\/kg soit 4x moins que la limite europ\u00e9enne. <\/strong><strong>Ingr\u00e9dients: Masse de cacao, sucre, beurre de cacao, lechitine de tournesol et c\u2019est tout ! Sans pesticides, sans ajouts de produits exhausteurs de go\u00fbt, sans lechitine de soja, SANS LAIT. <\/strong>4,20\u20ac\/100g<\/p>\n<p>&nbsp;<\/p>\n","protected":false},"featured_media":31673,"template":"","meta":{"_trash_the_other_posts":false,"editor_notices":[]},"product_brand":[],"product_cat":[42],"product_tag":[],"class_list":{"0":"post-31671","1":"product","2":"type-product","3":"status-publish","4":"has-post-thumbnail","6":"product_cat-chocolat","8":"first","9":"instock","10":"taxable","11":"shipping-taxable","12":"purchasable","13":"product-type-simple"},"yoast_head":"<!-- This site is optimized with the Yoast SEO plugin v27.6 - https:\/\/yoast.com\/product\/yoast-seo-wordpress\/ -->\n<title>Morceaux de chocolat noir 68% bio et bean to bar - Boulangerie Govart<\/title>\n<meta name=\"description\" content=\"Du savoir-faire de l&#039;agriculteur au P\u00e9rou pour la fermentation des f\u00e8ves \u00e0 la ma\u00eetrise de la torr\u00e9faction de notre artisan chocolatier en Belgique.\" \/>\n<meta name=\"robots\" content=\"index, follow, max-snippet:-1, max-image-preview:large, max-video-preview:-1\" \/>\n<link rel=\"canonical\" href=\"https:\/\/govart.be\/fr\/produit\/morceaux-de-chocolat-noir-68-bio-et-bean-to-bar\/\" \/>\n<meta property=\"og:locale\" content=\"fr_FR\" \/>\n<meta property=\"og:type\" content=\"article\" \/>\n<meta property=\"og:title\" content=\"Morceaux de chocolat noir 68% bio et bean to bar - Boulangerie Govart\" \/>\n<meta property=\"og:description\" content=\"Du savoir-faire de l&#039;agriculteur au P\u00e9rou pour la fermentation des f\u00e8ves \u00e0 la ma\u00eetrise de la torr\u00e9faction de notre artisan chocolatier en Belgique.\" \/>\n<meta property=\"og:url\" content=\"https:\/\/govart.be\/fr\/produit\/morceaux-de-chocolat-noir-68-bio-et-bean-to-bar\/\" \/>\n<meta property=\"og:site_name\" content=\"Boulangerie Govart\" \/>\n<meta property=\"article:publisher\" content=\"https:\/\/www.facebook.com\/profile.php?id=61553924327203\" \/>\n<meta property=\"article:modified_time\" content=\"2026-05-13T12:09:03+00:00\" \/>\n<meta property=\"og:image\" content=\"https:\/\/govart.be\/fr\/wp-content\/uploads\/sites\/6\/2025\/11\/chocolat-bio-bean-to-bar.jpg\" \/>\n\t<meta property=\"og:image:width\" content=\"1500\" \/>\n\t<meta property=\"og:image:height\" content=\"1500\" \/>\n\t<meta property=\"og:image:type\" content=\"image\/jpeg\" \/>\n<meta name=\"twitter:card\" content=\"summary_large_image\" \/>\n<meta name=\"twitter:label1\" content=\"Dur\u00e9e de lecture estim\u00e9e\" \/>\n\t<meta name=\"twitter:data1\" content=\"2 minutes\" \/>\n<script type=\"application\/ld+json\" class=\"yoast-schema-graph\">{\"@context\":\"https:\\\/\\\/schema.org\",\"@graph\":[{\"@type\":\"WebPage\",\"@id\":\"https:\\\/\\\/govart.be\\\/fr\\\/produit\\\/morceaux-de-chocolat-noir-68-bio-et-bean-to-bar\\\/\",\"url\":\"https:\\\/\\\/govart.be\\\/fr\\\/produit\\\/morceaux-de-chocolat-noir-68-bio-et-bean-to-bar\\\/\",\"name\":\"Morceaux de chocolat noir 68% bio et bean to bar - Boulangerie Govart\",\"isPartOf\":{\"@id\":\"https:\\\/\\\/govart.be\\\/fr\\\/#website\"},\"primaryImageOfPage\":{\"@id\":\"https:\\\/\\\/govart.be\\\/fr\\\/produit\\\/morceaux-de-chocolat-noir-68-bio-et-bean-to-bar\\\/#primaryimage\"},\"image\":{\"@id\":\"https:\\\/\\\/govart.be\\\/fr\\\/produit\\\/morceaux-de-chocolat-noir-68-bio-et-bean-to-bar\\\/#primaryimage\"},\"thumbnailUrl\":\"https:\\\/\\\/govart.be\\\/fr\\\/wp-content\\\/uploads\\\/sites\\\/6\\\/2025\\\/11\\\/chocolat-bio-bean-to-bar.jpg\",\"datePublished\":\"2025-11-19T11:48:16+00:00\",\"dateModified\":\"2026-05-13T12:09:03+00:00\",\"description\":\"Du savoir-faire de l'agriculteur au P\u00e9rou pour la fermentation des f\u00e8ves \u00e0 la ma\u00eetrise de la torr\u00e9faction de notre artisan chocolatier en Belgique.\",\"breadcrumb\":{\"@id\":\"https:\\\/\\\/govart.be\\\/fr\\\/produit\\\/morceaux-de-chocolat-noir-68-bio-et-bean-to-bar\\\/#breadcrumb\"},\"inLanguage\":\"fr-FR\",\"potentialAction\":[{\"@type\":\"ReadAction\",\"target\":[\"https:\\\/\\\/govart.be\\\/fr\\\/produit\\\/morceaux-de-chocolat-noir-68-bio-et-bean-to-bar\\\/\"]}]},{\"@type\":\"ImageObject\",\"inLanguage\":\"fr-FR\",\"@id\":\"https:\\\/\\\/govart.be\\\/fr\\\/produit\\\/morceaux-de-chocolat-noir-68-bio-et-bean-to-bar\\\/#primaryimage\",\"url\":\"https:\\\/\\\/govart.be\\\/fr\\\/wp-content\\\/uploads\\\/sites\\\/6\\\/2025\\\/11\\\/chocolat-bio-bean-to-bar.jpg\",\"contentUrl\":\"https:\\\/\\\/govart.be\\\/fr\\\/wp-content\\\/uploads\\\/sites\\\/6\\\/2025\\\/11\\\/chocolat-bio-bean-to-bar.jpg\",\"width\":1500,\"height\":1500,\"caption\":\"chocolat biologique noir 68% biologique bean-to-bar.\"},{\"@type\":\"BreadcrumbList\",\"@id\":\"https:\\\/\\\/govart.be\\\/fr\\\/produit\\\/morceaux-de-chocolat-noir-68-bio-et-bean-to-bar\\\/#breadcrumb\",\"itemListElement\":[{\"@type\":\"ListItem\",\"position\":1,\"name\":\"Accueil\",\"item\":\"https:\\\/\\\/govart.be\\\/fr\\\/\"},{\"@type\":\"ListItem\",\"position\":2,\"name\":\"Boutique\",\"item\":\"https:\\\/\\\/govart.be\\\/fr\\\/boutique\\\/\"},{\"@type\":\"ListItem\",\"position\":3,\"name\":\"Morceaux de chocolat noir 68% bio et bean to bar\"}]},{\"@type\":\"WebSite\",\"@id\":\"https:\\\/\\\/govart.be\\\/fr\\\/#website\",\"url\":\"https:\\\/\\\/govart.be\\\/fr\\\/\",\"name\":\"Boulangerie Govart\",\"description\":\"Enfin du pain nutritif et r\u00e9ellement bon pour la sant\u00e9 !\",\"publisher\":{\"@id\":\"https:\\\/\\\/govart.be\\\/fr\\\/#organization\"},\"potentialAction\":[{\"@type\":\"SearchAction\",\"target\":{\"@type\":\"EntryPoint\",\"urlTemplate\":\"https:\\\/\\\/govart.be\\\/fr\\\/?s={search_term_string}\"},\"query-input\":{\"@type\":\"PropertyValueSpecification\",\"valueRequired\":true,\"valueName\":\"search_term_string\"}}],\"inLanguage\":\"fr-FR\"},{\"@type\":\"Organization\",\"@id\":\"https:\\\/\\\/govart.be\\\/fr\\\/#organization\",\"name\":\"Boulangerie Govart\",\"url\":\"https:\\\/\\\/govart.be\\\/fr\\\/\",\"logo\":{\"@type\":\"ImageObject\",\"inLanguage\":\"fr-FR\",\"@id\":\"https:\\\/\\\/govart.be\\\/fr\\\/#\\\/schema\\\/logo\\\/image\\\/\",\"url\":\"https:\\\/\\\/govart.be\\\/fr\\\/wp-content\\\/uploads\\\/sites\\\/6\\\/2024\\\/02\\\/govart-logo-yellow-1.png\",\"contentUrl\":\"https:\\\/\\\/govart.be\\\/fr\\\/wp-content\\\/uploads\\\/sites\\\/6\\\/2024\\\/02\\\/govart-logo-yellow-1.png\",\"width\":2818,\"height\":1227,\"caption\":\"Boulangerie Govart\"},\"image\":{\"@id\":\"https:\\\/\\\/govart.be\\\/fr\\\/#\\\/schema\\\/logo\\\/image\\\/\"},\"sameAs\":[\"https:\\\/\\\/www.facebook.com\\\/profile.php?id=61553924327203\",\"https:\\\/\\\/www.instagram.com\\\/govart.bakery\\\/\"]}]}<\/script>\n<!-- \/ Yoast SEO plugin. -->","yoast_head_json":{"title":"Morceaux de chocolat noir 68% bio et bean to bar - Boulangerie Govart","description":"Du savoir-faire de l'agriculteur au P\u00e9rou pour la fermentation des f\u00e8ves \u00e0 la ma\u00eetrise de la torr\u00e9faction de notre artisan chocolatier en Belgique.","robots":{"index":"index","follow":"follow","max-snippet":"max-snippet:-1","max-image-preview":"max-image-preview:large","max-video-preview":"max-video-preview:-1"},"canonical":"https:\/\/govart.be\/fr\/produit\/morceaux-de-chocolat-noir-68-bio-et-bean-to-bar\/","og_locale":"fr_FR","og_type":"article","og_title":"Morceaux de chocolat noir 68% bio et bean to bar - Boulangerie Govart","og_description":"Du savoir-faire de l'agriculteur au P\u00e9rou pour la fermentation des f\u00e8ves \u00e0 la ma\u00eetrise de la torr\u00e9faction de notre artisan chocolatier en Belgique.","og_url":"https:\/\/govart.be\/fr\/produit\/morceaux-de-chocolat-noir-68-bio-et-bean-to-bar\/","og_site_name":"Boulangerie Govart","article_publisher":"https:\/\/www.facebook.com\/profile.php?id=61553924327203","article_modified_time":"2026-05-13T12:09:03+00:00","og_image":[{"width":1500,"height":1500,"url":"https:\/\/govart.be\/fr\/wp-content\/uploads\/sites\/6\/2025\/11\/chocolat-bio-bean-to-bar.jpg","type":"image\/jpeg"}],"twitter_card":"summary_large_image","twitter_misc":{"Dur\u00e9e de lecture estim\u00e9e":"2 minutes"},"schema":{"@context":"https:\/\/schema.org","@graph":[{"@type":"WebPage","@id":"https:\/\/govart.be\/fr\/produit\/morceaux-de-chocolat-noir-68-bio-et-bean-to-bar\/","url":"https:\/\/govart.be\/fr\/produit\/morceaux-de-chocolat-noir-68-bio-et-bean-to-bar\/","name":"Morceaux de chocolat noir 68% bio et bean to bar - Boulangerie Govart","isPartOf":{"@id":"https:\/\/govart.be\/fr\/#website"},"primaryImageOfPage":{"@id":"https:\/\/govart.be\/fr\/produit\/morceaux-de-chocolat-noir-68-bio-et-bean-to-bar\/#primaryimage"},"image":{"@id":"https:\/\/govart.be\/fr\/produit\/morceaux-de-chocolat-noir-68-bio-et-bean-to-bar\/#primaryimage"},"thumbnailUrl":"https:\/\/govart.be\/fr\/wp-content\/uploads\/sites\/6\/2025\/11\/chocolat-bio-bean-to-bar.jpg","datePublished":"2025-11-19T11:48:16+00:00","dateModified":"2026-05-13T12:09:03+00:00","description":"Du savoir-faire de l'agriculteur au P\u00e9rou pour la fermentation des f\u00e8ves \u00e0 la ma\u00eetrise de la torr\u00e9faction de notre artisan chocolatier en Belgique.","breadcrumb":{"@id":"https:\/\/govart.be\/fr\/produit\/morceaux-de-chocolat-noir-68-bio-et-bean-to-bar\/#breadcrumb"},"inLanguage":"fr-FR","potentialAction":[{"@type":"ReadAction","target":["https:\/\/govart.be\/fr\/produit\/morceaux-de-chocolat-noir-68-bio-et-bean-to-bar\/"]}]},{"@type":"ImageObject","inLanguage":"fr-FR","@id":"https:\/\/govart.be\/fr\/produit\/morceaux-de-chocolat-noir-68-bio-et-bean-to-bar\/#primaryimage","url":"https:\/\/govart.be\/fr\/wp-content\/uploads\/sites\/6\/2025\/11\/chocolat-bio-bean-to-bar.jpg","contentUrl":"https:\/\/govart.be\/fr\/wp-content\/uploads\/sites\/6\/2025\/11\/chocolat-bio-bean-to-bar.jpg","width":1500,"height":1500,"caption":"chocolat biologique noir 68% biologique bean-to-bar."},{"@type":"BreadcrumbList","@id":"https:\/\/govart.be\/fr\/produit\/morceaux-de-chocolat-noir-68-bio-et-bean-to-bar\/#breadcrumb","itemListElement":[{"@type":"ListItem","position":1,"name":"Accueil","item":"https:\/\/govart.be\/fr\/"},{"@type":"ListItem","position":2,"name":"Boutique","item":"https:\/\/govart.be\/fr\/boutique\/"},{"@type":"ListItem","position":3,"name":"Morceaux de chocolat noir 68% bio et bean to bar"}]},{"@type":"WebSite","@id":"https:\/\/govart.be\/fr\/#website","url":"https:\/\/govart.be\/fr\/","name":"Boulangerie Govart","description":"Enfin du pain nutritif et r\u00e9ellement bon pour la sant\u00e9 !","publisher":{"@id":"https:\/\/govart.be\/fr\/#organization"},"potentialAction":[{"@type":"SearchAction","target":{"@type":"EntryPoint","urlTemplate":"https:\/\/govart.be\/fr\/?s={search_term_string}"},"query-input":{"@type":"PropertyValueSpecification","valueRequired":true,"valueName":"search_term_string"}}],"inLanguage":"fr-FR"},{"@type":"Organization","@id":"https:\/\/govart.be\/fr\/#organization","name":"Boulangerie Govart","url":"https:\/\/govart.be\/fr\/","logo":{"@type":"ImageObject","inLanguage":"fr-FR","@id":"https:\/\/govart.be\/fr\/#\/schema\/logo\/image\/","url":"https:\/\/govart.be\/fr\/wp-content\/uploads\/sites\/6\/2024\/02\/govart-logo-yellow-1.png","contentUrl":"https:\/\/govart.be\/fr\/wp-content\/uploads\/sites\/6\/2024\/02\/govart-logo-yellow-1.png","width":2818,"height":1227,"caption":"Boulangerie Govart"},"image":{"@id":"https:\/\/govart.be\/fr\/#\/schema\/logo\/image\/"},"sameAs":["https:\/\/www.facebook.com\/profile.php?id=61553924327203","https:\/\/www.instagram.com\/govart.bakery\/"]}]}},"jetpack_sharing_enabled":true,"_links":{"self":[{"href":"https:\/\/govart.be\/fr\/wp-json\/wp\/v2\/product\/31671","targetHints":{"allow":["GET"]}}],"collection":[{"href":"https:\/\/govart.be\/fr\/wp-json\/wp\/v2\/product"}],"about":[{"href":"https:\/\/govart.be\/fr\/wp-json\/wp\/v2\/types\/product"}],"wp:featuredmedia":[{"embeddable":true,"href":"https:\/\/govart.be\/fr\/wp-json\/wp\/v2\/media\/31673"}],"wp:attachment":[{"href":"https:\/\/govart.be\/fr\/wp-json\/wp\/v2\/media?parent=31671"}],"wp:term":[{"taxonomy":"product_brand","embeddable":true,"href":"https:\/\/govart.be\/fr\/wp-json\/wp\/v2\/product_brand?post=31671"},{"taxonomy":"product_cat","embeddable":true,"href":"https:\/\/govart.be\/fr\/wp-json\/wp\/v2\/product_cat?post=31671"},{"taxonomy":"product_tag","embeddable":true,"href":"https:\/\/govart.be\/fr\/wp-json\/wp\/v2\/product_tag?post=31671"}],"curies":[{"name":"wp","href":"https:\/\/api.w.org\/{rel}","templated":true}]}}