{"id":31602,"date":"2025-10-29T13:10:43","date_gmt":"2025-10-29T12:10:43","guid":{"rendered":"https:\/\/govart.be\/fr\/?post_type=product&#038;p=31602"},"modified":"2026-05-12T13:18:46","modified_gmt":"2026-05-12T11:18:46","slug":"pain-suedois-biologique-au-levain-naturel","status":"publish","type":"product","link":"https:\/\/govart.be\/fr\/produit\/pain-suedois-biologique-au-levain-naturel\/","title":{"rendered":"Pain su\u00e9dois biologique au levain naturel"},"content":{"rendered":"<p><strong>Pain su\u00e9dois au levain naturel &#8211; 800g.<\/strong>\u00a0 <strong>Comme tous les pains de chez Govart Bakery \u00e0 Alsemberg, notre pain est biologique au levain naturel, sans additif et sans conservateur.<\/strong> Bon pour votre sant\u00e9 et votre digestion gr\u00e2ce <strong><a href=\"https:\/\/govart.be\/fr\/2025\/05\/21\/pain-au-levain-naturel-versus-pain-au-levain-quelles-differences\/\">au levain 100% naturel fabriqu\u00e9 et nourrit par nos soins.<\/a><\/strong><\/p>\n<p><strong>Notre pain su\u00e9dois au levain naturel est fabriqu\u00e9 avec de la farine biologique de froment et de seigle moulues \u00e0 l&rsquo;ancienne \u00e0 la meule de pierre. <\/strong>Cette qualit\u00e9 d&rsquo;ingr\u00e9dients et de savoir faire produisent un pain naturellement bon pour la sant\u00e9 de votre estomac.<\/p>\n<p><strong>La farine de seigle biologique est d\u00e9j\u00e0 travaill\u00e9e le mercredi soir, le jeudi, nous assemblons la farine de seigle avec celle de froment, le levain naturel, l&rsquo;eau et le sel. Ensuite, notre pain au levain naturel va en tr\u00e8s longue fermentation pour que les levures sauvages et les bact\u00e9ries lactiques fassent leur travail de fermentation.<\/strong><\/p>\n<p>La mie de ce<strong> pain au levain naturel<\/strong> est moelleuse, go\u00fbteuse et riche en bons nutriments essentiels. Mais, <strong>surtout tr\u00e8s digeste gr\u00e2ce aux enzymes du levain naturel qui ont pr\u00e9-dig\u00e9r\u00e9 une partie du gluten pr\u00e9sent dans le bl\u00e9.<\/strong><\/p>\n<p><a href=\"https:\/\/govart.be\/fr\/composition-de-nos-pains-au-levain-naturel\/\"><strong>Composition du pain su\u00e9dois biologique au levain naturel 800g:<\/strong> <\/a>farine de froment T.80 biologique moulue sur meule de pierre, farine de seigle T.170 biologique moulue sur meule de pierre, levain naturel maison, eau, une pointe de sel. ET c&rsquo;est tout ! <strong>Garanti sans additif, sans conservateur, sans colorant et au vrai levain naturel !<\/strong><\/p>\n","protected":false},"excerpt":{"rendered":"<p><a href=\"https:\/\/govart.be\/fr\/composition-de-nos-pains-au-levain-naturel\/\"><strong>Composition du pain su\u00e9dois biologique au levain naturel 800g:<\/strong> <\/a>farine de froment T.80 biologique moulue sur meule de pierre, farine de seigle T.170 biologique moulue sur meule de pierre, levain naturel maison, eau, une pointe de sel. ET c&rsquo;est tout ! <strong>Garanti sans additif, sans conservateur et au vrai levain naturel !<\/strong><\/p>\n","protected":false},"featured_media":31934,"template":"","meta":{"_trash_the_other_posts":false,"editor_notices":[]},"product_brand":[],"product_cat":[18],"product_tag":[],"class_list":{"0":"post-31602","1":"product","2":"type-product","3":"status-publish","4":"has-post-thumbnail","6":"product_cat-pain","8":"first","9":"instock","10":"taxable","11":"shipping-taxable","12":"purchasable","13":"product-type-simple"},"yoast_head":"<!-- This site is optimized with the Yoast SEO plugin v27.6 - https:\/\/yoast.com\/product\/yoast-seo-wordpress\/ -->\n<title>Pain su\u00e9dois biologique au levain naturel - Boulangerie Govart<\/title>\n<meta name=\"description\" content=\"Pain biologique sans additif et sans conservateur. Bon pour votre sant\u00e9 et votre digestion gr\u00e2ce au levain 100% naturel fabriqu\u00e9 et nourrit par nos soins.\" \/>\n<meta name=\"robots\" content=\"index, follow, max-snippet:-1, max-image-preview:large, max-video-preview:-1\" \/>\n<link rel=\"canonical\" href=\"https:\/\/govart.be\/fr\/produit\/pain-suedois-biologique-au-levain-naturel\/\" \/>\n<meta property=\"og:locale\" content=\"fr_FR\" \/>\n<meta property=\"og:type\" content=\"article\" \/>\n<meta property=\"og:title\" content=\"Pain su\u00e9dois biologique au levain naturel - Boulangerie Govart\" \/>\n<meta property=\"og:description\" content=\"Pain biologique sans additif et sans conservateur. Bon pour votre sant\u00e9 et votre digestion gr\u00e2ce au levain 100% naturel fabriqu\u00e9 et nourrit par nos soins.\" \/>\n<meta property=\"og:url\" content=\"https:\/\/govart.be\/fr\/produit\/pain-suedois-biologique-au-levain-naturel\/\" \/>\n<meta property=\"og:site_name\" content=\"Boulangerie Govart\" \/>\n<meta property=\"article:publisher\" content=\"https:\/\/www.facebook.com\/profile.php?id=61553924327203\" \/>\n<meta property=\"article:modified_time\" content=\"2026-05-12T11:18:46+00:00\" \/>\n<meta property=\"og:image\" content=\"https:\/\/govart.be\/fr\/wp-content\/uploads\/sites\/6\/2025\/10\/suedois-levain-naturel-seigle-froment.jpg\" \/>\n\t<meta property=\"og:image:width\" content=\"1500\" \/>\n\t<meta property=\"og:image:height\" content=\"1500\" \/>\n\t<meta property=\"og:image:type\" content=\"image\/jpeg\" \/>\n<meta name=\"twitter:card\" content=\"summary_large_image\" \/>\n<meta name=\"twitter:label1\" content=\"Dur\u00e9e de lecture estim\u00e9e\" \/>\n\t<meta name=\"twitter:data1\" content=\"2 minutes\" \/>\n<script type=\"application\/ld+json\" class=\"yoast-schema-graph\">{\"@context\":\"https:\\\/\\\/schema.org\",\"@graph\":[{\"@type\":\"WebPage\",\"@id\":\"https:\\\/\\\/govart.be\\\/fr\\\/produit\\\/pain-suedois-biologique-au-levain-naturel\\\/\",\"url\":\"https:\\\/\\\/govart.be\\\/fr\\\/produit\\\/pain-suedois-biologique-au-levain-naturel\\\/\",\"name\":\"Pain su\u00e9dois biologique au levain naturel - Boulangerie Govart\",\"isPartOf\":{\"@id\":\"https:\\\/\\\/govart.be\\\/fr\\\/#website\"},\"primaryImageOfPage\":{\"@id\":\"https:\\\/\\\/govart.be\\\/fr\\\/produit\\\/pain-suedois-biologique-au-levain-naturel\\\/#primaryimage\"},\"image\":{\"@id\":\"https:\\\/\\\/govart.be\\\/fr\\\/produit\\\/pain-suedois-biologique-au-levain-naturel\\\/#primaryimage\"},\"thumbnailUrl\":\"https:\\\/\\\/govart.be\\\/fr\\\/wp-content\\\/uploads\\\/sites\\\/6\\\/2025\\\/10\\\/suedois-levain-naturel-seigle-froment.jpg\",\"datePublished\":\"2025-10-29T12:10:43+00:00\",\"dateModified\":\"2026-05-12T11:18:46+00:00\",\"description\":\"Pain biologique sans additif et sans conservateur. Bon pour votre sant\u00e9 et votre digestion gr\u00e2ce au levain 100% naturel fabriqu\u00e9 et nourrit par nos soins.\",\"breadcrumb\":{\"@id\":\"https:\\\/\\\/govart.be\\\/fr\\\/produit\\\/pain-suedois-biologique-au-levain-naturel\\\/#breadcrumb\"},\"inLanguage\":\"fr-FR\",\"potentialAction\":[{\"@type\":\"ReadAction\",\"target\":[\"https:\\\/\\\/govart.be\\\/fr\\\/produit\\\/pain-suedois-biologique-au-levain-naturel\\\/\"]}]},{\"@type\":\"ImageObject\",\"inLanguage\":\"fr-FR\",\"@id\":\"https:\\\/\\\/govart.be\\\/fr\\\/produit\\\/pain-suedois-biologique-au-levain-naturel\\\/#primaryimage\",\"url\":\"https:\\\/\\\/govart.be\\\/fr\\\/wp-content\\\/uploads\\\/sites\\\/6\\\/2025\\\/10\\\/suedois-levain-naturel-seigle-froment.jpg\",\"contentUrl\":\"https:\\\/\\\/govart.be\\\/fr\\\/wp-content\\\/uploads\\\/sites\\\/6\\\/2025\\\/10\\\/suedois-levain-naturel-seigle-froment.jpg\",\"width\":1500,\"height\":1500,\"caption\":\"pain biologique au levain naturel et farines moulues sur meules de pierre\"},{\"@type\":\"BreadcrumbList\",\"@id\":\"https:\\\/\\\/govart.be\\\/fr\\\/produit\\\/pain-suedois-biologique-au-levain-naturel\\\/#breadcrumb\",\"itemListElement\":[{\"@type\":\"ListItem\",\"position\":1,\"name\":\"Accueil\",\"item\":\"https:\\\/\\\/govart.be\\\/fr\\\/\"},{\"@type\":\"ListItem\",\"position\":2,\"name\":\"Boutique\",\"item\":\"https:\\\/\\\/govart.be\\\/fr\\\/boutique\\\/\"},{\"@type\":\"ListItem\",\"position\":3,\"name\":\"Pain su\u00e9dois biologique au levain naturel\"}]},{\"@type\":\"WebSite\",\"@id\":\"https:\\\/\\\/govart.be\\\/fr\\\/#website\",\"url\":\"https:\\\/\\\/govart.be\\\/fr\\\/\",\"name\":\"Boulangerie Govart\",\"description\":\"Enfin du pain nutritif et r\u00e9ellement bon pour la sant\u00e9 !\",\"publisher\":{\"@id\":\"https:\\\/\\\/govart.be\\\/fr\\\/#organization\"},\"potentialAction\":[{\"@type\":\"SearchAction\",\"target\":{\"@type\":\"EntryPoint\",\"urlTemplate\":\"https:\\\/\\\/govart.be\\\/fr\\\/?s={search_term_string}\"},\"query-input\":{\"@type\":\"PropertyValueSpecification\",\"valueRequired\":true,\"valueName\":\"search_term_string\"}}],\"inLanguage\":\"fr-FR\"},{\"@type\":\"Organization\",\"@id\":\"https:\\\/\\\/govart.be\\\/fr\\\/#organization\",\"name\":\"Boulangerie Govart\",\"url\":\"https:\\\/\\\/govart.be\\\/fr\\\/\",\"logo\":{\"@type\":\"ImageObject\",\"inLanguage\":\"fr-FR\",\"@id\":\"https:\\\/\\\/govart.be\\\/fr\\\/#\\\/schema\\\/logo\\\/image\\\/\",\"url\":\"https:\\\/\\\/govart.be\\\/fr\\\/wp-content\\\/uploads\\\/sites\\\/6\\\/2024\\\/02\\\/govart-logo-yellow-1.png\",\"contentUrl\":\"https:\\\/\\\/govart.be\\\/fr\\\/wp-content\\\/uploads\\\/sites\\\/6\\\/2024\\\/02\\\/govart-logo-yellow-1.png\",\"width\":2818,\"height\":1227,\"caption\":\"Boulangerie Govart\"},\"image\":{\"@id\":\"https:\\\/\\\/govart.be\\\/fr\\\/#\\\/schema\\\/logo\\\/image\\\/\"},\"sameAs\":[\"https:\\\/\\\/www.facebook.com\\\/profile.php?id=61553924327203\",\"https:\\\/\\\/www.instagram.com\\\/govart.bakery\\\/\"]}]}<\/script>\n<!-- \/ Yoast SEO plugin. -->","yoast_head_json":{"title":"Pain su\u00e9dois biologique au levain naturel - Boulangerie Govart","description":"Pain biologique sans additif et sans conservateur. Bon pour votre sant\u00e9 et votre digestion gr\u00e2ce au levain 100% naturel fabriqu\u00e9 et nourrit par nos soins.","robots":{"index":"index","follow":"follow","max-snippet":"max-snippet:-1","max-image-preview":"max-image-preview:large","max-video-preview":"max-video-preview:-1"},"canonical":"https:\/\/govart.be\/fr\/produit\/pain-suedois-biologique-au-levain-naturel\/","og_locale":"fr_FR","og_type":"article","og_title":"Pain su\u00e9dois biologique au levain naturel - Boulangerie Govart","og_description":"Pain biologique sans additif et sans conservateur. Bon pour votre sant\u00e9 et votre digestion gr\u00e2ce au levain 100% naturel fabriqu\u00e9 et nourrit par nos soins.","og_url":"https:\/\/govart.be\/fr\/produit\/pain-suedois-biologique-au-levain-naturel\/","og_site_name":"Boulangerie Govart","article_publisher":"https:\/\/www.facebook.com\/profile.php?id=61553924327203","article_modified_time":"2026-05-12T11:18:46+00:00","og_image":[{"width":1500,"height":1500,"url":"https:\/\/govart.be\/fr\/wp-content\/uploads\/sites\/6\/2025\/10\/suedois-levain-naturel-seigle-froment.jpg","type":"image\/jpeg"}],"twitter_card":"summary_large_image","twitter_misc":{"Dur\u00e9e de lecture estim\u00e9e":"2 minutes"},"schema":{"@context":"https:\/\/schema.org","@graph":[{"@type":"WebPage","@id":"https:\/\/govart.be\/fr\/produit\/pain-suedois-biologique-au-levain-naturel\/","url":"https:\/\/govart.be\/fr\/produit\/pain-suedois-biologique-au-levain-naturel\/","name":"Pain su\u00e9dois biologique au levain naturel - Boulangerie Govart","isPartOf":{"@id":"https:\/\/govart.be\/fr\/#website"},"primaryImageOfPage":{"@id":"https:\/\/govart.be\/fr\/produit\/pain-suedois-biologique-au-levain-naturel\/#primaryimage"},"image":{"@id":"https:\/\/govart.be\/fr\/produit\/pain-suedois-biologique-au-levain-naturel\/#primaryimage"},"thumbnailUrl":"https:\/\/govart.be\/fr\/wp-content\/uploads\/sites\/6\/2025\/10\/suedois-levain-naturel-seigle-froment.jpg","datePublished":"2025-10-29T12:10:43+00:00","dateModified":"2026-05-12T11:18:46+00:00","description":"Pain biologique sans additif et sans conservateur. Bon pour votre sant\u00e9 et votre digestion gr\u00e2ce au levain 100% naturel fabriqu\u00e9 et nourrit par nos soins.","breadcrumb":{"@id":"https:\/\/govart.be\/fr\/produit\/pain-suedois-biologique-au-levain-naturel\/#breadcrumb"},"inLanguage":"fr-FR","potentialAction":[{"@type":"ReadAction","target":["https:\/\/govart.be\/fr\/produit\/pain-suedois-biologique-au-levain-naturel\/"]}]},{"@type":"ImageObject","inLanguage":"fr-FR","@id":"https:\/\/govart.be\/fr\/produit\/pain-suedois-biologique-au-levain-naturel\/#primaryimage","url":"https:\/\/govart.be\/fr\/wp-content\/uploads\/sites\/6\/2025\/10\/suedois-levain-naturel-seigle-froment.jpg","contentUrl":"https:\/\/govart.be\/fr\/wp-content\/uploads\/sites\/6\/2025\/10\/suedois-levain-naturel-seigle-froment.jpg","width":1500,"height":1500,"caption":"pain biologique au levain naturel et farines moulues sur meules de pierre"},{"@type":"BreadcrumbList","@id":"https:\/\/govart.be\/fr\/produit\/pain-suedois-biologique-au-levain-naturel\/#breadcrumb","itemListElement":[{"@type":"ListItem","position":1,"name":"Accueil","item":"https:\/\/govart.be\/fr\/"},{"@type":"ListItem","position":2,"name":"Boutique","item":"https:\/\/govart.be\/fr\/boutique\/"},{"@type":"ListItem","position":3,"name":"Pain su\u00e9dois biologique au levain naturel"}]},{"@type":"WebSite","@id":"https:\/\/govart.be\/fr\/#website","url":"https:\/\/govart.be\/fr\/","name":"Boulangerie Govart","description":"Enfin du pain nutritif et r\u00e9ellement bon pour la sant\u00e9 !","publisher":{"@id":"https:\/\/govart.be\/fr\/#organization"},"potentialAction":[{"@type":"SearchAction","target":{"@type":"EntryPoint","urlTemplate":"https:\/\/govart.be\/fr\/?s={search_term_string}"},"query-input":{"@type":"PropertyValueSpecification","valueRequired":true,"valueName":"search_term_string"}}],"inLanguage":"fr-FR"},{"@type":"Organization","@id":"https:\/\/govart.be\/fr\/#organization","name":"Boulangerie Govart","url":"https:\/\/govart.be\/fr\/","logo":{"@type":"ImageObject","inLanguage":"fr-FR","@id":"https:\/\/govart.be\/fr\/#\/schema\/logo\/image\/","url":"https:\/\/govart.be\/fr\/wp-content\/uploads\/sites\/6\/2024\/02\/govart-logo-yellow-1.png","contentUrl":"https:\/\/govart.be\/fr\/wp-content\/uploads\/sites\/6\/2024\/02\/govart-logo-yellow-1.png","width":2818,"height":1227,"caption":"Boulangerie Govart"},"image":{"@id":"https:\/\/govart.be\/fr\/#\/schema\/logo\/image\/"},"sameAs":["https:\/\/www.facebook.com\/profile.php?id=61553924327203","https:\/\/www.instagram.com\/govart.bakery\/"]}]}},"jetpack_sharing_enabled":true,"_links":{"self":[{"href":"https:\/\/govart.be\/fr\/wp-json\/wp\/v2\/product\/31602","targetHints":{"allow":["GET"]}}],"collection":[{"href":"https:\/\/govart.be\/fr\/wp-json\/wp\/v2\/product"}],"about":[{"href":"https:\/\/govart.be\/fr\/wp-json\/wp\/v2\/types\/product"}],"wp:featuredmedia":[{"embeddable":true,"href":"https:\/\/govart.be\/fr\/wp-json\/wp\/v2\/media\/31934"}],"wp:attachment":[{"href":"https:\/\/govart.be\/fr\/wp-json\/wp\/v2\/media?parent=31602"}],"wp:term":[{"taxonomy":"product_brand","embeddable":true,"href":"https:\/\/govart.be\/fr\/wp-json\/wp\/v2\/product_brand?post=31602"},{"taxonomy":"product_cat","embeddable":true,"href":"https:\/\/govart.be\/fr\/wp-json\/wp\/v2\/product_cat?post=31602"},{"taxonomy":"product_tag","embeddable":true,"href":"https:\/\/govart.be\/fr\/wp-json\/wp\/v2\/product_tag?post=31602"}],"curies":[{"name":"wp","href":"https:\/\/api.w.org\/{rel}","templated":true}]}}