{"id":31183,"date":"2025-05-28T18:20:51","date_gmt":"2025-05-28T16:20:51","guid":{"rendered":"https:\/\/govart.be\/fr\/?post_type=product&#038;p=31183"},"modified":"2026-05-13T14:12:32","modified_gmt":"2026-05-13T12:12:32","slug":"feves-de-cacao-bean-to-bar","status":"publish","type":"product","link":"https:\/\/govart.be\/fr\/produit\/feves-de-cacao-bean-to-bar\/","title":{"rendered":"F\u00e8ves de cacao bean-to-bar"},"content":{"rendered":"<p><strong>Ingr\u00e9dients : 100% F\u00e8ves de cacao torr\u00e9fi\u00e9es en Beglique. Taux de cadmium mesur\u00e9 dans le chocolat d&rsquo;origine Sao Tom\u00e9 0,05mg\/kg soit 16x inf\u00e9rieur \u00e0 la limite europ\u00e9enne.<\/strong><\/p>\n<p><strong>Les f\u00e8ves de cacao sont riches en min\u00e9raux<\/strong> (notamment magn\u00e9sium, fer, potassium, cuivre et zinc) et <strong data-start=\"1037\" data-end=\"1066\">en antioxydants puissants<\/strong>, comme les <strong data-start=\"1078\" data-end=\"1093\">flavono\u00efdes<\/strong> (cat\u00e9chines, \u00e9picat\u00e9chines). Excellent alli\u00e9 de sant\u00e9 !<\/p>\n<p><strong>Ingr\u00e9dients : F\u00e8ves de cacao torr\u00e9fi\u00e9es et&#8230; c&rsquo;est tout !<\/strong><\/p>\n<p>Les f\u00e8ves de cacao sont aussi connue sous l&rsquo;appelation de <strong>nibs<\/strong> une fois qu&rsquo;elles sont cass\u00e9es en petit morceaux. Ces <strong>nibs<\/strong> peuvent \u00eatre incorpor\u00e9s dans vos granolas, dans des pr\u00e9parations de dessert pour relever les go\u00fbts et apporter des bons antioxydants.<\/p>\n<p>L\u2019une des \u00e9tapes les plus importantes, et pourtant invisibles du consommateur est<strong> la<\/strong> <strong>fermentation des f\u00e8ves de cacao.<\/strong><\/p>\n<p><strong>Les f\u00e8ves de cacao<\/strong> que nous avons s\u00e9lectionn\u00e9es proviennent de la r\u00e9gion de Sao Tom\u00e9. L\u00e0-bas, la coop\u00e9rative qui travaille avec <a href=\"https:\/\/govart.be\/fr\/govart-bakery-x-mo-chocolate\/\">Mo Chocolate<\/a> a <strong>ferment\u00e9 les f\u00e8ves de cacao<\/strong> de fa\u00e7on artisanale.<\/p>\n<p data-start=\"443\" data-end=\"961\">Une fois les cabosses ouvertes, <strong>les f\u00e8ves<\/strong> encore entour\u00e9es de leur pulpe blanche (appel\u00e9e mucilage) sont extraites puis envelopp\u00e9es dans des feuilles de bananier. Elles y restent plusieurs jours. Pendant ce temps, un ph\u00e9nom\u00e8ne naturel se d\u00e9clenche : <strong>les levures et les bact\u00e9ries pr\u00e9sentes dans l\u2019environnement commencent \u00e0 agir<\/strong>. Elles transforment les sucres du mucilage en alcool, puis en acides, ce qui provoque une mont\u00e9e progressive de la temp\u00e9rature.<\/p>\n<p data-start=\"963\" data-end=\"1266\">\u00c0 l\u2019int\u00e9rieur de la f\u00e8ve, des r\u00e9actions chimiques se mettent en place. <strong>C\u2019est l\u00e0 que naissent les pr\u00e9curseurs des ar\u00f4mes du chocolat<\/strong>. Sans fermentation, le cacao aurait un go\u00fbt amer, plat et astringent. <strong>C&rsquo;est d&rsquo;ailleurs gr\u00e2ce \u00e0 ce savoir-faire et au temps exact de fermentation que tout se joue entre la saveur d&rsquo;un chocolat artisanal et un chocolat industriel.<\/strong><\/p>\n<p>Une fois la fermentation termin\u00e9e, l<strong>es f\u00e8ves de cacao<\/strong> sont achemin\u00e9es vers la Belgique direction Bruxelles o\u00f9 se trouve l&rsquo;entreprise artisanale Mo Chocolate. L\u00e0, leur artisan chocolatier va les torr\u00e9fier pour en extraire toutes les saveurs. <strong>Riches en min\u00e9raux<\/strong> (notamment magn\u00e9sium, fer, potassium, cuivre et zinc) et <strong data-start=\"1037\" data-end=\"1066\">en antioxydants puissants<\/strong>, comme les <strong data-start=\"1078\" data-end=\"1093\">flavono\u00efdes, <\/strong>c&rsquo;est un alli\u00e9 pour une bonne sant\u00e9 !<\/p>\n<p><strong>ET le cadmium dans tout cela ? Si le taux de cadmium vous pr\u00e9occupe, sachez que nous avons demand\u00e9 \u00e0 Nao (MO Chocolate) de bien vouloir nous fournir le dernier relev\u00e9 des taux de cadmium dans leur chocolat. <\/strong><strong>Et&#8230; il est bien inf\u00e9rieur \u00e0 ce que l&rsquo;Union Europ\u00e9enne autorise comme seuil. <a href=\"file:\/\/\/Users\/nath\/Downloads\/Profils%20aromatiques,%20origines%20et%20vari%C3%A9t%C3%A9s%20MO%20Chocolate%20-%202024.pdf\">Alors, cadmium dans le chocolat, faut-il s&rsquo;en inqui\u00e9ter ?<\/a><\/strong><\/p>\n<p><strong>Taux de cadmium mesur\u00e9 dans le chocolat d&rsquo;origine Sao Tom\u00e9 0,05mg\/kg soit 16x inf\u00e9rieur \u00e0 la limite europ\u00e9enne.<\/strong><\/p>\n<p><strong>Ingr\u00e9dients : 100% F\u00e8ves de cacao torr\u00e9fi\u00e9es en Beglique.\u00a0<\/strong><\/p>\n","protected":false},"excerpt":{"rendered":"<p><strong>Ingr\u00e9dients : 100% F\u00e8ves de cacao torr\u00e9fi\u00e9es en Beglique. Taux de cadmium mesur\u00e9 dans le chocolat d&rsquo;origine Sao Tom\u00e9 0,05mg\/kg soit 16x inf\u00e9rieur \u00e0 la limite europ\u00e9enne. <\/strong>3,50\u20ac\/100g<\/p>\n","protected":false},"featured_media":31226,"template":"","meta":{"_trash_the_other_posts":false,"editor_notices":[]},"product_brand":[],"product_cat":[42],"product_tag":[],"class_list":{"0":"post-31183","1":"product","2":"type-product","3":"status-publish","4":"has-post-thumbnail","6":"product_cat-chocolat","8":"first","9":"instock","10":"taxable","11":"shipping-taxable","12":"purchasable","13":"product-type-simple"},"yoast_head":"<!-- This site is optimized with the Yoast SEO plugin v27.6 - https:\/\/yoast.com\/product\/yoast-seo-wordpress\/ -->\n<title>F\u00e8ves de cacao bean-to-bar - Boulangerie Govart<\/title>\n<meta name=\"description\" content=\"Les f\u00e8ves de cacao que nous avons s\u00e9lectionn\u00e9es proviennent de la r\u00e9gion de Sao Tom\u00e9. Elles sont riches en min\u00e9raux et en antioxydants puissants.\" \/>\n<meta name=\"robots\" content=\"index, follow, max-snippet:-1, max-image-preview:large, max-video-preview:-1\" \/>\n<link rel=\"canonical\" href=\"https:\/\/govart.be\/fr\/produit\/feves-de-cacao-bean-to-bar\/\" \/>\n<meta property=\"og:locale\" content=\"fr_FR\" \/>\n<meta property=\"og:type\" content=\"article\" \/>\n<meta property=\"og:title\" content=\"F\u00e8ves de cacao bean-to-bar - Boulangerie Govart\" \/>\n<meta property=\"og:description\" content=\"Les f\u00e8ves de cacao que nous avons s\u00e9lectionn\u00e9es proviennent de la r\u00e9gion de Sao Tom\u00e9. Elles sont riches en min\u00e9raux et en antioxydants puissants.\" \/>\n<meta property=\"og:url\" content=\"https:\/\/govart.be\/fr\/produit\/feves-de-cacao-bean-to-bar\/\" \/>\n<meta property=\"og:site_name\" content=\"Boulangerie Govart\" \/>\n<meta property=\"article:publisher\" content=\"https:\/\/www.facebook.com\/profile.php?id=61553924327203\" \/>\n<meta property=\"article:modified_time\" content=\"2026-05-13T12:12:32+00:00\" \/>\n<meta property=\"og:image\" content=\"https:\/\/govart.be\/fr\/wp-content\/uploads\/sites\/6\/2025\/05\/feves-cacao-chocolat-sao-tome.jpg\" \/>\n\t<meta property=\"og:image:width\" content=\"1500\" \/>\n\t<meta property=\"og:image:height\" content=\"1500\" \/>\n\t<meta property=\"og:image:type\" content=\"image\/jpeg\" \/>\n<meta name=\"twitter:card\" content=\"summary_large_image\" \/>\n<meta name=\"twitter:label1\" content=\"Dur\u00e9e de lecture estim\u00e9e\" \/>\n\t<meta name=\"twitter:data1\" content=\"3 minutes\" \/>\n<script type=\"application\/ld+json\" class=\"yoast-schema-graph\">{\"@context\":\"https:\\\/\\\/schema.org\",\"@graph\":[{\"@type\":\"WebPage\",\"@id\":\"https:\\\/\\\/govart.be\\\/fr\\\/produit\\\/feves-de-cacao-bean-to-bar\\\/\",\"url\":\"https:\\\/\\\/govart.be\\\/fr\\\/produit\\\/feves-de-cacao-bean-to-bar\\\/\",\"name\":\"F\u00e8ves de cacao bean-to-bar - Boulangerie Govart\",\"isPartOf\":{\"@id\":\"https:\\\/\\\/govart.be\\\/fr\\\/#website\"},\"primaryImageOfPage\":{\"@id\":\"https:\\\/\\\/govart.be\\\/fr\\\/produit\\\/feves-de-cacao-bean-to-bar\\\/#primaryimage\"},\"image\":{\"@id\":\"https:\\\/\\\/govart.be\\\/fr\\\/produit\\\/feves-de-cacao-bean-to-bar\\\/#primaryimage\"},\"thumbnailUrl\":\"https:\\\/\\\/govart.be\\\/fr\\\/wp-content\\\/uploads\\\/sites\\\/6\\\/2025\\\/05\\\/feves-cacao-chocolat-sao-tome.jpg\",\"datePublished\":\"2025-05-28T16:20:51+00:00\",\"dateModified\":\"2026-05-13T12:12:32+00:00\",\"description\":\"Les f\u00e8ves de cacao que nous avons s\u00e9lectionn\u00e9es proviennent de la r\u00e9gion de Sao Tom\u00e9. Elles sont riches en min\u00e9raux et en antioxydants puissants.\",\"breadcrumb\":{\"@id\":\"https:\\\/\\\/govart.be\\\/fr\\\/produit\\\/feves-de-cacao-bean-to-bar\\\/#breadcrumb\"},\"inLanguage\":\"fr-FR\",\"potentialAction\":[{\"@type\":\"ReadAction\",\"target\":[\"https:\\\/\\\/govart.be\\\/fr\\\/produit\\\/feves-de-cacao-bean-to-bar\\\/\"]}]},{\"@type\":\"ImageObject\",\"inLanguage\":\"fr-FR\",\"@id\":\"https:\\\/\\\/govart.be\\\/fr\\\/produit\\\/feves-de-cacao-bean-to-bar\\\/#primaryimage\",\"url\":\"https:\\\/\\\/govart.be\\\/fr\\\/wp-content\\\/uploads\\\/sites\\\/6\\\/2025\\\/05\\\/feves-cacao-chocolat-sao-tome.jpg\",\"contentUrl\":\"https:\\\/\\\/govart.be\\\/fr\\\/wp-content\\\/uploads\\\/sites\\\/6\\\/2025\\\/05\\\/feves-cacao-chocolat-sao-tome.jpg\",\"width\":1500,\"height\":1500,\"caption\":\"F\u00e8ve de cacao de sao-tom\u00e9 bean-to-bar\"},{\"@type\":\"BreadcrumbList\",\"@id\":\"https:\\\/\\\/govart.be\\\/fr\\\/produit\\\/feves-de-cacao-bean-to-bar\\\/#breadcrumb\",\"itemListElement\":[{\"@type\":\"ListItem\",\"position\":1,\"name\":\"Accueil\",\"item\":\"https:\\\/\\\/govart.be\\\/fr\\\/\"},{\"@type\":\"ListItem\",\"position\":2,\"name\":\"Boutique\",\"item\":\"https:\\\/\\\/govart.be\\\/fr\\\/boutique\\\/\"},{\"@type\":\"ListItem\",\"position\":3,\"name\":\"F\u00e8ves de cacao bean-to-bar\"}]},{\"@type\":\"WebSite\",\"@id\":\"https:\\\/\\\/govart.be\\\/fr\\\/#website\",\"url\":\"https:\\\/\\\/govart.be\\\/fr\\\/\",\"name\":\"Boulangerie Govart\",\"description\":\"Enfin du pain nutritif et r\u00e9ellement bon pour la sant\u00e9 !\",\"publisher\":{\"@id\":\"https:\\\/\\\/govart.be\\\/fr\\\/#organization\"},\"potentialAction\":[{\"@type\":\"SearchAction\",\"target\":{\"@type\":\"EntryPoint\",\"urlTemplate\":\"https:\\\/\\\/govart.be\\\/fr\\\/?s={search_term_string}\"},\"query-input\":{\"@type\":\"PropertyValueSpecification\",\"valueRequired\":true,\"valueName\":\"search_term_string\"}}],\"inLanguage\":\"fr-FR\"},{\"@type\":\"Organization\",\"@id\":\"https:\\\/\\\/govart.be\\\/fr\\\/#organization\",\"name\":\"Boulangerie Govart\",\"url\":\"https:\\\/\\\/govart.be\\\/fr\\\/\",\"logo\":{\"@type\":\"ImageObject\",\"inLanguage\":\"fr-FR\",\"@id\":\"https:\\\/\\\/govart.be\\\/fr\\\/#\\\/schema\\\/logo\\\/image\\\/\",\"url\":\"https:\\\/\\\/govart.be\\\/fr\\\/wp-content\\\/uploads\\\/sites\\\/6\\\/2024\\\/02\\\/govart-logo-yellow-1.png\",\"contentUrl\":\"https:\\\/\\\/govart.be\\\/fr\\\/wp-content\\\/uploads\\\/sites\\\/6\\\/2024\\\/02\\\/govart-logo-yellow-1.png\",\"width\":2818,\"height\":1227,\"caption\":\"Boulangerie Govart\"},\"image\":{\"@id\":\"https:\\\/\\\/govart.be\\\/fr\\\/#\\\/schema\\\/logo\\\/image\\\/\"},\"sameAs\":[\"https:\\\/\\\/www.facebook.com\\\/profile.php?id=61553924327203\",\"https:\\\/\\\/www.instagram.com\\\/govart.bakery\\\/\"]}]}<\/script>\n<!-- \/ Yoast SEO plugin. -->","yoast_head_json":{"title":"F\u00e8ves de cacao bean-to-bar - Boulangerie Govart","description":"Les f\u00e8ves de cacao que nous avons s\u00e9lectionn\u00e9es proviennent de la r\u00e9gion de Sao Tom\u00e9. Elles sont riches en min\u00e9raux et en antioxydants puissants.","robots":{"index":"index","follow":"follow","max-snippet":"max-snippet:-1","max-image-preview":"max-image-preview:large","max-video-preview":"max-video-preview:-1"},"canonical":"https:\/\/govart.be\/fr\/produit\/feves-de-cacao-bean-to-bar\/","og_locale":"fr_FR","og_type":"article","og_title":"F\u00e8ves de cacao bean-to-bar - Boulangerie Govart","og_description":"Les f\u00e8ves de cacao que nous avons s\u00e9lectionn\u00e9es proviennent de la r\u00e9gion de Sao Tom\u00e9. Elles sont riches en min\u00e9raux et en antioxydants puissants.","og_url":"https:\/\/govart.be\/fr\/produit\/feves-de-cacao-bean-to-bar\/","og_site_name":"Boulangerie Govart","article_publisher":"https:\/\/www.facebook.com\/profile.php?id=61553924327203","article_modified_time":"2026-05-13T12:12:32+00:00","og_image":[{"width":1500,"height":1500,"url":"https:\/\/govart.be\/fr\/wp-content\/uploads\/sites\/6\/2025\/05\/feves-cacao-chocolat-sao-tome.jpg","type":"image\/jpeg"}],"twitter_card":"summary_large_image","twitter_misc":{"Dur\u00e9e de lecture estim\u00e9e":"3 minutes"},"schema":{"@context":"https:\/\/schema.org","@graph":[{"@type":"WebPage","@id":"https:\/\/govart.be\/fr\/produit\/feves-de-cacao-bean-to-bar\/","url":"https:\/\/govart.be\/fr\/produit\/feves-de-cacao-bean-to-bar\/","name":"F\u00e8ves de cacao bean-to-bar - Boulangerie Govart","isPartOf":{"@id":"https:\/\/govart.be\/fr\/#website"},"primaryImageOfPage":{"@id":"https:\/\/govart.be\/fr\/produit\/feves-de-cacao-bean-to-bar\/#primaryimage"},"image":{"@id":"https:\/\/govart.be\/fr\/produit\/feves-de-cacao-bean-to-bar\/#primaryimage"},"thumbnailUrl":"https:\/\/govart.be\/fr\/wp-content\/uploads\/sites\/6\/2025\/05\/feves-cacao-chocolat-sao-tome.jpg","datePublished":"2025-05-28T16:20:51+00:00","dateModified":"2026-05-13T12:12:32+00:00","description":"Les f\u00e8ves de cacao que nous avons s\u00e9lectionn\u00e9es proviennent de la r\u00e9gion de Sao Tom\u00e9. Elles sont riches en min\u00e9raux et en antioxydants puissants.","breadcrumb":{"@id":"https:\/\/govart.be\/fr\/produit\/feves-de-cacao-bean-to-bar\/#breadcrumb"},"inLanguage":"fr-FR","potentialAction":[{"@type":"ReadAction","target":["https:\/\/govart.be\/fr\/produit\/feves-de-cacao-bean-to-bar\/"]}]},{"@type":"ImageObject","inLanguage":"fr-FR","@id":"https:\/\/govart.be\/fr\/produit\/feves-de-cacao-bean-to-bar\/#primaryimage","url":"https:\/\/govart.be\/fr\/wp-content\/uploads\/sites\/6\/2025\/05\/feves-cacao-chocolat-sao-tome.jpg","contentUrl":"https:\/\/govart.be\/fr\/wp-content\/uploads\/sites\/6\/2025\/05\/feves-cacao-chocolat-sao-tome.jpg","width":1500,"height":1500,"caption":"F\u00e8ve de cacao de sao-tom\u00e9 bean-to-bar"},{"@type":"BreadcrumbList","@id":"https:\/\/govart.be\/fr\/produit\/feves-de-cacao-bean-to-bar\/#breadcrumb","itemListElement":[{"@type":"ListItem","position":1,"name":"Accueil","item":"https:\/\/govart.be\/fr\/"},{"@type":"ListItem","position":2,"name":"Boutique","item":"https:\/\/govart.be\/fr\/boutique\/"},{"@type":"ListItem","position":3,"name":"F\u00e8ves de cacao bean-to-bar"}]},{"@type":"WebSite","@id":"https:\/\/govart.be\/fr\/#website","url":"https:\/\/govart.be\/fr\/","name":"Boulangerie Govart","description":"Enfin du pain nutritif et r\u00e9ellement bon pour la sant\u00e9 !","publisher":{"@id":"https:\/\/govart.be\/fr\/#organization"},"potentialAction":[{"@type":"SearchAction","target":{"@type":"EntryPoint","urlTemplate":"https:\/\/govart.be\/fr\/?s={search_term_string}"},"query-input":{"@type":"PropertyValueSpecification","valueRequired":true,"valueName":"search_term_string"}}],"inLanguage":"fr-FR"},{"@type":"Organization","@id":"https:\/\/govart.be\/fr\/#organization","name":"Boulangerie Govart","url":"https:\/\/govart.be\/fr\/","logo":{"@type":"ImageObject","inLanguage":"fr-FR","@id":"https:\/\/govart.be\/fr\/#\/schema\/logo\/image\/","url":"https:\/\/govart.be\/fr\/wp-content\/uploads\/sites\/6\/2024\/02\/govart-logo-yellow-1.png","contentUrl":"https:\/\/govart.be\/fr\/wp-content\/uploads\/sites\/6\/2024\/02\/govart-logo-yellow-1.png","width":2818,"height":1227,"caption":"Boulangerie Govart"},"image":{"@id":"https:\/\/govart.be\/fr\/#\/schema\/logo\/image\/"},"sameAs":["https:\/\/www.facebook.com\/profile.php?id=61553924327203","https:\/\/www.instagram.com\/govart.bakery\/"]}]}},"jetpack_sharing_enabled":true,"_links":{"self":[{"href":"https:\/\/govart.be\/fr\/wp-json\/wp\/v2\/product\/31183","targetHints":{"allow":["GET"]}}],"collection":[{"href":"https:\/\/govart.be\/fr\/wp-json\/wp\/v2\/product"}],"about":[{"href":"https:\/\/govart.be\/fr\/wp-json\/wp\/v2\/types\/product"}],"wp:featuredmedia":[{"embeddable":true,"href":"https:\/\/govart.be\/fr\/wp-json\/wp\/v2\/media\/31226"}],"wp:attachment":[{"href":"https:\/\/govart.be\/fr\/wp-json\/wp\/v2\/media?parent=31183"}],"wp:term":[{"taxonomy":"product_brand","embeddable":true,"href":"https:\/\/govart.be\/fr\/wp-json\/wp\/v2\/product_brand?post=31183"},{"taxonomy":"product_cat","embeddable":true,"href":"https:\/\/govart.be\/fr\/wp-json\/wp\/v2\/product_cat?post=31183"},{"taxonomy":"product_tag","embeddable":true,"href":"https:\/\/govart.be\/fr\/wp-json\/wp\/v2\/product_tag?post=31183"}],"curies":[{"name":"wp","href":"https:\/\/api.w.org\/{rel}","templated":true}]}}