{"id":31070,"date":"2025-04-22T14:30:00","date_gmt":"2025-04-22T12:30:00","guid":{"rendered":"https:\/\/govart.be\/fr\/?post_type=product&#038;p=31070"},"modified":"2026-05-13T14:37:49","modified_gmt":"2026-05-13T12:37:49","slug":"pain-chocolat-et-cacao-bio-au-levain-naturel","status":"publish","type":"product","link":"https:\/\/govart.be\/fr\/produit\/pain-chocolat-et-cacao-bio-au-levain-naturel\/","title":{"rendered":"Pain chocolat et cacao bio au levain naturel"},"content":{"rendered":"<p class=\"\" data-start=\"219\" data-end=\"282\"><strong data-start=\"219\" data-end=\"282\">Pain biologique au levain naturel chocolat noir bean-to-bar et cacao pur \u2013 600g<\/strong><\/p>\n<p class=\"\" data-start=\"284\" data-end=\"343\">L&rsquo;alliance parfaite entre la gourmandise et<strong data-start=\"284\" data-end=\"343\"> la tradition du pain au levain naturel.<\/strong><\/p>\n<p><strong>ET le cadmium dans tout cela ? Si le taux de cadmium vous pr\u00e9occupe, sachez que nous avons demand\u00e9 \u00e0 Nao (MO Chocolate) de bien vouloir nous fournir le dernier relev\u00e9 des taux de cadmium dans leur chocolat. <\/strong><strong>Et&#8230; il est bien inf\u00e9rieur \u00e0 ce que l&rsquo;Union Europ\u00e9enne autorise comme seuil. <a href=\"file:\/\/\/Users\/nath\/Downloads\/Profils%20aromatiques,%20origines%20et%20vari%C3%A9t%C3%A9s%20MO%20Chocolate%20-%202024.pdf\">Alors, cadmium dans le chocolat, faut-il s&rsquo;en inqui\u00e9ter ? <\/a><\/strong><\/p>\n<p><strong>Taux de cadmium mesur\u00e9 dans le chocolat bio 68% bean-to-bar utilis\u00e9 pour fabriqu\u00e9 notre pain au chocolat au levain naturel est de 0,19mg\/kg soit 4x moins que la limite europ\u00e9enne.<\/strong><\/p>\n<p class=\"\" data-start=\"345\" data-end=\"539\">Chez <strong data-start=\"350\" data-end=\"379\">Govart Bakery \u00e0 Alsemberg<\/strong>, nous continuons de faire vivre le savoir-faire ancestral de la <strong>panification au levain naturel<\/strong> avec des ingr\u00e9dients bruts, sains et respectueux de votre sant\u00e9.<\/p>\n<p data-start=\"345\" data-end=\"539\"><strong>Notre pain au levain naturel au chocolat noir bean-to-bar et cacao pur<\/strong> est fabriqu\u00e9 \u00e0 partir de <strong data-start=\"732\" data-end=\"768\">farine biologique de froment T80<\/strong>,<strong> moulue sur meules de pierre<\/strong>, \u00e0 laquelle nous avons ajout\u00e9 du <strong data-start=\"831\" data-end=\"854\">cacao pur biologique et non sucr\u00e9<\/strong> ainsi que des \u00e9clats de <strong data-start=\"872\" data-end=\"901\">chocolat noir 68% bean-to-bar originaire du Nicaragua.\u00a0<\/strong><\/p>\n<p data-start=\"345\" data-end=\"539\"><a href=\"https:\/\/govart.be\/fr\/govart-bakery-x-mo-chocolate\/\">Le chocolat et le cacao pur proviennent d&rsquo;une fabrique Belge bean-to-bar biologique et \u00e9thtique qui se nomme MO Chocolate.<\/a><\/p>\n<p data-start=\"345\" data-end=\"539\">Le r\u00e9sultat ? <strong>Notre pain au levain naturel au chocolat et cacao<\/strong> est gourmand et nourrissant. Sa cro\u00fbte est craquante et sa mie est tendre et parfum\u00e9e. Notre <strong>pain au levain naturel cacao-chocolat<\/strong> allie subtilit\u00e9 du chocolat noir artisanal et la profondeur du cacao pur. Le tout sans exc\u00e8s de sucre !<\/p>\n<p data-start=\"345\" data-end=\"539\">Points fort :<\/p>\n<ul data-start=\"894\" data-end=\"1115\">\n<li class=\"\" data-start=\"894\" data-end=\"923\">\n<p class=\"\" data-start=\"896\" data-end=\"923\">Farine pure de froment sans additif, sans conservateur, sans aucun adjuvant<\/p>\n<\/li>\n<li class=\"\" data-start=\"924\" data-end=\"962\">\n<p class=\"\" data-start=\"926\" data-end=\"962\">Levain naturel<\/p>\n<\/li>\n<li class=\"\" data-start=\"924\" data-end=\"962\">\n<p class=\"\" data-start=\"926\" data-end=\"962\">Longue fermentation de plus de 15h<\/p>\n<\/li>\n<li class=\"\" data-start=\"963\" data-end=\"988\">\n<p class=\"\" data-start=\"965\" data-end=\"988\">Teneur r\u00e9duite en sel<\/p>\n<\/li>\n<li class=\"\" data-start=\"989\" data-end=\"1034\">\n<p class=\"\" data-start=\"991\" data-end=\"1034\">Riche en fibres, min\u00e9raux et antioxydants<\/p>\n<\/li>\n<li class=\"\" data-start=\"1035\" data-end=\"1115\">\n<p class=\"\" data-start=\"1037\" data-end=\"1115\">Saveur \u00e9quilibr\u00e9e entre le go\u00fbt du levain naturel doux et l\u2019intensit\u00e9 du chocolat<\/p>\n<\/li>\n<\/ul>\n<p class=\"\" data-start=\"1117\" data-end=\"1216\">Un pain gourmand et nutritif \u00e0 la fois. <strong>Bon pour la sant\u00e9 digestive<\/strong>. \u00c0 d\u00e9guster aussi bien au petit-d\u00e9jeuner qu\u2019au go\u00fbter.<\/p>\n<p data-start=\"1117\" data-end=\"1216\"><a href=\"https:\/\/govart.be\/fr\/composition-de-nos-pains-au-levain-naturel\/\"><strong>Composition de notre pain biologique au levain naturel chocolat-cacao 600g<\/strong>\u00a0<\/a>: Farine biologique de Froment T.80 moulue sur meules de pierre, levain naturel de froment, eau, chocolat noir bio bean-to-bar 68%, cacao pur bio, sel (12g au lieu de 17g dans le circuit conventionnel), sucre. Et c\u2019est tout ! <strong data-start=\"4\" data-end=\"59\">Garanti sans additif, sans adjuvant, sans conservateur.\u00a0<\/strong><\/p>\n","protected":false},"excerpt":{"rendered":"<p><strong data-start=\"219\" data-end=\"282\">Pain biologique au levain naturel, chocolat noir bean-to-bar et cacao pur \u2013 600g : Farine biologique de Froment T.80 moulue sur meules de pierre, levain naturel de froment, eau, chocolat noir bio bean-to-bar 68%, cacao pur bio, sel (12g au lieu de 17g dans le circuit conventionnel), sucre. Et c\u2019est tout ! Garanti sans additif, sans adjuvant, sans conservateur.\u00a0<\/strong><\/p>\n","protected":false},"featured_media":31272,"template":"","meta":{"_trash_the_other_posts":false,"editor_notices":[]},"product_brand":[],"product_cat":[18],"product_tag":[],"class_list":{"0":"post-31070","1":"product","2":"type-product","3":"status-publish","4":"has-post-thumbnail","6":"product_cat-pain","8":"first","9":"instock","10":"featured","11":"taxable","12":"shipping-taxable","13":"purchasable","14":"product-type-simple"},"yoast_head":"<!-- This site is optimized with the Yoast SEO plugin v27.6 - https:\/\/yoast.com\/product\/yoast-seo-wordpress\/ -->\n<title>Pain chocolat et cacao bio au levain naturel - Boulangerie Govart<\/title>\n<meta name=\"description\" content=\"Le savoir-faire ancestral de la panification au levain naturel avec des ingr\u00e9dients bruts, sains et respectueux de votre sant\u00e9.\" \/>\n<meta name=\"robots\" content=\"index, follow, max-snippet:-1, max-image-preview:large, max-video-preview:-1\" \/>\n<link rel=\"canonical\" href=\"https:\/\/govart.be\/fr\/produit\/pain-chocolat-et-cacao-bio-au-levain-naturel\/\" \/>\n<meta property=\"og:locale\" content=\"fr_FR\" \/>\n<meta property=\"og:type\" content=\"article\" \/>\n<meta property=\"og:title\" content=\"Pain chocolat et cacao bio au levain naturel - Boulangerie Govart\" \/>\n<meta property=\"og:description\" content=\"Le savoir-faire ancestral de la panification au levain naturel avec des ingr\u00e9dients bruts, sains et respectueux de votre sant\u00e9.\" \/>\n<meta property=\"og:url\" content=\"https:\/\/govart.be\/fr\/produit\/pain-chocolat-et-cacao-bio-au-levain-naturel\/\" \/>\n<meta property=\"og:site_name\" content=\"Boulangerie Govart\" \/>\n<meta property=\"article:publisher\" content=\"https:\/\/www.facebook.com\/profile.php?id=61553924327203\" \/>\n<meta property=\"article:modified_time\" content=\"2026-05-13T12:37:49+00:00\" \/>\n<meta property=\"og:image\" content=\"https:\/\/govart.be\/fr\/wp-content\/uploads\/sites\/6\/2025\/06\/DSC_1026.jpg\" \/>\n\t<meta property=\"og:image:width\" content=\"1500\" \/>\n\t<meta property=\"og:image:height\" content=\"1500\" \/>\n\t<meta property=\"og:image:type\" content=\"image\/jpeg\" \/>\n<meta name=\"twitter:card\" content=\"summary_large_image\" \/>\n<meta name=\"twitter:label1\" content=\"Dur\u00e9e de lecture estim\u00e9e\" \/>\n\t<meta name=\"twitter:data1\" content=\"3 minutes\" \/>\n<script type=\"application\/ld+json\" class=\"yoast-schema-graph\">{\"@context\":\"https:\\\/\\\/schema.org\",\"@graph\":[{\"@type\":\"WebPage\",\"@id\":\"https:\\\/\\\/govart.be\\\/fr\\\/produit\\\/pain-chocolat-et-cacao-bio-au-levain-naturel\\\/\",\"url\":\"https:\\\/\\\/govart.be\\\/fr\\\/produit\\\/pain-chocolat-et-cacao-bio-au-levain-naturel\\\/\",\"name\":\"Pain chocolat et cacao bio au levain naturel - Boulangerie Govart\",\"isPartOf\":{\"@id\":\"https:\\\/\\\/govart.be\\\/fr\\\/#website\"},\"primaryImageOfPage\":{\"@id\":\"https:\\\/\\\/govart.be\\\/fr\\\/produit\\\/pain-chocolat-et-cacao-bio-au-levain-naturel\\\/#primaryimage\"},\"image\":{\"@id\":\"https:\\\/\\\/govart.be\\\/fr\\\/produit\\\/pain-chocolat-et-cacao-bio-au-levain-naturel\\\/#primaryimage\"},\"thumbnailUrl\":\"https:\\\/\\\/govart.be\\\/fr\\\/wp-content\\\/uploads\\\/sites\\\/6\\\/2025\\\/06\\\/DSC_1026.jpg\",\"datePublished\":\"2025-04-22T12:30:00+00:00\",\"dateModified\":\"2026-05-13T12:37:49+00:00\",\"description\":\"Le savoir-faire ancestral de la panification au levain naturel avec des ingr\u00e9dients bruts, sains et respectueux de votre sant\u00e9.\",\"breadcrumb\":{\"@id\":\"https:\\\/\\\/govart.be\\\/fr\\\/produit\\\/pain-chocolat-et-cacao-bio-au-levain-naturel\\\/#breadcrumb\"},\"inLanguage\":\"fr-FR\",\"potentialAction\":[{\"@type\":\"ReadAction\",\"target\":[\"https:\\\/\\\/govart.be\\\/fr\\\/produit\\\/pain-chocolat-et-cacao-bio-au-levain-naturel\\\/\"]}]},{\"@type\":\"ImageObject\",\"inLanguage\":\"fr-FR\",\"@id\":\"https:\\\/\\\/govart.be\\\/fr\\\/produit\\\/pain-chocolat-et-cacao-bio-au-levain-naturel\\\/#primaryimage\",\"url\":\"https:\\\/\\\/govart.be\\\/fr\\\/wp-content\\\/uploads\\\/sites\\\/6\\\/2025\\\/06\\\/DSC_1026.jpg\",\"contentUrl\":\"https:\\\/\\\/govart.be\\\/fr\\\/wp-content\\\/uploads\\\/sites\\\/6\\\/2025\\\/06\\\/DSC_1026.jpg\",\"width\":1500,\"height\":1500,\"caption\":\"Pain bio au levain naturel chocolat et cacao biologique, \u00e9thique et bean-to-bar \u00a9\"},{\"@type\":\"BreadcrumbList\",\"@id\":\"https:\\\/\\\/govart.be\\\/fr\\\/produit\\\/pain-chocolat-et-cacao-bio-au-levain-naturel\\\/#breadcrumb\",\"itemListElement\":[{\"@type\":\"ListItem\",\"position\":1,\"name\":\"Accueil\",\"item\":\"https:\\\/\\\/govart.be\\\/fr\\\/\"},{\"@type\":\"ListItem\",\"position\":2,\"name\":\"Boutique\",\"item\":\"https:\\\/\\\/govart.be\\\/fr\\\/boutique\\\/\"},{\"@type\":\"ListItem\",\"position\":3,\"name\":\"Pain chocolat et cacao bio au levain naturel\"}]},{\"@type\":\"WebSite\",\"@id\":\"https:\\\/\\\/govart.be\\\/fr\\\/#website\",\"url\":\"https:\\\/\\\/govart.be\\\/fr\\\/\",\"name\":\"Boulangerie Govart\",\"description\":\"Enfin du pain nutritif et r\u00e9ellement bon pour la sant\u00e9 !\",\"publisher\":{\"@id\":\"https:\\\/\\\/govart.be\\\/fr\\\/#organization\"},\"potentialAction\":[{\"@type\":\"SearchAction\",\"target\":{\"@type\":\"EntryPoint\",\"urlTemplate\":\"https:\\\/\\\/govart.be\\\/fr\\\/?s={search_term_string}\"},\"query-input\":{\"@type\":\"PropertyValueSpecification\",\"valueRequired\":true,\"valueName\":\"search_term_string\"}}],\"inLanguage\":\"fr-FR\"},{\"@type\":\"Organization\",\"@id\":\"https:\\\/\\\/govart.be\\\/fr\\\/#organization\",\"name\":\"Boulangerie Govart\",\"url\":\"https:\\\/\\\/govart.be\\\/fr\\\/\",\"logo\":{\"@type\":\"ImageObject\",\"inLanguage\":\"fr-FR\",\"@id\":\"https:\\\/\\\/govart.be\\\/fr\\\/#\\\/schema\\\/logo\\\/image\\\/\",\"url\":\"https:\\\/\\\/govart.be\\\/fr\\\/wp-content\\\/uploads\\\/sites\\\/6\\\/2024\\\/02\\\/govart-logo-yellow-1.png\",\"contentUrl\":\"https:\\\/\\\/govart.be\\\/fr\\\/wp-content\\\/uploads\\\/sites\\\/6\\\/2024\\\/02\\\/govart-logo-yellow-1.png\",\"width\":2818,\"height\":1227,\"caption\":\"Boulangerie Govart\"},\"image\":{\"@id\":\"https:\\\/\\\/govart.be\\\/fr\\\/#\\\/schema\\\/logo\\\/image\\\/\"},\"sameAs\":[\"https:\\\/\\\/www.facebook.com\\\/profile.php?id=61553924327203\",\"https:\\\/\\\/www.instagram.com\\\/govart.bakery\\\/\"]}]}<\/script>\n<!-- \/ Yoast SEO plugin. -->","yoast_head_json":{"title":"Pain chocolat et cacao bio au levain naturel - Boulangerie Govart","description":"Le savoir-faire ancestral de la panification au levain naturel avec des ingr\u00e9dients bruts, sains et respectueux de votre sant\u00e9.","robots":{"index":"index","follow":"follow","max-snippet":"max-snippet:-1","max-image-preview":"max-image-preview:large","max-video-preview":"max-video-preview:-1"},"canonical":"https:\/\/govart.be\/fr\/produit\/pain-chocolat-et-cacao-bio-au-levain-naturel\/","og_locale":"fr_FR","og_type":"article","og_title":"Pain chocolat et cacao bio au levain naturel - Boulangerie Govart","og_description":"Le savoir-faire ancestral de la panification au levain naturel avec des ingr\u00e9dients bruts, sains et respectueux de votre sant\u00e9.","og_url":"https:\/\/govart.be\/fr\/produit\/pain-chocolat-et-cacao-bio-au-levain-naturel\/","og_site_name":"Boulangerie Govart","article_publisher":"https:\/\/www.facebook.com\/profile.php?id=61553924327203","article_modified_time":"2026-05-13T12:37:49+00:00","og_image":[{"width":1500,"height":1500,"url":"https:\/\/govart.be\/fr\/wp-content\/uploads\/sites\/6\/2025\/06\/DSC_1026.jpg","type":"image\/jpeg"}],"twitter_card":"summary_large_image","twitter_misc":{"Dur\u00e9e de lecture estim\u00e9e":"3 minutes"},"schema":{"@context":"https:\/\/schema.org","@graph":[{"@type":"WebPage","@id":"https:\/\/govart.be\/fr\/produit\/pain-chocolat-et-cacao-bio-au-levain-naturel\/","url":"https:\/\/govart.be\/fr\/produit\/pain-chocolat-et-cacao-bio-au-levain-naturel\/","name":"Pain chocolat et cacao bio au levain naturel - Boulangerie Govart","isPartOf":{"@id":"https:\/\/govart.be\/fr\/#website"},"primaryImageOfPage":{"@id":"https:\/\/govart.be\/fr\/produit\/pain-chocolat-et-cacao-bio-au-levain-naturel\/#primaryimage"},"image":{"@id":"https:\/\/govart.be\/fr\/produit\/pain-chocolat-et-cacao-bio-au-levain-naturel\/#primaryimage"},"thumbnailUrl":"https:\/\/govart.be\/fr\/wp-content\/uploads\/sites\/6\/2025\/06\/DSC_1026.jpg","datePublished":"2025-04-22T12:30:00+00:00","dateModified":"2026-05-13T12:37:49+00:00","description":"Le savoir-faire ancestral de la panification au levain naturel avec des ingr\u00e9dients bruts, sains et respectueux de votre sant\u00e9.","breadcrumb":{"@id":"https:\/\/govart.be\/fr\/produit\/pain-chocolat-et-cacao-bio-au-levain-naturel\/#breadcrumb"},"inLanguage":"fr-FR","potentialAction":[{"@type":"ReadAction","target":["https:\/\/govart.be\/fr\/produit\/pain-chocolat-et-cacao-bio-au-levain-naturel\/"]}]},{"@type":"ImageObject","inLanguage":"fr-FR","@id":"https:\/\/govart.be\/fr\/produit\/pain-chocolat-et-cacao-bio-au-levain-naturel\/#primaryimage","url":"https:\/\/govart.be\/fr\/wp-content\/uploads\/sites\/6\/2025\/06\/DSC_1026.jpg","contentUrl":"https:\/\/govart.be\/fr\/wp-content\/uploads\/sites\/6\/2025\/06\/DSC_1026.jpg","width":1500,"height":1500,"caption":"Pain bio au levain naturel chocolat et cacao biologique, \u00e9thique et bean-to-bar \u00a9"},{"@type":"BreadcrumbList","@id":"https:\/\/govart.be\/fr\/produit\/pain-chocolat-et-cacao-bio-au-levain-naturel\/#breadcrumb","itemListElement":[{"@type":"ListItem","position":1,"name":"Accueil","item":"https:\/\/govart.be\/fr\/"},{"@type":"ListItem","position":2,"name":"Boutique","item":"https:\/\/govart.be\/fr\/boutique\/"},{"@type":"ListItem","position":3,"name":"Pain chocolat et cacao bio au levain naturel"}]},{"@type":"WebSite","@id":"https:\/\/govart.be\/fr\/#website","url":"https:\/\/govart.be\/fr\/","name":"Boulangerie Govart","description":"Enfin du pain nutritif et r\u00e9ellement bon pour la sant\u00e9 !","publisher":{"@id":"https:\/\/govart.be\/fr\/#organization"},"potentialAction":[{"@type":"SearchAction","target":{"@type":"EntryPoint","urlTemplate":"https:\/\/govart.be\/fr\/?s={search_term_string}"},"query-input":{"@type":"PropertyValueSpecification","valueRequired":true,"valueName":"search_term_string"}}],"inLanguage":"fr-FR"},{"@type":"Organization","@id":"https:\/\/govart.be\/fr\/#organization","name":"Boulangerie Govart","url":"https:\/\/govart.be\/fr\/","logo":{"@type":"ImageObject","inLanguage":"fr-FR","@id":"https:\/\/govart.be\/fr\/#\/schema\/logo\/image\/","url":"https:\/\/govart.be\/fr\/wp-content\/uploads\/sites\/6\/2024\/02\/govart-logo-yellow-1.png","contentUrl":"https:\/\/govart.be\/fr\/wp-content\/uploads\/sites\/6\/2024\/02\/govart-logo-yellow-1.png","width":2818,"height":1227,"caption":"Boulangerie Govart"},"image":{"@id":"https:\/\/govart.be\/fr\/#\/schema\/logo\/image\/"},"sameAs":["https:\/\/www.facebook.com\/profile.php?id=61553924327203","https:\/\/www.instagram.com\/govart.bakery\/"]}]}},"jetpack_sharing_enabled":true,"_links":{"self":[{"href":"https:\/\/govart.be\/fr\/wp-json\/wp\/v2\/product\/31070","targetHints":{"allow":["GET"]}}],"collection":[{"href":"https:\/\/govart.be\/fr\/wp-json\/wp\/v2\/product"}],"about":[{"href":"https:\/\/govart.be\/fr\/wp-json\/wp\/v2\/types\/product"}],"wp:featuredmedia":[{"embeddable":true,"href":"https:\/\/govart.be\/fr\/wp-json\/wp\/v2\/media\/31272"}],"wp:attachment":[{"href":"https:\/\/govart.be\/fr\/wp-json\/wp\/v2\/media?parent=31070"}],"wp:term":[{"taxonomy":"product_brand","embeddable":true,"href":"https:\/\/govart.be\/fr\/wp-json\/wp\/v2\/product_brand?post=31070"},{"taxonomy":"product_cat","embeddable":true,"href":"https:\/\/govart.be\/fr\/wp-json\/wp\/v2\/product_cat?post=31070"},{"taxonomy":"product_tag","embeddable":true,"href":"https:\/\/govart.be\/fr\/wp-json\/wp\/v2\/product_tag?post=31070"}],"curies":[{"name":"wp","href":"https:\/\/api.w.org\/{rel}","templated":true}]}}