{"id":30793,"date":"2025-02-13T15:43:19","date_gmt":"2025-02-13T14:43:19","guid":{"rendered":"https:\/\/govart.be\/fr\/?post_type=product&#038;p=30793"},"modified":"2026-05-13T22:17:30","modified_gmt":"2026-05-13T20:17:30","slug":"pain-de-campagne-bio-au-levain-naturel-600g","status":"publish","type":"product","link":"https:\/\/govart.be\/fr\/produit\/pain-de-campagne-bio-au-levain-naturel-600g\/","title":{"rendered":"Pain de campagne bio au levain naturel 600g"},"content":{"rendered":"<p data-start=\"0\" data-end=\"61\"><strong data-start=\"4\" data-end=\"59\">Pain de campagne \u00e0 la farine de froment biologique moulue \u00e0 la meule de pierre. Garanti sans additif, sans adjuvant, sans conservateur.\u00a0<\/strong><\/p>\n<p data-start=\"63\" data-end=\"313\">Notre <strong>pain de campagne au levain naturel est fabriqu\u00e9 avec du bl\u00e9 moulu \u00e0 l&rsquo;ancienne sur meules de pierre. <\/strong>Une fois moulu, le bl\u00e9 se nomme froment. Nous avons opt\u00e9 pour un <strong>froment biologique T80 pour garantir toutes les qualit\u00e9s nutritionnelles <\/strong>contenues dans l&rsquo;enveloppe et le grains du bl\u00e9 biologique. Cette technique ancestrale <strong>pr\u00e9serve les nutriments essentiels<\/strong> du bl\u00e9 et de son enveloppe.<\/p>\n<p data-start=\"63\" data-end=\"313\">Notre <strong>pain de campagne est un pain<\/strong> <strong>artisanal<\/strong> <strong>au levain naturel <\/strong>issu d&rsquo;une <strong>longue fermentation. Ce pain est parfait pour \u00e9viter les lourdeurs d&rsquo;estomac.<\/strong><\/p>\n<p data-start=\"315\" data-end=\"341\"><strong data-start=\"315\" data-end=\"339\">Chez Govart Bakery \u00e0 Alsemberg, tous nos pains sont au levain naturel avec<\/strong>\u00a0<strong data-start=\"315\" data-end=\"339\">une longue fermentation de plus de 15 heures<\/strong>. Ainsi, les levures sauvages et les bonnes bact\u00e9ries pr\u00e9-dig\u00e8rent une partie du gluten pr\u00e9sent dans le froment.<\/p>\n<p data-start=\"315\" data-end=\"341\">Le pain de <strong>campagne au levain naturel<\/strong>\u00a0a de grands avantages nutritionnels :<\/p>\n<ul data-start=\"342\" data-end=\"761\">\n<li data-start=\"342\" data-end=\"419\">Riche en fibres, il favorise une digestion harmonieuse et un bon transit.<\/li>\n<li data-start=\"420\" data-end=\"515\">Il apporte des vitamines B et E, essentielles pour l\u2019\u00e9nergie et la protection des cellules.<\/li>\n<li data-start=\"516\" data-end=\"605\">Sa richesse en min\u00e9raux comme le magn\u00e9sium et le zinc contribue au bien-\u00eatre g\u00e9n\u00e9ral.<\/li>\n<li data-start=\"606\" data-end=\"683\">Son indice glyc\u00e9mique mod\u00e9r\u00e9 permet une meilleure gestion du sucre dans le sang.<\/li>\n<li data-start=\"684\" data-end=\"761\">Naturellement antioxydant, il participe \u00e0 la protection cardiovasculaire.<\/li>\n<li data-start=\"918\" data-end=\"1043\">Farine pure non raffin\u00e9e, sans additifs issue d&rsquo;un moulin artisanal en France.<\/li>\n<li data-start=\"918\" data-end=\"1043\">Saveur authentique du levain naturel avec un go\u00fbt doux.<\/li>\n<\/ul>\n<p data-start=\"1045\" data-end=\"1113\" data-is-last-node=\"\"><a href=\"https:\/\/govart.be\/fr\/composition-de-nos-pains-au-levain-naturel\/\"><strong>Composition de notre pain de campagne biologique au levain naturel<\/strong> <strong>600g<\/strong> <\/a>: Farine biologique de Froment T.80 moulue sur meules de pierre, levain naturel de froment, eau, sel (12g au lieu de 17g dans le circuit conventionnel). Et c&rsquo;est tout ! <strong data-start=\"4\" data-end=\"59\">Garanti sans additif, sans adjuvant, sans conservateur.\u00a0<\/strong><\/p>\n","protected":false},"excerpt":{"rendered":"<p><strong>Composition de notre pain de campagne biologique au levain naturel<\/strong> <strong>600g<\/strong> <strong>(longue fermentation<\/strong> <strong>de plus de 15 heures)<\/strong>: Farine biologique de Froment T.80 moulue sur meules de pierre, levain naturel, eau, sel. Et c&rsquo;est tout ! <strong data-start=\"4\" data-end=\"59\">Garanti sans additif, sans adjuvant, sans conservateur.\u00a0<\/strong><\/p>\n","protected":false},"featured_media":31051,"template":"","meta":{"_trash_the_other_posts":false,"editor_notices":[]},"product_brand":[],"product_cat":[18],"product_tag":[],"class_list":{"0":"post-30793","1":"product","2":"type-product","3":"status-publish","4":"has-post-thumbnail","6":"product_cat-pain","8":"first","9":"instock","10":"taxable","11":"shipping-taxable","12":"purchasable","13":"product-type-simple"},"yoast_head":"<!-- This site is optimized with the Yoast SEO plugin v27.6 - https:\/\/yoast.com\/product\/yoast-seo-wordpress\/ -->\n<title>Pain de campagne bio au levain naturel 600g - Boulangerie Govart<\/title>\n<meta name=\"description\" content=\"Pain de campagne fabriqu\u00e9 avec du bl\u00e9 biologique moulu sur meules de pierre. Au levain naturel avec une longue fermentation de plus de 15 heures.\" \/>\n<meta name=\"robots\" content=\"index, follow, max-snippet:-1, max-image-preview:large, max-video-preview:-1\" \/>\n<link rel=\"canonical\" href=\"https:\/\/govart.be\/fr\/produit\/pain-de-campagne-bio-au-levain-naturel-600g\/\" \/>\n<meta property=\"og:locale\" content=\"fr_FR\" \/>\n<meta property=\"og:type\" content=\"article\" \/>\n<meta property=\"og:title\" content=\"Pain de campagne bio au levain naturel 600g - Boulangerie Govart\" \/>\n<meta property=\"og:description\" content=\"Pain de campagne fabriqu\u00e9 avec du bl\u00e9 biologique moulu sur meules de pierre. Au levain naturel avec une longue fermentation de plus de 15 heures.\" \/>\n<meta property=\"og:url\" content=\"https:\/\/govart.be\/fr\/produit\/pain-de-campagne-bio-au-levain-naturel-600g\/\" \/>\n<meta property=\"og:site_name\" content=\"Boulangerie Govart\" \/>\n<meta property=\"article:publisher\" content=\"https:\/\/www.facebook.com\/profile.php?id=61553924327203\" \/>\n<meta property=\"article:modified_time\" content=\"2026-05-13T20:17:30+00:00\" \/>\n<meta property=\"og:image\" content=\"https:\/\/govart.be\/fr\/wp-content\/uploads\/sites\/6\/2025\/02\/campagne-levain-naturel.jpg\" \/>\n\t<meta property=\"og:image:width\" content=\"1500\" \/>\n\t<meta property=\"og:image:height\" content=\"1500\" \/>\n\t<meta property=\"og:image:type\" content=\"image\/jpeg\" \/>\n<meta name=\"twitter:card\" content=\"summary_large_image\" \/>\n<meta name=\"twitter:label1\" content=\"Dur\u00e9e de lecture estim\u00e9e\" \/>\n\t<meta name=\"twitter:data1\" content=\"2 minutes\" \/>\n<script type=\"application\/ld+json\" class=\"yoast-schema-graph\">{\"@context\":\"https:\\\/\\\/schema.org\",\"@graph\":[{\"@type\":\"WebPage\",\"@id\":\"https:\\\/\\\/govart.be\\\/fr\\\/produit\\\/pain-de-campagne-bio-au-levain-naturel-600g\\\/\",\"url\":\"https:\\\/\\\/govart.be\\\/fr\\\/produit\\\/pain-de-campagne-bio-au-levain-naturel-600g\\\/\",\"name\":\"Pain de campagne bio au levain naturel 600g - Boulangerie Govart\",\"isPartOf\":{\"@id\":\"https:\\\/\\\/govart.be\\\/fr\\\/#website\"},\"primaryImageOfPage\":{\"@id\":\"https:\\\/\\\/govart.be\\\/fr\\\/produit\\\/pain-de-campagne-bio-au-levain-naturel-600g\\\/#primaryimage\"},\"image\":{\"@id\":\"https:\\\/\\\/govart.be\\\/fr\\\/produit\\\/pain-de-campagne-bio-au-levain-naturel-600g\\\/#primaryimage\"},\"thumbnailUrl\":\"https:\\\/\\\/govart.be\\\/fr\\\/wp-content\\\/uploads\\\/sites\\\/6\\\/2025\\\/02\\\/campagne-levain-naturel.jpg\",\"datePublished\":\"2025-02-13T14:43:19+00:00\",\"dateModified\":\"2026-05-13T20:17:30+00:00\",\"description\":\"Pain de campagne fabriqu\u00e9 avec du bl\u00e9 biologique moulu sur meules de pierre. Au levain naturel avec une longue fermentation de plus de 15 heures.\",\"breadcrumb\":{\"@id\":\"https:\\\/\\\/govart.be\\\/fr\\\/produit\\\/pain-de-campagne-bio-au-levain-naturel-600g\\\/#breadcrumb\"},\"inLanguage\":\"fr-FR\",\"potentialAction\":[{\"@type\":\"ReadAction\",\"target\":[\"https:\\\/\\\/govart.be\\\/fr\\\/produit\\\/pain-de-campagne-bio-au-levain-naturel-600g\\\/\"]}]},{\"@type\":\"ImageObject\",\"inLanguage\":\"fr-FR\",\"@id\":\"https:\\\/\\\/govart.be\\\/fr\\\/produit\\\/pain-de-campagne-bio-au-levain-naturel-600g\\\/#primaryimage\",\"url\":\"https:\\\/\\\/govart.be\\\/fr\\\/wp-content\\\/uploads\\\/sites\\\/6\\\/2025\\\/02\\\/campagne-levain-naturel.jpg\",\"contentUrl\":\"https:\\\/\\\/govart.be\\\/fr\\\/wp-content\\\/uploads\\\/sites\\\/6\\\/2025\\\/02\\\/campagne-levain-naturel.jpg\",\"width\":1500,\"height\":1500,\"caption\":\"Pain de campagne bio au levain naturel. Farine de froment T.80 moulue sur meules de pierre sans additif, sans conservateur.\"},{\"@type\":\"BreadcrumbList\",\"@id\":\"https:\\\/\\\/govart.be\\\/fr\\\/produit\\\/pain-de-campagne-bio-au-levain-naturel-600g\\\/#breadcrumb\",\"itemListElement\":[{\"@type\":\"ListItem\",\"position\":1,\"name\":\"Accueil\",\"item\":\"https:\\\/\\\/govart.be\\\/fr\\\/\"},{\"@type\":\"ListItem\",\"position\":2,\"name\":\"Boutique\",\"item\":\"https:\\\/\\\/govart.be\\\/fr\\\/boutique\\\/\"},{\"@type\":\"ListItem\",\"position\":3,\"name\":\"Pain de campagne bio au levain naturel 600g\"}]},{\"@type\":\"WebSite\",\"@id\":\"https:\\\/\\\/govart.be\\\/fr\\\/#website\",\"url\":\"https:\\\/\\\/govart.be\\\/fr\\\/\",\"name\":\"Boulangerie Govart\",\"description\":\"Enfin du pain nutritif et r\u00e9ellement bon pour la sant\u00e9 !\",\"publisher\":{\"@id\":\"https:\\\/\\\/govart.be\\\/fr\\\/#organization\"},\"potentialAction\":[{\"@type\":\"SearchAction\",\"target\":{\"@type\":\"EntryPoint\",\"urlTemplate\":\"https:\\\/\\\/govart.be\\\/fr\\\/?s={search_term_string}\"},\"query-input\":{\"@type\":\"PropertyValueSpecification\",\"valueRequired\":true,\"valueName\":\"search_term_string\"}}],\"inLanguage\":\"fr-FR\"},{\"@type\":\"Organization\",\"@id\":\"https:\\\/\\\/govart.be\\\/fr\\\/#organization\",\"name\":\"Boulangerie Govart\",\"url\":\"https:\\\/\\\/govart.be\\\/fr\\\/\",\"logo\":{\"@type\":\"ImageObject\",\"inLanguage\":\"fr-FR\",\"@id\":\"https:\\\/\\\/govart.be\\\/fr\\\/#\\\/schema\\\/logo\\\/image\\\/\",\"url\":\"https:\\\/\\\/govart.be\\\/fr\\\/wp-content\\\/uploads\\\/sites\\\/6\\\/2024\\\/02\\\/govart-logo-yellow-1.png\",\"contentUrl\":\"https:\\\/\\\/govart.be\\\/fr\\\/wp-content\\\/uploads\\\/sites\\\/6\\\/2024\\\/02\\\/govart-logo-yellow-1.png\",\"width\":2818,\"height\":1227,\"caption\":\"Boulangerie Govart\"},\"image\":{\"@id\":\"https:\\\/\\\/govart.be\\\/fr\\\/#\\\/schema\\\/logo\\\/image\\\/\"},\"sameAs\":[\"https:\\\/\\\/www.facebook.com\\\/profile.php?id=61553924327203\",\"https:\\\/\\\/www.instagram.com\\\/govart.bakery\\\/\"]}]}<\/script>\n<!-- \/ Yoast SEO plugin. -->","yoast_head_json":{"title":"Pain de campagne bio au levain naturel 600g - Boulangerie Govart","description":"Pain de campagne fabriqu\u00e9 avec du bl\u00e9 biologique moulu sur meules de pierre. Au levain naturel avec une longue fermentation de plus de 15 heures.","robots":{"index":"index","follow":"follow","max-snippet":"max-snippet:-1","max-image-preview":"max-image-preview:large","max-video-preview":"max-video-preview:-1"},"canonical":"https:\/\/govart.be\/fr\/produit\/pain-de-campagne-bio-au-levain-naturel-600g\/","og_locale":"fr_FR","og_type":"article","og_title":"Pain de campagne bio au levain naturel 600g - Boulangerie Govart","og_description":"Pain de campagne fabriqu\u00e9 avec du bl\u00e9 biologique moulu sur meules de pierre. Au levain naturel avec une longue fermentation de plus de 15 heures.","og_url":"https:\/\/govart.be\/fr\/produit\/pain-de-campagne-bio-au-levain-naturel-600g\/","og_site_name":"Boulangerie Govart","article_publisher":"https:\/\/www.facebook.com\/profile.php?id=61553924327203","article_modified_time":"2026-05-13T20:17:30+00:00","og_image":[{"width":1500,"height":1500,"url":"https:\/\/govart.be\/fr\/wp-content\/uploads\/sites\/6\/2025\/02\/campagne-levain-naturel.jpg","type":"image\/jpeg"}],"twitter_card":"summary_large_image","twitter_misc":{"Dur\u00e9e de lecture estim\u00e9e":"2 minutes"},"schema":{"@context":"https:\/\/schema.org","@graph":[{"@type":"WebPage","@id":"https:\/\/govart.be\/fr\/produit\/pain-de-campagne-bio-au-levain-naturel-600g\/","url":"https:\/\/govart.be\/fr\/produit\/pain-de-campagne-bio-au-levain-naturel-600g\/","name":"Pain de campagne bio au levain naturel 600g - Boulangerie Govart","isPartOf":{"@id":"https:\/\/govart.be\/fr\/#website"},"primaryImageOfPage":{"@id":"https:\/\/govart.be\/fr\/produit\/pain-de-campagne-bio-au-levain-naturel-600g\/#primaryimage"},"image":{"@id":"https:\/\/govart.be\/fr\/produit\/pain-de-campagne-bio-au-levain-naturel-600g\/#primaryimage"},"thumbnailUrl":"https:\/\/govart.be\/fr\/wp-content\/uploads\/sites\/6\/2025\/02\/campagne-levain-naturel.jpg","datePublished":"2025-02-13T14:43:19+00:00","dateModified":"2026-05-13T20:17:30+00:00","description":"Pain de campagne fabriqu\u00e9 avec du bl\u00e9 biologique moulu sur meules de pierre. Au levain naturel avec une longue fermentation de plus de 15 heures.","breadcrumb":{"@id":"https:\/\/govart.be\/fr\/produit\/pain-de-campagne-bio-au-levain-naturel-600g\/#breadcrumb"},"inLanguage":"fr-FR","potentialAction":[{"@type":"ReadAction","target":["https:\/\/govart.be\/fr\/produit\/pain-de-campagne-bio-au-levain-naturel-600g\/"]}]},{"@type":"ImageObject","inLanguage":"fr-FR","@id":"https:\/\/govart.be\/fr\/produit\/pain-de-campagne-bio-au-levain-naturel-600g\/#primaryimage","url":"https:\/\/govart.be\/fr\/wp-content\/uploads\/sites\/6\/2025\/02\/campagne-levain-naturel.jpg","contentUrl":"https:\/\/govart.be\/fr\/wp-content\/uploads\/sites\/6\/2025\/02\/campagne-levain-naturel.jpg","width":1500,"height":1500,"caption":"Pain de campagne bio au levain naturel. Farine de froment T.80 moulue sur meules de pierre sans additif, sans conservateur."},{"@type":"BreadcrumbList","@id":"https:\/\/govart.be\/fr\/produit\/pain-de-campagne-bio-au-levain-naturel-600g\/#breadcrumb","itemListElement":[{"@type":"ListItem","position":1,"name":"Accueil","item":"https:\/\/govart.be\/fr\/"},{"@type":"ListItem","position":2,"name":"Boutique","item":"https:\/\/govart.be\/fr\/boutique\/"},{"@type":"ListItem","position":3,"name":"Pain de campagne bio au levain naturel 600g"}]},{"@type":"WebSite","@id":"https:\/\/govart.be\/fr\/#website","url":"https:\/\/govart.be\/fr\/","name":"Boulangerie Govart","description":"Enfin du pain nutritif et r\u00e9ellement bon pour la sant\u00e9 !","publisher":{"@id":"https:\/\/govart.be\/fr\/#organization"},"potentialAction":[{"@type":"SearchAction","target":{"@type":"EntryPoint","urlTemplate":"https:\/\/govart.be\/fr\/?s={search_term_string}"},"query-input":{"@type":"PropertyValueSpecification","valueRequired":true,"valueName":"search_term_string"}}],"inLanguage":"fr-FR"},{"@type":"Organization","@id":"https:\/\/govart.be\/fr\/#organization","name":"Boulangerie Govart","url":"https:\/\/govart.be\/fr\/","logo":{"@type":"ImageObject","inLanguage":"fr-FR","@id":"https:\/\/govart.be\/fr\/#\/schema\/logo\/image\/","url":"https:\/\/govart.be\/fr\/wp-content\/uploads\/sites\/6\/2024\/02\/govart-logo-yellow-1.png","contentUrl":"https:\/\/govart.be\/fr\/wp-content\/uploads\/sites\/6\/2024\/02\/govart-logo-yellow-1.png","width":2818,"height":1227,"caption":"Boulangerie Govart"},"image":{"@id":"https:\/\/govart.be\/fr\/#\/schema\/logo\/image\/"},"sameAs":["https:\/\/www.facebook.com\/profile.php?id=61553924327203","https:\/\/www.instagram.com\/govart.bakery\/"]}]}},"jetpack_sharing_enabled":true,"_links":{"self":[{"href":"https:\/\/govart.be\/fr\/wp-json\/wp\/v2\/product\/30793","targetHints":{"allow":["GET"]}}],"collection":[{"href":"https:\/\/govart.be\/fr\/wp-json\/wp\/v2\/product"}],"about":[{"href":"https:\/\/govart.be\/fr\/wp-json\/wp\/v2\/types\/product"}],"wp:featuredmedia":[{"embeddable":true,"href":"https:\/\/govart.be\/fr\/wp-json\/wp\/v2\/media\/31051"}],"wp:attachment":[{"href":"https:\/\/govart.be\/fr\/wp-json\/wp\/v2\/media?parent=30793"}],"wp:term":[{"taxonomy":"product_brand","embeddable":true,"href":"https:\/\/govart.be\/fr\/wp-json\/wp\/v2\/product_brand?post=30793"},{"taxonomy":"product_cat","embeddable":true,"href":"https:\/\/govart.be\/fr\/wp-json\/wp\/v2\/product_cat?post=30793"},{"taxonomy":"product_tag","embeddable":true,"href":"https:\/\/govart.be\/fr\/wp-json\/wp\/v2\/product_tag?post=30793"}],"curies":[{"name":"wp","href":"https:\/\/api.w.org\/{rel}","templated":true}]}}