{"id":29625,"date":"2024-08-14T18:37:12","date_gmt":"2024-08-14T16:37:12","guid":{"rendered":"https:\/\/govart.be\/fr\/?post_type=product&#038;p=29625"},"modified":"2026-05-15T13:01:28","modified_gmt":"2026-05-15T11:01:28","slug":"pain-complet-bio-au-levain-naturel-son-et-graines","status":"publish","type":"product","link":"https:\/\/govart.be\/fr\/produit\/pain-complet-bio-au-levain-naturel-son-et-graines\/","title":{"rendered":"Pain complet bio au levain naturel son et graines"},"content":{"rendered":"<div><strong>Notre pain complet au levain naturel est nutritif et riche en fibres<\/strong>.<\/div>\n<div><\/div>\n<div>Notre <strong>pain complet au levain naturel<\/strong>\u00a0est fabriqu\u00e9 \u00e0 base d&rsquo;une farine de froment biologique compl\u00e8te <strong>moulue sur meules de pierre<\/strong>.<\/div>\n<div><\/div>\n<div>Nous optons pour une <strong>farine de Froment compl\u00e8te<\/strong> parce que celle-ci contient une teneur en <strong>fibres plus \u00e9lev\u00e9e. <\/strong>Les fibres permettent une\u00a0<strong>meilleure r\u00e9gulation de la glyc\u00e9mie<\/strong> en ralentissant l&rsquo;absorption des sucres. Gr\u00e2ce \u00e0 la <strong>mouture \u00e0 l&rsquo;ancienne sur meules de pierre<\/strong>, les nutriments essentiels, la vitamines B et les min\u00e9raux sont mieux pr\u00e9serv\u00e9s.<\/div>\n<div><\/div>\n<div>Nous y ajoutons <strong>du son<\/strong> pour augmenter les bienfaits d&rsquo;un <strong>apport de fibres suppl\u00e9mentaires<\/strong> dans l&rsquo;alimentation.<\/div>\n<div><\/div>\n<div>Ainsi, notre <strong>pains complet bio au levain naturel <\/strong>enrichi au son, graines de lin, tournesol et courges est riche en om\u00e9gas 3 et 6. <strong>Sa composition artisanale et nutritive permet de conserver un pic glyc\u00e9mie plus stable. Ce pain est parfait pour les personnes souffrant de diab\u00e8te.\u00a0<\/strong><\/div>\n<div><\/div>\n<div>Gr\u00e2ce \u00e0 la <strong>panification longue au levain naturel de seigle<\/strong>, notre pain est digeste et bon pour votre organisme. <strong>Garanti<\/strong> <strong>sans am\u00e9liorant, additif ou conservateur.<\/strong><\/div>\n<div><\/div>\n<div><strong>Chez Govart Bakery \u00e0 Alsemberg,<\/strong> vous avez la garantie d&rsquo;<strong>un pain nutritif\u00a0 au levain naturel <\/strong>bon pour votre sant\u00e9.<\/div>\n<div><\/div>\n<div><strong><a href=\"https:\/\/govart.be\/fr\/composition-de-nos-pains-au-levain-naturel\/\">Composition de notre pain complet bio au levain naturel, son et graines 600g<\/a>:<\/strong> Farine de froment complet T.80 biologique moulues sur meule de pierre, eau, du levain naturel de froment, son de bl\u00e9, graines de tournesol, courges et lin, sel. Et c\u2019est tout ! <strong>Le m\u00e9lange nutritif est confectionn\u00e9 par nous-m\u00eame \u00e0 l&rsquo;atelier. Garantis sans additif, adjuvant, am\u00e9liorant ou conservateur. <\/strong><\/div>\n<div><\/div>\n<div>Parce qu&rsquo;un bon pain artisanal avec des ingr\u00e9dients de hautes qualit\u00e9s se suffit \u00e0 lui-m\u00eame, <strong>nous utilisons 12g de sel plut\u00f4t que 17g<\/strong> dans le circuit conventionnel.<\/div>\n<div><\/div>\n<div><strong>Fabriqu\u00e9 au levain naturel avec une longue fermentation de plus de 15 heures.<\/strong><\/div>\n","protected":false},"excerpt":{"rendered":"<p><strong>Composition de notre pain complet bio au levain naturel, son et graines 600g (longue fermentation de plus de 15 heures):<\/strong> Farine de froment complet T.80 biologique moulues sur meule de pierre, eau, du levain naturel, son de bl\u00e9, graines de tournesol, courges et lin, sel. Et c\u2019est tout ! Le m\u00e9lange nutritif est confectionn\u00e9 par nous-m\u00eame \u00e0 l&rsquo;atelier.<strong> Garantis sans additif, adjuvant, am\u00e9liorant ou conservateur.\u00a0<\/strong><\/p>\n","protected":false},"featured_media":31050,"template":"","meta":{"_trash_the_other_posts":false,"editor_notices":[]},"product_brand":[],"product_cat":[18],"product_tag":[],"class_list":{"0":"post-29625","1":"product","2":"type-product","3":"status-publish","4":"has-post-thumbnail","6":"product_cat-pain","8":"first","9":"instock","10":"taxable","11":"shipping-taxable","12":"purchasable","13":"product-type-simple"},"yoast_head":"<!-- This site is optimized with the Yoast SEO plugin v27.6 - https:\/\/yoast.com\/product\/yoast-seo-wordpress\/ -->\n<title>Pain complet bio au levain naturel son et graines - Boulangerie Govart<\/title>\n<meta name=\"description\" content=\"Notre pain complet au levain naturel de seigle et graines est fabriqu\u00e9 \u00e0 base d&#039;une farine de froment biologique compl\u00e8te moulue sur meules de pierre.\" \/>\n<meta name=\"robots\" content=\"index, follow, max-snippet:-1, max-image-preview:large, max-video-preview:-1\" \/>\n<link rel=\"canonical\" href=\"https:\/\/govart.be\/fr\/produit\/pain-complet-bio-au-levain-naturel-son-et-graines\/\" \/>\n<meta property=\"og:locale\" content=\"fr_FR\" \/>\n<meta property=\"og:type\" content=\"article\" \/>\n<meta property=\"og:title\" content=\"Pain complet bio au levain naturel son et graines - Boulangerie Govart\" \/>\n<meta property=\"og:description\" content=\"Notre pain complet au levain naturel de seigle et graines est fabriqu\u00e9 \u00e0 base d&#039;une farine de froment biologique compl\u00e8te moulue sur meules de pierre.\" \/>\n<meta property=\"og:url\" content=\"https:\/\/govart.be\/fr\/produit\/pain-complet-bio-au-levain-naturel-son-et-graines\/\" \/>\n<meta property=\"og:site_name\" content=\"Boulangerie Govart\" \/>\n<meta property=\"article:publisher\" content=\"https:\/\/www.facebook.com\/profile.php?id=61553924327203\" \/>\n<meta property=\"article:modified_time\" content=\"2026-05-15T11:01:28+00:00\" \/>\n<meta property=\"og:image\" content=\"https:\/\/govart.be\/fr\/wp-content\/uploads\/sites\/6\/2025\/02\/complet-levain-naturel.jpg\" \/>\n\t<meta property=\"og:image:width\" content=\"1500\" \/>\n\t<meta property=\"og:image:height\" content=\"1500\" \/>\n\t<meta property=\"og:image:type\" content=\"image\/jpeg\" \/>\n<meta name=\"twitter:card\" content=\"summary_large_image\" \/>\n<meta name=\"twitter:label1\" content=\"Dur\u00e9e de lecture estim\u00e9e\" \/>\n\t<meta name=\"twitter:data1\" content=\"2 minutes\" \/>\n<script type=\"application\/ld+json\" class=\"yoast-schema-graph\">{\"@context\":\"https:\\\/\\\/schema.org\",\"@graph\":[{\"@type\":\"WebPage\",\"@id\":\"https:\\\/\\\/govart.be\\\/fr\\\/produit\\\/pain-complet-bio-au-levain-naturel-son-et-graines\\\/\",\"url\":\"https:\\\/\\\/govart.be\\\/fr\\\/produit\\\/pain-complet-bio-au-levain-naturel-son-et-graines\\\/\",\"name\":\"Pain complet bio au levain naturel son et graines - Boulangerie Govart\",\"isPartOf\":{\"@id\":\"https:\\\/\\\/govart.be\\\/fr\\\/#website\"},\"primaryImageOfPage\":{\"@id\":\"https:\\\/\\\/govart.be\\\/fr\\\/produit\\\/pain-complet-bio-au-levain-naturel-son-et-graines\\\/#primaryimage\"},\"image\":{\"@id\":\"https:\\\/\\\/govart.be\\\/fr\\\/produit\\\/pain-complet-bio-au-levain-naturel-son-et-graines\\\/#primaryimage\"},\"thumbnailUrl\":\"https:\\\/\\\/govart.be\\\/fr\\\/wp-content\\\/uploads\\\/sites\\\/6\\\/2025\\\/02\\\/complet-levain-naturel.jpg\",\"datePublished\":\"2024-08-14T16:37:12+00:00\",\"dateModified\":\"2026-05-15T11:01:28+00:00\",\"description\":\"Notre pain complet au levain naturel de seigle et graines est fabriqu\u00e9 \u00e0 base d'une farine de froment biologique compl\u00e8te moulue sur meules de pierre.\",\"breadcrumb\":{\"@id\":\"https:\\\/\\\/govart.be\\\/fr\\\/produit\\\/pain-complet-bio-au-levain-naturel-son-et-graines\\\/#breadcrumb\"},\"inLanguage\":\"fr-FR\",\"potentialAction\":[{\"@type\":\"ReadAction\",\"target\":[\"https:\\\/\\\/govart.be\\\/fr\\\/produit\\\/pain-complet-bio-au-levain-naturel-son-et-graines\\\/\"]}]},{\"@type\":\"ImageObject\",\"inLanguage\":\"fr-FR\",\"@id\":\"https:\\\/\\\/govart.be\\\/fr\\\/produit\\\/pain-complet-bio-au-levain-naturel-son-et-graines\\\/#primaryimage\",\"url\":\"https:\\\/\\\/govart.be\\\/fr\\\/wp-content\\\/uploads\\\/sites\\\/6\\\/2025\\\/02\\\/complet-levain-naturel.jpg\",\"contentUrl\":\"https:\\\/\\\/govart.be\\\/fr\\\/wp-content\\\/uploads\\\/sites\\\/6\\\/2025\\\/02\\\/complet-levain-naturel.jpg\",\"width\":1500,\"height\":1500,\"caption\":\"pain complet bio au levain naturel son et graines om\u00e9ga-3. Farine biologique moulue sur meule de pierre. Sans additif, sans conservateur\"},{\"@type\":\"BreadcrumbList\",\"@id\":\"https:\\\/\\\/govart.be\\\/fr\\\/produit\\\/pain-complet-bio-au-levain-naturel-son-et-graines\\\/#breadcrumb\",\"itemListElement\":[{\"@type\":\"ListItem\",\"position\":1,\"name\":\"Accueil\",\"item\":\"https:\\\/\\\/govart.be\\\/fr\\\/\"},{\"@type\":\"ListItem\",\"position\":2,\"name\":\"Boutique\",\"item\":\"https:\\\/\\\/govart.be\\\/fr\\\/boutique\\\/\"},{\"@type\":\"ListItem\",\"position\":3,\"name\":\"Pain complet bio au levain naturel son et graines\"}]},{\"@type\":\"WebSite\",\"@id\":\"https:\\\/\\\/govart.be\\\/fr\\\/#website\",\"url\":\"https:\\\/\\\/govart.be\\\/fr\\\/\",\"name\":\"Boulangerie Govart\",\"description\":\"Enfin du pain nutritif et r\u00e9ellement bon pour la sant\u00e9 !\",\"publisher\":{\"@id\":\"https:\\\/\\\/govart.be\\\/fr\\\/#organization\"},\"potentialAction\":[{\"@type\":\"SearchAction\",\"target\":{\"@type\":\"EntryPoint\",\"urlTemplate\":\"https:\\\/\\\/govart.be\\\/fr\\\/?s={search_term_string}\"},\"query-input\":{\"@type\":\"PropertyValueSpecification\",\"valueRequired\":true,\"valueName\":\"search_term_string\"}}],\"inLanguage\":\"fr-FR\"},{\"@type\":\"Organization\",\"@id\":\"https:\\\/\\\/govart.be\\\/fr\\\/#organization\",\"name\":\"Boulangerie Govart\",\"url\":\"https:\\\/\\\/govart.be\\\/fr\\\/\",\"logo\":{\"@type\":\"ImageObject\",\"inLanguage\":\"fr-FR\",\"@id\":\"https:\\\/\\\/govart.be\\\/fr\\\/#\\\/schema\\\/logo\\\/image\\\/\",\"url\":\"https:\\\/\\\/govart.be\\\/fr\\\/wp-content\\\/uploads\\\/sites\\\/6\\\/2024\\\/02\\\/govart-logo-yellow-1.png\",\"contentUrl\":\"https:\\\/\\\/govart.be\\\/fr\\\/wp-content\\\/uploads\\\/sites\\\/6\\\/2024\\\/02\\\/govart-logo-yellow-1.png\",\"width\":2818,\"height\":1227,\"caption\":\"Boulangerie Govart\"},\"image\":{\"@id\":\"https:\\\/\\\/govart.be\\\/fr\\\/#\\\/schema\\\/logo\\\/image\\\/\"},\"sameAs\":[\"https:\\\/\\\/www.facebook.com\\\/profile.php?id=61553924327203\",\"https:\\\/\\\/www.instagram.com\\\/govart.bakery\\\/\"]}]}<\/script>\n<!-- \/ Yoast SEO plugin. -->","yoast_head_json":{"title":"Pain complet bio au levain naturel son et graines - Boulangerie Govart","description":"Notre pain complet au levain naturel de seigle et graines est fabriqu\u00e9 \u00e0 base d'une farine de froment biologique compl\u00e8te moulue sur meules de pierre.","robots":{"index":"index","follow":"follow","max-snippet":"max-snippet:-1","max-image-preview":"max-image-preview:large","max-video-preview":"max-video-preview:-1"},"canonical":"https:\/\/govart.be\/fr\/produit\/pain-complet-bio-au-levain-naturel-son-et-graines\/","og_locale":"fr_FR","og_type":"article","og_title":"Pain complet bio au levain naturel son et graines - Boulangerie Govart","og_description":"Notre pain complet au levain naturel de seigle et graines est fabriqu\u00e9 \u00e0 base d'une farine de froment biologique compl\u00e8te moulue sur meules de pierre.","og_url":"https:\/\/govart.be\/fr\/produit\/pain-complet-bio-au-levain-naturel-son-et-graines\/","og_site_name":"Boulangerie Govart","article_publisher":"https:\/\/www.facebook.com\/profile.php?id=61553924327203","article_modified_time":"2026-05-15T11:01:28+00:00","og_image":[{"width":1500,"height":1500,"url":"https:\/\/govart.be\/fr\/wp-content\/uploads\/sites\/6\/2025\/02\/complet-levain-naturel.jpg","type":"image\/jpeg"}],"twitter_card":"summary_large_image","twitter_misc":{"Dur\u00e9e de lecture estim\u00e9e":"2 minutes"},"schema":{"@context":"https:\/\/schema.org","@graph":[{"@type":"WebPage","@id":"https:\/\/govart.be\/fr\/produit\/pain-complet-bio-au-levain-naturel-son-et-graines\/","url":"https:\/\/govart.be\/fr\/produit\/pain-complet-bio-au-levain-naturel-son-et-graines\/","name":"Pain complet bio au levain naturel son et graines - Boulangerie Govart","isPartOf":{"@id":"https:\/\/govart.be\/fr\/#website"},"primaryImageOfPage":{"@id":"https:\/\/govart.be\/fr\/produit\/pain-complet-bio-au-levain-naturel-son-et-graines\/#primaryimage"},"image":{"@id":"https:\/\/govart.be\/fr\/produit\/pain-complet-bio-au-levain-naturel-son-et-graines\/#primaryimage"},"thumbnailUrl":"https:\/\/govart.be\/fr\/wp-content\/uploads\/sites\/6\/2025\/02\/complet-levain-naturel.jpg","datePublished":"2024-08-14T16:37:12+00:00","dateModified":"2026-05-15T11:01:28+00:00","description":"Notre pain complet au levain naturel de seigle et graines est fabriqu\u00e9 \u00e0 base d'une farine de froment biologique compl\u00e8te moulue sur meules de pierre.","breadcrumb":{"@id":"https:\/\/govart.be\/fr\/produit\/pain-complet-bio-au-levain-naturel-son-et-graines\/#breadcrumb"},"inLanguage":"fr-FR","potentialAction":[{"@type":"ReadAction","target":["https:\/\/govart.be\/fr\/produit\/pain-complet-bio-au-levain-naturel-son-et-graines\/"]}]},{"@type":"ImageObject","inLanguage":"fr-FR","@id":"https:\/\/govart.be\/fr\/produit\/pain-complet-bio-au-levain-naturel-son-et-graines\/#primaryimage","url":"https:\/\/govart.be\/fr\/wp-content\/uploads\/sites\/6\/2025\/02\/complet-levain-naturel.jpg","contentUrl":"https:\/\/govart.be\/fr\/wp-content\/uploads\/sites\/6\/2025\/02\/complet-levain-naturel.jpg","width":1500,"height":1500,"caption":"pain complet bio au levain naturel son et graines om\u00e9ga-3. Farine biologique moulue sur meule de pierre. Sans additif, sans conservateur"},{"@type":"BreadcrumbList","@id":"https:\/\/govart.be\/fr\/produit\/pain-complet-bio-au-levain-naturel-son-et-graines\/#breadcrumb","itemListElement":[{"@type":"ListItem","position":1,"name":"Accueil","item":"https:\/\/govart.be\/fr\/"},{"@type":"ListItem","position":2,"name":"Boutique","item":"https:\/\/govart.be\/fr\/boutique\/"},{"@type":"ListItem","position":3,"name":"Pain complet bio au levain naturel son et graines"}]},{"@type":"WebSite","@id":"https:\/\/govart.be\/fr\/#website","url":"https:\/\/govart.be\/fr\/","name":"Boulangerie Govart","description":"Enfin du pain nutritif et r\u00e9ellement bon pour la sant\u00e9 !","publisher":{"@id":"https:\/\/govart.be\/fr\/#organization"},"potentialAction":[{"@type":"SearchAction","target":{"@type":"EntryPoint","urlTemplate":"https:\/\/govart.be\/fr\/?s={search_term_string}"},"query-input":{"@type":"PropertyValueSpecification","valueRequired":true,"valueName":"search_term_string"}}],"inLanguage":"fr-FR"},{"@type":"Organization","@id":"https:\/\/govart.be\/fr\/#organization","name":"Boulangerie Govart","url":"https:\/\/govart.be\/fr\/","logo":{"@type":"ImageObject","inLanguage":"fr-FR","@id":"https:\/\/govart.be\/fr\/#\/schema\/logo\/image\/","url":"https:\/\/govart.be\/fr\/wp-content\/uploads\/sites\/6\/2024\/02\/govart-logo-yellow-1.png","contentUrl":"https:\/\/govart.be\/fr\/wp-content\/uploads\/sites\/6\/2024\/02\/govart-logo-yellow-1.png","width":2818,"height":1227,"caption":"Boulangerie Govart"},"image":{"@id":"https:\/\/govart.be\/fr\/#\/schema\/logo\/image\/"},"sameAs":["https:\/\/www.facebook.com\/profile.php?id=61553924327203","https:\/\/www.instagram.com\/govart.bakery\/"]}]}},"jetpack_sharing_enabled":true,"_links":{"self":[{"href":"https:\/\/govart.be\/fr\/wp-json\/wp\/v2\/product\/29625","targetHints":{"allow":["GET"]}}],"collection":[{"href":"https:\/\/govart.be\/fr\/wp-json\/wp\/v2\/product"}],"about":[{"href":"https:\/\/govart.be\/fr\/wp-json\/wp\/v2\/types\/product"}],"wp:featuredmedia":[{"embeddable":true,"href":"https:\/\/govart.be\/fr\/wp-json\/wp\/v2\/media\/31050"}],"wp:attachment":[{"href":"https:\/\/govart.be\/fr\/wp-json\/wp\/v2\/media?parent=29625"}],"wp:term":[{"taxonomy":"product_brand","embeddable":true,"href":"https:\/\/govart.be\/fr\/wp-json\/wp\/v2\/product_brand?post=29625"},{"taxonomy":"product_cat","embeddable":true,"href":"https:\/\/govart.be\/fr\/wp-json\/wp\/v2\/product_cat?post=29625"},{"taxonomy":"product_tag","embeddable":true,"href":"https:\/\/govart.be\/fr\/wp-json\/wp\/v2\/product_tag?post=29625"}],"curies":[{"name":"wp","href":"https:\/\/api.w.org\/{rel}","templated":true}]}}