{"id":29406,"date":"2024-07-17T13:45:26","date_gmt":"2024-07-17T11:45:26","guid":{"rendered":"https:\/\/govart.be\/fr\/?post_type=product&#038;p=29406"},"modified":"2026-05-15T13:01:50","modified_gmt":"2026-05-15T11:01:50","slug":"pain-de-seigle-epeautre-bio-au-levain-naturel-800g","status":"publish","type":"product","link":"https:\/\/govart.be\/fr\/produit\/pain-de-seigle-epeautre-bio-au-levain-naturel-800g\/","title":{"rendered":"Pain de seigle-\u00e9peautre bio au levain naturel 800g"},"content":{"rendered":"<p><strong>Notre pain de seigle-\u00e9peautre est panifi\u00e9 \u00e0 la farine biologique moulue sur meules de pierre et au levain naturel.\u00a0<\/strong><\/p>\n<p>Le seigle et l&rsquo;\u00e9peautre sont deux c\u00e9r\u00e9ales anciennes naturellement <strong>pauvre en gluten<\/strong>. Gr\u00e2ce \u00e0 une <strong>longue fermentation de plus de 15h<\/strong>, la composition de notre pain de <strong>seigle-\u00e9peautre au levain naturel<\/strong> est nutritive, digeste et <strong>tr\u00e8s<\/strong> <strong>pauvre en gluten<\/strong>. Sa\u00a0texture est dense et compact.<\/p>\n<p><strong>Chez Govart Bakery \u00e0 Alsemberg, le pain de seigle-\u00e9peautre biologique au levain naturel est garanti sans additif, am\u00e9liorant ou conservateur !\u00a0<\/strong><\/p>\n<p>Notre pain de <strong>seigle \u00e0 l&rsquo;\u00e9peautre et au levain naturel<\/strong> est votre alli\u00e9 pour des repas \u00e9quilibr\u00e9s, nutritifs. Ce sont deux <strong>farines anciennes<\/strong> qui poss\u00e8dent un gluten diff\u00e9rents que celui du bl\u00e9. <strong>Ce pain est parfait pour les intol\u00e9rants au gluten.<\/strong><\/p>\n<ul>\n<li>La<strong> farine de seigle compl\u00e8te<\/strong> <strong>est riche en fibres<\/strong>, en antioxydants et en min\u00e9raux. <strong>Tr\u00e8s pauvre en gluten.<\/strong><\/li>\n<li>La <strong>farine d&rsquo;\u00e9peautre<\/strong> <strong>est une alternative nutritive au bl\u00e9<\/strong> et contient un gluten plus digeste. <strong>Pauvre en gluten<\/strong><\/li>\n<\/ul>\n<p>Dans certaines r\u00e9gions, le pain artisanal fabriqu\u00e9 \u00e0 partir de deux farines anciennes est appel\u00e9 \u00ab pain de m\u00e9teil \u00bb.<\/p>\n<p>Toutes nos farines proviennent d&rsquo;un <strong>moulin artisanal<\/strong> en France qui moud<strong>\u00a0sur meules de pierre. <\/strong>\u00a0Cette technique ancestrale, vous garanti la conservation de tous les nutriments essentiels.<\/p>\n<p><strong><a href=\"https:\/\/govart.be\/fr\/composition-de-nos-pains-au-levain-naturel\/\">Composition de notre pain seigle complet \u00e0 l&rsquo;\u00e9peautre et au levain naturel <\/a>: <\/strong>Farines de seigle et d&rsquo;\u00e9peautre biologiques compl\u00e8tes T.130 moulues sur meule de pierre, eau, levain naturel, sel. Et c&rsquo;est tout ! <strong>Garanti sans adjuvant, sans conservateur, sans additif.<\/strong><\/p>\n<p>Nous utilisons 12g de sel plut\u00f4t que 17g dans le circuit conventionnel. Parce qu&rsquo;un bon pain artisanal avec des ingr\u00e9dients de hautes qualit\u00e9s se suffit \u00e0 lui-m\u00eame.<\/p>\n<p><strong>Fabriqu\u00e9 au levain naturel avec une longue fermentation de plus de 15 heures. <\/strong><\/p>\n","protected":false},"excerpt":{"rendered":"<p><strong>Composition de notre pain seigle complet au levain naturel (longue fermentation de plus de 15 heures): <\/strong>Farines de seigle biologique compl\u00e8te T.130 moulue sur meule de pierre, eau, levain de seigle, sel de Gu\u00e9rande. Et c&rsquo;est tout ! <strong>Garanti sans adjuvant, sans conservateur, sans additif.\u00a0<\/strong><\/p>\n","protected":false},"featured_media":30902,"template":"","meta":{"_trash_the_other_posts":false,"editor_notices":[]},"product_brand":[],"product_cat":[18],"product_tag":[],"class_list":{"0":"post-29406","1":"product","2":"type-product","3":"status-publish","4":"has-post-thumbnail","6":"product_cat-pain","8":"first","9":"instock","10":"taxable","11":"shipping-taxable","12":"purchasable","13":"product-type-simple"},"yoast_head":"<!-- This site is optimized with the Yoast SEO plugin v27.6 - https:\/\/yoast.com\/product\/yoast-seo-wordpress\/ -->\n<title>Pain de seigle-\u00e9peautre bio au levain naturel 800g - Boulangerie Govart<\/title>\n<meta name=\"description\" content=\"Notre pain d&#039;\u00e9peautre et seigle \u00e0 la farine biologique moulue \u00e0 l&#039;ancienne est fabriqu\u00e9 au levain naturel avec une fermentation longue. Pauvre en gluten.\" \/>\n<meta name=\"robots\" content=\"index, follow, max-snippet:-1, max-image-preview:large, max-video-preview:-1\" \/>\n<link rel=\"canonical\" href=\"https:\/\/govart.be\/fr\/produit\/pain-de-seigle-epeautre-bio-au-levain-naturel-800g\/\" \/>\n<meta property=\"og:locale\" content=\"fr_FR\" \/>\n<meta property=\"og:type\" content=\"article\" \/>\n<meta property=\"og:title\" content=\"Pain de seigle-\u00e9peautre bio au levain naturel 800g - Boulangerie Govart\" \/>\n<meta property=\"og:description\" content=\"Notre pain d&#039;\u00e9peautre et seigle \u00e0 la farine biologique moulue \u00e0 l&#039;ancienne est fabriqu\u00e9 au levain naturel avec une fermentation longue. Pauvre en gluten.\" \/>\n<meta property=\"og:url\" content=\"https:\/\/govart.be\/fr\/produit\/pain-de-seigle-epeautre-bio-au-levain-naturel-800g\/\" \/>\n<meta property=\"og:site_name\" content=\"Boulangerie Govart\" \/>\n<meta property=\"article:publisher\" content=\"https:\/\/www.facebook.com\/profile.php?id=61553924327203\" \/>\n<meta property=\"article:modified_time\" content=\"2026-05-15T11:01:50+00:00\" \/>\n<meta property=\"og:image\" content=\"https:\/\/govart.be\/fr\/wp-content\/uploads\/sites\/6\/2025\/02\/DSC_0390.jpg\" \/>\n\t<meta property=\"og:image:width\" content=\"1500\" \/>\n\t<meta property=\"og:image:height\" content=\"1500\" \/>\n\t<meta property=\"og:image:type\" content=\"image\/jpeg\" \/>\n<meta name=\"twitter:card\" content=\"summary_large_image\" \/>\n<meta name=\"twitter:label1\" content=\"Dur\u00e9e de lecture estim\u00e9e\" \/>\n\t<meta name=\"twitter:data1\" content=\"2 minutes\" \/>\n<script type=\"application\/ld+json\" class=\"yoast-schema-graph\">{\"@context\":\"https:\\\/\\\/schema.org\",\"@graph\":[{\"@type\":\"WebPage\",\"@id\":\"https:\\\/\\\/govart.be\\\/fr\\\/produit\\\/pain-de-seigle-epeautre-bio-au-levain-naturel-800g\\\/\",\"url\":\"https:\\\/\\\/govart.be\\\/fr\\\/produit\\\/pain-de-seigle-epeautre-bio-au-levain-naturel-800g\\\/\",\"name\":\"Pain de seigle-\u00e9peautre bio au levain naturel 800g - Boulangerie Govart\",\"isPartOf\":{\"@id\":\"https:\\\/\\\/govart.be\\\/fr\\\/#website\"},\"primaryImageOfPage\":{\"@id\":\"https:\\\/\\\/govart.be\\\/fr\\\/produit\\\/pain-de-seigle-epeautre-bio-au-levain-naturel-800g\\\/#primaryimage\"},\"image\":{\"@id\":\"https:\\\/\\\/govart.be\\\/fr\\\/produit\\\/pain-de-seigle-epeautre-bio-au-levain-naturel-800g\\\/#primaryimage\"},\"thumbnailUrl\":\"https:\\\/\\\/govart.be\\\/fr\\\/wp-content\\\/uploads\\\/sites\\\/6\\\/2025\\\/02\\\/DSC_0390.jpg\",\"datePublished\":\"2024-07-17T11:45:26+00:00\",\"dateModified\":\"2026-05-15T11:01:50+00:00\",\"description\":\"Notre pain d'\u00e9peautre et seigle \u00e0 la farine biologique moulue \u00e0 l'ancienne est fabriqu\u00e9 au levain naturel avec une fermentation longue. Pauvre en gluten.\",\"breadcrumb\":{\"@id\":\"https:\\\/\\\/govart.be\\\/fr\\\/produit\\\/pain-de-seigle-epeautre-bio-au-levain-naturel-800g\\\/#breadcrumb\"},\"inLanguage\":\"fr-FR\",\"potentialAction\":[{\"@type\":\"ReadAction\",\"target\":[\"https:\\\/\\\/govart.be\\\/fr\\\/produit\\\/pain-de-seigle-epeautre-bio-au-levain-naturel-800g\\\/\"]}]},{\"@type\":\"ImageObject\",\"inLanguage\":\"fr-FR\",\"@id\":\"https:\\\/\\\/govart.be\\\/fr\\\/produit\\\/pain-de-seigle-epeautre-bio-au-levain-naturel-800g\\\/#primaryimage\",\"url\":\"https:\\\/\\\/govart.be\\\/fr\\\/wp-content\\\/uploads\\\/sites\\\/6\\\/2025\\\/02\\\/DSC_0390.jpg\",\"contentUrl\":\"https:\\\/\\\/govart.be\\\/fr\\\/wp-content\\\/uploads\\\/sites\\\/6\\\/2025\\\/02\\\/DSC_0390.jpg\",\"width\":1500,\"height\":1500,\"caption\":\"Photo de notre pain de seigle-\u00e9peautre au levain naturel\u00a9\"},{\"@type\":\"BreadcrumbList\",\"@id\":\"https:\\\/\\\/govart.be\\\/fr\\\/produit\\\/pain-de-seigle-epeautre-bio-au-levain-naturel-800g\\\/#breadcrumb\",\"itemListElement\":[{\"@type\":\"ListItem\",\"position\":1,\"name\":\"Accueil\",\"item\":\"https:\\\/\\\/govart.be\\\/fr\\\/\"},{\"@type\":\"ListItem\",\"position\":2,\"name\":\"Boutique\",\"item\":\"https:\\\/\\\/govart.be\\\/fr\\\/boutique\\\/\"},{\"@type\":\"ListItem\",\"position\":3,\"name\":\"Pain de seigle-\u00e9peautre bio au levain naturel 800g\"}]},{\"@type\":\"WebSite\",\"@id\":\"https:\\\/\\\/govart.be\\\/fr\\\/#website\",\"url\":\"https:\\\/\\\/govart.be\\\/fr\\\/\",\"name\":\"Boulangerie Govart\",\"description\":\"Enfin du pain nutritif et r\u00e9ellement bon pour la sant\u00e9 !\",\"publisher\":{\"@id\":\"https:\\\/\\\/govart.be\\\/fr\\\/#organization\"},\"potentialAction\":[{\"@type\":\"SearchAction\",\"target\":{\"@type\":\"EntryPoint\",\"urlTemplate\":\"https:\\\/\\\/govart.be\\\/fr\\\/?s={search_term_string}\"},\"query-input\":{\"@type\":\"PropertyValueSpecification\",\"valueRequired\":true,\"valueName\":\"search_term_string\"}}],\"inLanguage\":\"fr-FR\"},{\"@type\":\"Organization\",\"@id\":\"https:\\\/\\\/govart.be\\\/fr\\\/#organization\",\"name\":\"Boulangerie Govart\",\"url\":\"https:\\\/\\\/govart.be\\\/fr\\\/\",\"logo\":{\"@type\":\"ImageObject\",\"inLanguage\":\"fr-FR\",\"@id\":\"https:\\\/\\\/govart.be\\\/fr\\\/#\\\/schema\\\/logo\\\/image\\\/\",\"url\":\"https:\\\/\\\/govart.be\\\/fr\\\/wp-content\\\/uploads\\\/sites\\\/6\\\/2024\\\/02\\\/govart-logo-yellow-1.png\",\"contentUrl\":\"https:\\\/\\\/govart.be\\\/fr\\\/wp-content\\\/uploads\\\/sites\\\/6\\\/2024\\\/02\\\/govart-logo-yellow-1.png\",\"width\":2818,\"height\":1227,\"caption\":\"Boulangerie Govart\"},\"image\":{\"@id\":\"https:\\\/\\\/govart.be\\\/fr\\\/#\\\/schema\\\/logo\\\/image\\\/\"},\"sameAs\":[\"https:\\\/\\\/www.facebook.com\\\/profile.php?id=61553924327203\",\"https:\\\/\\\/www.instagram.com\\\/govart.bakery\\\/\"]}]}<\/script>\n<!-- \/ Yoast SEO plugin. -->","yoast_head_json":{"title":"Pain de seigle-\u00e9peautre bio au levain naturel 800g - Boulangerie Govart","description":"Notre pain d'\u00e9peautre et seigle \u00e0 la farine biologique moulue \u00e0 l'ancienne est fabriqu\u00e9 au levain naturel avec une fermentation longue. Pauvre en gluten.","robots":{"index":"index","follow":"follow","max-snippet":"max-snippet:-1","max-image-preview":"max-image-preview:large","max-video-preview":"max-video-preview:-1"},"canonical":"https:\/\/govart.be\/fr\/produit\/pain-de-seigle-epeautre-bio-au-levain-naturel-800g\/","og_locale":"fr_FR","og_type":"article","og_title":"Pain de seigle-\u00e9peautre bio au levain naturel 800g - Boulangerie Govart","og_description":"Notre pain d'\u00e9peautre et seigle \u00e0 la farine biologique moulue \u00e0 l'ancienne est fabriqu\u00e9 au levain naturel avec une fermentation longue. Pauvre en gluten.","og_url":"https:\/\/govart.be\/fr\/produit\/pain-de-seigle-epeautre-bio-au-levain-naturel-800g\/","og_site_name":"Boulangerie Govart","article_publisher":"https:\/\/www.facebook.com\/profile.php?id=61553924327203","article_modified_time":"2026-05-15T11:01:50+00:00","og_image":[{"width":1500,"height":1500,"url":"https:\/\/govart.be\/fr\/wp-content\/uploads\/sites\/6\/2025\/02\/DSC_0390.jpg","type":"image\/jpeg"}],"twitter_card":"summary_large_image","twitter_misc":{"Dur\u00e9e de lecture estim\u00e9e":"2 minutes"},"schema":{"@context":"https:\/\/schema.org","@graph":[{"@type":"WebPage","@id":"https:\/\/govart.be\/fr\/produit\/pain-de-seigle-epeautre-bio-au-levain-naturel-800g\/","url":"https:\/\/govart.be\/fr\/produit\/pain-de-seigle-epeautre-bio-au-levain-naturel-800g\/","name":"Pain de seigle-\u00e9peautre bio au levain naturel 800g - Boulangerie Govart","isPartOf":{"@id":"https:\/\/govart.be\/fr\/#website"},"primaryImageOfPage":{"@id":"https:\/\/govart.be\/fr\/produit\/pain-de-seigle-epeautre-bio-au-levain-naturel-800g\/#primaryimage"},"image":{"@id":"https:\/\/govart.be\/fr\/produit\/pain-de-seigle-epeautre-bio-au-levain-naturel-800g\/#primaryimage"},"thumbnailUrl":"https:\/\/govart.be\/fr\/wp-content\/uploads\/sites\/6\/2025\/02\/DSC_0390.jpg","datePublished":"2024-07-17T11:45:26+00:00","dateModified":"2026-05-15T11:01:50+00:00","description":"Notre pain d'\u00e9peautre et seigle \u00e0 la farine biologique moulue \u00e0 l'ancienne est fabriqu\u00e9 au levain naturel avec une fermentation longue. Pauvre en gluten.","breadcrumb":{"@id":"https:\/\/govart.be\/fr\/produit\/pain-de-seigle-epeautre-bio-au-levain-naturel-800g\/#breadcrumb"},"inLanguage":"fr-FR","potentialAction":[{"@type":"ReadAction","target":["https:\/\/govart.be\/fr\/produit\/pain-de-seigle-epeautre-bio-au-levain-naturel-800g\/"]}]},{"@type":"ImageObject","inLanguage":"fr-FR","@id":"https:\/\/govart.be\/fr\/produit\/pain-de-seigle-epeautre-bio-au-levain-naturel-800g\/#primaryimage","url":"https:\/\/govart.be\/fr\/wp-content\/uploads\/sites\/6\/2025\/02\/DSC_0390.jpg","contentUrl":"https:\/\/govart.be\/fr\/wp-content\/uploads\/sites\/6\/2025\/02\/DSC_0390.jpg","width":1500,"height":1500,"caption":"Photo de notre pain de seigle-\u00e9peautre au levain naturel\u00a9"},{"@type":"BreadcrumbList","@id":"https:\/\/govart.be\/fr\/produit\/pain-de-seigle-epeautre-bio-au-levain-naturel-800g\/#breadcrumb","itemListElement":[{"@type":"ListItem","position":1,"name":"Accueil","item":"https:\/\/govart.be\/fr\/"},{"@type":"ListItem","position":2,"name":"Boutique","item":"https:\/\/govart.be\/fr\/boutique\/"},{"@type":"ListItem","position":3,"name":"Pain de seigle-\u00e9peautre bio au levain naturel 800g"}]},{"@type":"WebSite","@id":"https:\/\/govart.be\/fr\/#website","url":"https:\/\/govart.be\/fr\/","name":"Boulangerie Govart","description":"Enfin du pain nutritif et r\u00e9ellement bon pour la sant\u00e9 !","publisher":{"@id":"https:\/\/govart.be\/fr\/#organization"},"potentialAction":[{"@type":"SearchAction","target":{"@type":"EntryPoint","urlTemplate":"https:\/\/govart.be\/fr\/?s={search_term_string}"},"query-input":{"@type":"PropertyValueSpecification","valueRequired":true,"valueName":"search_term_string"}}],"inLanguage":"fr-FR"},{"@type":"Organization","@id":"https:\/\/govart.be\/fr\/#organization","name":"Boulangerie Govart","url":"https:\/\/govart.be\/fr\/","logo":{"@type":"ImageObject","inLanguage":"fr-FR","@id":"https:\/\/govart.be\/fr\/#\/schema\/logo\/image\/","url":"https:\/\/govart.be\/fr\/wp-content\/uploads\/sites\/6\/2024\/02\/govart-logo-yellow-1.png","contentUrl":"https:\/\/govart.be\/fr\/wp-content\/uploads\/sites\/6\/2024\/02\/govart-logo-yellow-1.png","width":2818,"height":1227,"caption":"Boulangerie Govart"},"image":{"@id":"https:\/\/govart.be\/fr\/#\/schema\/logo\/image\/"},"sameAs":["https:\/\/www.facebook.com\/profile.php?id=61553924327203","https:\/\/www.instagram.com\/govart.bakery\/"]}]}},"jetpack_sharing_enabled":true,"_links":{"self":[{"href":"https:\/\/govart.be\/fr\/wp-json\/wp\/v2\/product\/29406","targetHints":{"allow":["GET"]}}],"collection":[{"href":"https:\/\/govart.be\/fr\/wp-json\/wp\/v2\/product"}],"about":[{"href":"https:\/\/govart.be\/fr\/wp-json\/wp\/v2\/types\/product"}],"wp:featuredmedia":[{"embeddable":true,"href":"https:\/\/govart.be\/fr\/wp-json\/wp\/v2\/media\/30902"}],"wp:attachment":[{"href":"https:\/\/govart.be\/fr\/wp-json\/wp\/v2\/media?parent=29406"}],"wp:term":[{"taxonomy":"product_brand","embeddable":true,"href":"https:\/\/govart.be\/fr\/wp-json\/wp\/v2\/product_brand?post=29406"},{"taxonomy":"product_cat","embeddable":true,"href":"https:\/\/govart.be\/fr\/wp-json\/wp\/v2\/product_cat?post=29406"},{"taxonomy":"product_tag","embeddable":true,"href":"https:\/\/govart.be\/fr\/wp-json\/wp\/v2\/product_tag?post=29406"}],"curies":[{"name":"wp","href":"https:\/\/api.w.org\/{rel}","templated":true}]}}