{"id":30141,"date":"2024-09-16T17:16:26","date_gmt":"2024-09-16T15:16:26","guid":{"rendered":"https:\/\/govart.be\/fr\/?page_id=30141"},"modified":"2025-07-30T13:24:43","modified_gmt":"2025-07-30T11:24:43","slug":"commandes","status":"publish","type":"page","link":"https:\/\/govart.be\/fr\/commandes\/","title":{"rendered":"Commandes et Abonnement"},"content":{"rendered":"\n<h2 class=\"wp-block-heading has-large-font-size\">Commander du pain au levain naturel fabriqu\u00e9 avec une farine moulue sur meule de pierre ? C&rsquo;est possible chez Govart Bakery micro-boulangerie \u00e0 Alsemberg (Beersel).<\/h2>\n\n\n\n<div class=\"wp-block-group alignfull has-base-color has-contrast-background-color has-text-color has-background has-link-color wp-elements-bf24cff7aabd0846e64bf38ea493aa32 has-global-padding is-layout-constrained wp-container-core-group-is-layout-d89aad35 wp-block-group-is-layout-constrained\" style=\"margin-top:0;margin-bottom:0;padding-top:var(--wp--preset--spacing--50);padding-right:var(--wp--preset--spacing--50);padding-bottom:var(--wp--preset--spacing--50);padding-left:var(--wp--preset--spacing--50)\">\n<h2 class=\"wp-block-heading alignwide has-base-color has-text-color has-link-color wp-elements-961120e30645e03a629938c532f241fe\" style=\"font-size:clamp(4.509rem, 4.509rem + ((1vw - 0.2rem) * 9.152), 10rem);letter-spacing:-0.02em\">FAQ<\/h2>\n\n\n\n<div class=\"wp-block-group alignwide is-layout-flow wp-block-group-is-layout-flow\">\n<hr class=\"wp-block-separator has-text-color has-base-color has-alpha-channel-opacity has-base-background-color has-background is-style-wide\" style=\"margin-top:var(--wp--preset--spacing--30);margin-bottom:var(--wp--preset--spacing--30)\"\/>\n\n\n\n<h3 class=\"wp-block-heading alignwide has-base-2-color has-text-color has-link-color wp-elements-2f89ba517a67c9d9b2e0a102515c1a05\">Comment puis-je commander mes pains au levain ?<\/h3>\n\n\n\n<p>Nous sommes ouvert tous les vendredis. <strong>Toutes les commandes se font minimum 48h \u00e0 l&rsquo;avance sur notre site internet <\/strong><a href=\"https:\/\/govart.be\/fr\/boutique\/\">govart.be\/fr\/boutique<\/a> (Cela veut dire qu&rsquo;il faut passer votre commande AVANT le mercredi 12h).<\/p>\n\n\n\n<p>Vous pr\u00e9f\u00e9rez un abonnement ? Lib\u00e9rez votre esprit en souscrivant \u00e0&nbsp;<strong>notre abonnement<\/strong>.<\/p>\n\n\n\n<ul class=\"wp-block-list\">\n<li><strong>Govart Bakery<\/strong>&nbsp;cr\u00e9e un abonnement sur mesure, selon vos envies.<\/li>\n\n\n\n<li><strong>Paiement<\/strong>&nbsp;automatique depuis votre compte, une fois par mois.<\/li>\n<\/ul>\n\n\n\n<p><strong>Comment faire ?<\/strong><\/p>\n\n\n\n<ol class=\"wp-block-list\">\n<li>Communiquez-nous les produits souhait\u00e9s sur<a href=\"https:\/\/govart.be\/fr\/contact\/\"> <\/a><a href=\"mailto:info@govart.be\">info@govart.be<\/a><\/li>\n\n\n\n<li>Indiquez la fr\u00e9quence : chaque semaine ou tous les 15 jours.<\/li>\n\n\n\n<li>Payez, et c&rsquo;est r\u00e9gl\u00e9 !<\/li>\n\n\n\n<li>Rendez-vous le\u00a0<strong>vendredi, entre 11h et 18h<\/strong>, pour r\u00e9cup\u00e9rer votre commande.<\/li>\n<\/ol>\n\n\n\n<p>Soyez assur\u00e9(e) que vous pouvez stopper l&rsquo;abonnement \u00e0 tout moment (moyennant un pr\u00e9avis de&nbsp;<strong>5 jours ouvrables<\/strong>).<\/p>\n\n\n\n<hr class=\"wp-block-separator has-text-color has-base-color has-alpha-channel-opacity has-base-background-color has-background is-style-wide\" style=\"margin-top:var(--wp--preset--spacing--30);margin-bottom:var(--wp--preset--spacing--30)\"\/>\n\n\n\n<h3 class=\"wp-block-heading alignwide has-base-2-color has-text-color has-link-color wp-elements-e1c5fdcab6337690f8c1c75e52ac4230\">Vous pr\u00e9f\u00e9rez commander nos produits au levain par t\u00e9l\u00e9phone ?<\/h3>\n\n\n\n<p><strong>Nous sommes joignables par t\u00e9l\u00e9phone le lundi et mardi entre 9h et 16h<\/strong> au <a href=\"tel:0483373978\">0483 37 39 78<\/a> pour prendre vos commandes. Vous avez juste \u00e0 payer en ligne pour confirmer votre r\u00e9servation faites par t\u00e9l\u00e9phone.<\/p>\n\n\n\n<hr class=\"wp-block-separator has-text-color has-base-color has-alpha-channel-opacity has-base-background-color has-background is-style-wide\" style=\"margin-top:var(--wp--preset--spacing--30);margin-bottom:var(--wp--preset--spacing--30)\"\/>\n\n\n\n<h3 class=\"wp-block-heading alignwide has-base-2-color has-text-color has-link-color wp-elements-802158e63cd87bd4c80e8debeee346c4\">O\u00f9 puis-je r\u00e9cup\u00e9rer ma commande de pain artisanal au levain ?<\/h3>\n\n\n\n<p>Directement \u00e0 notre atelier <strong><a href=\"https:\/\/govart.be\/fr\/contact\/\">Govart Bakery \u00e0 Alsemberg<\/a> (r\u00e9gion de Beersel) <\/strong>le vendredi entre 11h et 18h. Adresse : Halsendallaan, 36 \u00e0 1652 <strong>Alsember<\/strong>g.<\/p>\n\n\n\n<hr class=\"wp-block-separator has-text-color has-base-color has-alpha-channel-opacity has-base-background-color has-background is-style-wide\" style=\"margin-top:var(--wp--preset--spacing--30);margin-bottom:var(--wp--preset--spacing--30)\"\/>\n\n\n\n<h3 class=\"wp-block-heading alignwide has-base-2-color has-text-color has-link-color wp-elements-fb137749c2d1a7b2ba964c9739a57cd5\">Puis-je commander par mail vos produits au levain ?<\/h3>\n\n\n\n<p class=\"has-contrast-1-color has-text-color has-link-color wp-elements-cd28a7f72305dbbf008d48794ee0ad20\">Nous ne prenons aucune commande par mail.<\/p>\n\n\n\n<p class=\"has-contrast-1-color has-text-color has-link-color wp-elements-689caa594721f7c236763bb250f87be1\"><strong>Le site internet <a href=\"https:\/\/govart.be\/fr\/boutique\/\">govart.be<\/a> est op\u00e9rationnel 24h\/24 pour toutes les commandes.<\/strong> <\/p>\n\n\n\n<div style=\"margin-top:var(--wp--preset--spacing--10);margin-bottom:0;height:var(--wp--preset--spacing--10)\" aria-hidden=\"true\" class=\"wp-block-spacer\"><\/div>\n<\/div>\n<\/div>\n\n\n\n<div class=\"wp-block-group alignfull has-accent-3-background-color has-background is-vertical is-content-justification-center is-layout-flex wp-container-core-group-is-layout-623b1cb9 wp-block-group-is-layout-flex\" style=\"min-height:100vh;margin-top:0;margin-bottom:0;padding-top:var(--wp--preset--spacing--60);padding-right:var(--wp--preset--spacing--50);padding-bottom:var(--wp--preset--spacing--60);padding-left:var(--wp--preset--spacing--50)\">\n<div class=\"wp-block-group has-global-padding is-layout-constrained wp-block-group-is-layout-constrained\">\n<h2 class=\"wp-block-heading has-text-align-center has-contrast-color has-text-color has-link-color has-x-large-font-size wp-elements-a2cd7734ea6f1c14bec0ca6b80cf74fe\" style=\"margin-right:0;margin-left:0;padding-right:0;padding-left:0\">Facilitez-vous la vie et commandez directement sur notre site internet<\/h2>\n\n\n\n<div style=\"height:var(--wp--preset--spacing--10)\" aria-hidden=\"true\" class=\"wp-block-spacer\"><\/div>\n\n\n\n<div class=\"wp-block-buttons is-content-justification-center is-layout-flex wp-container-core-buttons-is-layout-a89b3969 wp-block-buttons-is-layout-flex\">\n<div class=\"wp-block-button\"><a class=\"wp-block-button__link wp-element-button\" href=\"https:\/\/govart.be\/fr\/boutique\/\">boutique en ligne<\/a><\/div>\n<\/div>\n<\/div>\n<\/div>\n","protected":false},"excerpt":{"rendered":"<p>Commander du pain au levain naturel fabriqu\u00e9 avec une farine moulue sur meule de pierre ? C&rsquo;est possible chez Govart Bakery micro-boulangerie \u00e0 Alsemberg (Beersel). FAQ Comment puis-je commander mes pains au levain ? Nous sommes ouvert tous les vendredis. Toutes les commandes se font minimum 48h \u00e0 l&rsquo;avance sur notre site internet govart.be\/fr\/boutique (Cela [&hellip;]<\/p>\n","protected":false},"author":3,"featured_media":0,"parent":0,"menu_order":0,"comment_status":"closed","ping_status":"closed","template":"","meta":{"_trash_the_other_posts":false,"editor_notices":[],"footnotes":""},"class_list":["post-30141","page","type-page","status-publish","hentry"],"yoast_head":"<!-- This site is optimized with the Yoast SEO plugin v27.6 - https:\/\/yoast.com\/product\/yoast-seo-wordpress\/ -->\n<title>Commandes et Abonnement - Boulangerie Govart<\/title>\n<meta name=\"description\" content=\"Govart Bakery \u00e0 Alsemberg. Vous pouvez commander vos pains au levain naturel pour une fois ou pour le mois. C&#039;est vous qui choisissez !\" \/>\n<meta name=\"robots\" content=\"index, follow, max-snippet:-1, max-image-preview:large, max-video-preview:-1\" \/>\n<link rel=\"canonical\" href=\"https:\/\/govart.be\/fr\/commandes\/\" \/>\n<meta property=\"og:locale\" content=\"fr_FR\" \/>\n<meta property=\"og:type\" content=\"article\" \/>\n<meta property=\"og:title\" content=\"Commandes et Abonnement - Boulangerie Govart\" \/>\n<meta property=\"og:description\" content=\"Govart Bakery \u00e0 Alsemberg. Vous pouvez commander vos pains au levain naturel pour une fois ou pour le mois. C&#039;est vous qui choisissez !\" \/>\n<meta property=\"og:url\" content=\"https:\/\/govart.be\/fr\/commandes\/\" \/>\n<meta property=\"og:site_name\" content=\"Boulangerie Govart\" \/>\n<meta property=\"article:publisher\" content=\"https:\/\/www.facebook.com\/profile.php?id=61553924327203\" \/>\n<meta property=\"article:modified_time\" content=\"2025-07-30T11:24:43+00:00\" \/>\n<meta name=\"twitter:card\" content=\"summary_large_image\" \/>\n<meta name=\"twitter:label1\" content=\"Dur\u00e9e de lecture estim\u00e9e\" \/>\n\t<meta name=\"twitter:data1\" content=\"2 minutes\" \/>\n<script type=\"application\/ld+json\" class=\"yoast-schema-graph\">{\"@context\":\"https:\\\/\\\/schema.org\",\"@graph\":[{\"@type\":\"WebPage\",\"@id\":\"https:\\\/\\\/govart.be\\\/fr\\\/commandes\\\/\",\"url\":\"https:\\\/\\\/govart.be\\\/fr\\\/commandes\\\/\",\"name\":\"Commandes et Abonnement - Boulangerie Govart\",\"isPartOf\":{\"@id\":\"https:\\\/\\\/govart.be\\\/fr\\\/#website\"},\"datePublished\":\"2024-09-16T15:16:26+00:00\",\"dateModified\":\"2025-07-30T11:24:43+00:00\",\"description\":\"Govart Bakery \u00e0 Alsemberg. Vous pouvez commander vos pains au levain naturel pour une fois ou pour le mois. C'est vous qui choisissez !\",\"breadcrumb\":{\"@id\":\"https:\\\/\\\/govart.be\\\/fr\\\/commandes\\\/#breadcrumb\"},\"inLanguage\":\"fr-FR\",\"potentialAction\":[{\"@type\":\"ReadAction\",\"target\":[\"https:\\\/\\\/govart.be\\\/fr\\\/commandes\\\/\"]}]},{\"@type\":\"BreadcrumbList\",\"@id\":\"https:\\\/\\\/govart.be\\\/fr\\\/commandes\\\/#breadcrumb\",\"itemListElement\":[{\"@type\":\"ListItem\",\"position\":1,\"name\":\"Accueil\",\"item\":\"https:\\\/\\\/govart.be\\\/fr\\\/\"},{\"@type\":\"ListItem\",\"position\":2,\"name\":\"Commandes et Abonnement\"}]},{\"@type\":\"WebSite\",\"@id\":\"https:\\\/\\\/govart.be\\\/fr\\\/#website\",\"url\":\"https:\\\/\\\/govart.be\\\/fr\\\/\",\"name\":\"Boulangerie Govart\",\"description\":\"Enfin du pain nutritif et r\u00e9ellement bon pour la sant\u00e9 !\",\"publisher\":{\"@id\":\"https:\\\/\\\/govart.be\\\/fr\\\/#organization\"},\"potentialAction\":[{\"@type\":\"SearchAction\",\"target\":{\"@type\":\"EntryPoint\",\"urlTemplate\":\"https:\\\/\\\/govart.be\\\/fr\\\/?s={search_term_string}\"},\"query-input\":{\"@type\":\"PropertyValueSpecification\",\"valueRequired\":true,\"valueName\":\"search_term_string\"}}],\"inLanguage\":\"fr-FR\"},{\"@type\":\"Organization\",\"@id\":\"https:\\\/\\\/govart.be\\\/fr\\\/#organization\",\"name\":\"Boulangerie Govart\",\"url\":\"https:\\\/\\\/govart.be\\\/fr\\\/\",\"logo\":{\"@type\":\"ImageObject\",\"inLanguage\":\"fr-FR\",\"@id\":\"https:\\\/\\\/govart.be\\\/fr\\\/#\\\/schema\\\/logo\\\/image\\\/\",\"url\":\"https:\\\/\\\/govart.be\\\/fr\\\/wp-content\\\/uploads\\\/sites\\\/6\\\/2024\\\/02\\\/govart-logo-yellow-1.png\",\"contentUrl\":\"https:\\\/\\\/govart.be\\\/fr\\\/wp-content\\\/uploads\\\/sites\\\/6\\\/2024\\\/02\\\/govart-logo-yellow-1.png\",\"width\":2818,\"height\":1227,\"caption\":\"Boulangerie Govart\"},\"image\":{\"@id\":\"https:\\\/\\\/govart.be\\\/fr\\\/#\\\/schema\\\/logo\\\/image\\\/\"},\"sameAs\":[\"https:\\\/\\\/www.facebook.com\\\/profile.php?id=61553924327203\",\"https:\\\/\\\/www.instagram.com\\\/govart.bakery\\\/\"]}]}<\/script>\n<!-- \/ Yoast SEO plugin. -->","yoast_head_json":{"title":"Commandes et Abonnement - Boulangerie Govart","description":"Govart Bakery \u00e0 Alsemberg. Vous pouvez commander vos pains au levain naturel pour une fois ou pour le mois. C'est vous qui choisissez !","robots":{"index":"index","follow":"follow","max-snippet":"max-snippet:-1","max-image-preview":"max-image-preview:large","max-video-preview":"max-video-preview:-1"},"canonical":"https:\/\/govart.be\/fr\/commandes\/","og_locale":"fr_FR","og_type":"article","og_title":"Commandes et Abonnement - Boulangerie Govart","og_description":"Govart Bakery \u00e0 Alsemberg. Vous pouvez commander vos pains au levain naturel pour une fois ou pour le mois. C'est vous qui choisissez !","og_url":"https:\/\/govart.be\/fr\/commandes\/","og_site_name":"Boulangerie Govart","article_publisher":"https:\/\/www.facebook.com\/profile.php?id=61553924327203","article_modified_time":"2025-07-30T11:24:43+00:00","twitter_card":"summary_large_image","twitter_misc":{"Dur\u00e9e de lecture estim\u00e9e":"2 minutes"},"schema":{"@context":"https:\/\/schema.org","@graph":[{"@type":"WebPage","@id":"https:\/\/govart.be\/fr\/commandes\/","url":"https:\/\/govart.be\/fr\/commandes\/","name":"Commandes et Abonnement - Boulangerie Govart","isPartOf":{"@id":"https:\/\/govart.be\/fr\/#website"},"datePublished":"2024-09-16T15:16:26+00:00","dateModified":"2025-07-30T11:24:43+00:00","description":"Govart Bakery \u00e0 Alsemberg. Vous pouvez commander vos pains au levain naturel pour une fois ou pour le mois. C'est vous qui choisissez !","breadcrumb":{"@id":"https:\/\/govart.be\/fr\/commandes\/#breadcrumb"},"inLanguage":"fr-FR","potentialAction":[{"@type":"ReadAction","target":["https:\/\/govart.be\/fr\/commandes\/"]}]},{"@type":"BreadcrumbList","@id":"https:\/\/govart.be\/fr\/commandes\/#breadcrumb","itemListElement":[{"@type":"ListItem","position":1,"name":"Accueil","item":"https:\/\/govart.be\/fr\/"},{"@type":"ListItem","position":2,"name":"Commandes et Abonnement"}]},{"@type":"WebSite","@id":"https:\/\/govart.be\/fr\/#website","url":"https:\/\/govart.be\/fr\/","name":"Boulangerie Govart","description":"Enfin du pain nutritif et r\u00e9ellement bon pour la sant\u00e9 !","publisher":{"@id":"https:\/\/govart.be\/fr\/#organization"},"potentialAction":[{"@type":"SearchAction","target":{"@type":"EntryPoint","urlTemplate":"https:\/\/govart.be\/fr\/?s={search_term_string}"},"query-input":{"@type":"PropertyValueSpecification","valueRequired":true,"valueName":"search_term_string"}}],"inLanguage":"fr-FR"},{"@type":"Organization","@id":"https:\/\/govart.be\/fr\/#organization","name":"Boulangerie Govart","url":"https:\/\/govart.be\/fr\/","logo":{"@type":"ImageObject","inLanguage":"fr-FR","@id":"https:\/\/govart.be\/fr\/#\/schema\/logo\/image\/","url":"https:\/\/govart.be\/fr\/wp-content\/uploads\/sites\/6\/2024\/02\/govart-logo-yellow-1.png","contentUrl":"https:\/\/govart.be\/fr\/wp-content\/uploads\/sites\/6\/2024\/02\/govart-logo-yellow-1.png","width":2818,"height":1227,"caption":"Boulangerie Govart"},"image":{"@id":"https:\/\/govart.be\/fr\/#\/schema\/logo\/image\/"},"sameAs":["https:\/\/www.facebook.com\/profile.php?id=61553924327203","https:\/\/www.instagram.com\/govart.bakery\/"]}]}},"jetpack_sharing_enabled":true,"_links":{"self":[{"href":"https:\/\/govart.be\/fr\/wp-json\/wp\/v2\/pages\/30141","targetHints":{"allow":["GET"]}}],"collection":[{"href":"https:\/\/govart.be\/fr\/wp-json\/wp\/v2\/pages"}],"about":[{"href":"https:\/\/govart.be\/fr\/wp-json\/wp\/v2\/types\/page"}],"author":[{"embeddable":true,"href":"https:\/\/govart.be\/fr\/wp-json\/wp\/v2\/users\/3"}],"replies":[{"embeddable":true,"href":"https:\/\/govart.be\/fr\/wp-json\/wp\/v2\/comments?post=30141"}],"version-history":[{"count":35,"href":"https:\/\/govart.be\/fr\/wp-json\/wp\/v2\/pages\/30141\/revisions"}],"predecessor-version":[{"id":31381,"href":"https:\/\/govart.be\/fr\/wp-json\/wp\/v2\/pages\/30141\/revisions\/31381"}],"wp:attachment":[{"href":"https:\/\/govart.be\/fr\/wp-json\/wp\/v2\/media?parent=30141"}],"curies":[{"name":"wp","href":"https:\/\/api.w.org\/{rel}","templated":true}]}}