{"id":29001,"date":"2024-05-31T14:24:19","date_gmt":"2024-05-31T12:24:19","guid":{"rendered":"https:\/\/boulangerie-govart.be\/?page_id=29001"},"modified":"2024-07-12T13:02:22","modified_gmt":"2024-07-12T11:02:22","slug":"politique-de-confidentialite","status":"publish","type":"page","link":"https:\/\/govart.be\/fr\/politique-de-confidentialite\/","title":{"rendered":"Politique de confidentialit\u00e9"},"content":{"rendered":"\n<h3 class=\"wp-block-heading\">La boulangerie Govart prend au s\u00e9rieux l&rsquo;utilisation de vos donn\u00e9es et leur confidentialit\u00e9.<\/h3>\n\n\n\n<p class=\"has-x-large-font-size\">Qui sommes-nous&nbsp;?<\/p>\n\n\n\n<p>L\u2019adresse de notre site internet est&nbsp;: https:\/\/govart.be qui fait partie int\u00e9grante de Pinnemouche.<\/p>\n\n\n\n<p>Vous pouvez consulter \u00e9galement nos <a href=\"https:\/\/govart.be\/mentions-legales\/\">Mentions l\u00e9gales<\/a>.<\/p>\n\n\n\n<p>La boulangerie Govart recueille le moins d&rsquo;informations possible sur vous. Toutefois, afin de pouvoir livrer votre commande, garantir la s\u00e9curit\u00e9 de vos donn\u00e9es ou r\u00e9colter votre avis sur des pages sp\u00e9cifiques, il peut n\u00e9anmoins arriver que nous ayons besoin de certaines informations personnelles.<\/p>\n\n\n\n<p>La boulangerie Govart traite vos donn\u00e9es personnelles avec soin et s&rsquo;assure que votre vie priv\u00e9e est prot\u00e9g\u00e9e. Voici nos engagements en ce qui concerne la confidentialit\u00e9 de vos donn\u00e9es personnelles :<\/p>\n\n\n\n<div class=\"wp-block-columns is-layout-flex wp-container-core-columns-is-layout-28f84493 wp-block-columns-is-layout-flex\">\n<div class=\"wp-block-column is-layout-flow wp-block-column-is-layout-flow\">\n<p class=\"has-text-align-center\"> <strong>Un usage restreint au maximum<\/strong><\/p>\n\n\n\n<p class=\"has-small-font-size\">Nous ne partageons jamais vos donn\u00e9es personnelles avec des tiers sans raison valable<\/p>\n<\/div>\n\n\n\n<div class=\"wp-block-column is-layout-flow wp-block-column-is-layout-flow\">\n<p class=\"has-text-align-center\"> <strong>Un traitement responsable <\/strong><\/p>\n\n\n\n<p class=\"has-small-font-size\">Nous prot\u00e9geons et traitons vos informations personnelles comme si elles \u00e9taient les n\u00f4tres.<\/p>\n<\/div>\n\n\n\n<div class=\"wp-block-column is-layout-flow wp-block-column-is-layout-flow\">\n<p class=\"has-text-align-center\"> <strong>Une utilisation transparente<\/strong><\/p>\n\n\n\n<p class=\"has-small-font-size\">Nous utilisons vos informations personnelles uniquement aux fins d\u00e9crites ci-dessous.<\/p>\n<\/div>\n<\/div>\n\n\n\n<h3 class=\"wp-block-heading\">Quelles sont les informations personnelles conserv\u00e9es par La boulangerie Govart ?<\/h3>\n\n\n\n<figure class=\"wp-block-image size-large\"><img decoding=\"async\" src=\"https:\/\/lesbasesduseo.be\/wp-content\/uploads\/2023\/09\/serhat-beyazkaya-ia9_WfkGQWA-unsplash-1024x683.jpg\" alt=\"Pinnemouche studio et vos donn\u00e9es \u00e0 caract\u00e8re personnelle\" class=\"wp-image-1002\"\/><\/figure>\n\n\n\n<p class=\"has-medium-font-size\"><strong>Nom, adresse et lieu de r\u00e9sidence<\/strong><\/p>\n\n\n\n<p>Votre nom est stock\u00e9, car vous \u00eates plus qu&rsquo;un num\u00e9ro de client lorsque vous prenez contact avec nous. Nous avons \u00e9galement besoin de votre nom et lieu de r\u00e9sidence pour pr\u00e9parer vos factures, vous contacter.<\/p>\n\n\n\n<p class=\"has-medium-font-size\"><strong>Adresse e-mail<\/strong><\/p>\n\n\n\n<p>Nous stockons votre adresse email pour vous envoyer des messages importants concernant votre commande ou votre compte. Nous vous informons \u00e9galement par le biais de bulletins d&rsquo;information sur les nouveaux d\u00e9veloppements d&rsquo;Infomaniak. En cas de besoin, vous pouvez choisir de vous d\u00e9sabonner de ceux-ci.<\/p>\n\n\n\n<p class=\"has-medium-font-size\"><strong>Num\u00e9ro de t\u00e9l\u00e9phone<\/strong><\/p>\n\n\n\n<p>Nous conservons votre num\u00e9ro de t\u00e9l\u00e9phone pour vous contacter en cas d&rsquo;urgence ou vous demander votre avis.<br><\/p>\n\n\n\n<p class=\"has-medium-font-size\"><strong>D\u00e9tails de connexion et num\u00e9ro de client<\/strong><\/p>\n\n\n\n<p>Nous conservons vos donn\u00e9es de connexion pour s\u00e9curiser l&rsquo;acc\u00e8s \u00e0 votre compte. Mais \u00e9galement pour vous assurer que seules les personnes autoris\u00e9es puissent acc\u00e9der \u00e0 vos donn\u00e9es personnelles. <\/p>\n\n\n\n<p><strong>Adresse IP<\/strong><\/p>\n\n\n\n<p>Nous conservons votre adresse IP pour vous permettre d&rsquo;avoir une vue d&rsquo;ensemble des adresses IP utilis\u00e9es pour se connecter \u00e0 votre compte. Cela nous permet aussi de v\u00e9rifier l&rsquo;auteur d&rsquo;\u00e9ventuelles modifications. Cette information est donc aussi utilis\u00e9e pour am\u00e9liorer la protection de votre compte contre les acc\u00e8s non autoris\u00e9s depuis d&rsquo;autres emplacements.<\/p>\n\n\n\n<p><strong>Informations de paiement<\/strong><\/p>\n\n\n\n<p>Nous conservons les informations de paiement comme vos coordonn\u00e9es PayPal, Stripe ou encore votre carte de cr\u00e9dit, num\u00e9ro de compte, et votre nom en tant que titulaire de ce compte. Le traitement de vos paiements engage \u00e9galement d&rsquo;autres parties telles que les soci\u00e9t\u00e9s affili\u00e9es \u00e0 votre moyen de paiement ou cartes de cr\u00e9dit. Lors d&rsquo;une commande, nous cr\u00e9ons une offre unique ou un num\u00e9ro de facture qui sera ensuite li\u00e9 \u00e0 votre compte.<\/p>\n\n\n\n<p><strong>Votre utilisation de notre site Internet<\/strong><\/p>\n\n\n\n<p>Les d\u00e9tails mentionn\u00e9s ci-dessus en combinaison avec des cookies nous permettent de voir comment vous utilisez notre site, nos services, et d&rsquo;identifier vos int\u00e9r\u00eats. Cela nous permet d&rsquo;am\u00e9liorer notre site, nos services et le ciblage de nos \u00e9ventuelles publicit\u00e9s. <\/p>\n\n\n\n<h3 class=\"wp-block-heading\">Quand est-ce que la boulangerie Govart partages vos informations avec d&rsquo;autres parties ?<\/h3>\n\n\n\n<p>La boulangerie Govart d\u00e9veloppe la majorit\u00e9 de ses solutions en interne et collabore uniquement avec des partenaires qui respectent nos standards de s\u00e9curit\u00e9. De plus, vos donn\u00e9es sont uniquement partag\u00e9es avec des tiers dans les cas suivants&nbsp;:<\/p>\n\n\n\n<ul class=\"wp-block-list\">\n<li><strong>Fournir ou ex\u00e9cuter nos services<\/strong> : Nous utilisons des services tels que Stripe ou PayPal pour offrir diff\u00e9rentes options de paiement.<\/li>\n\n\n\n<li><strong>Am\u00e9liorer nos services, notre site ou nos publicit\u00e9s<\/strong> : Nous utilisons Matomo qui est un logiciel pour mesurer \u00e0 quel point vous aimez une nouvelle page de notre site internet.<\/li>\n\n\n\n<li><strong>Obtenir un feedback<\/strong> : Nous demandons r\u00e9guli\u00e8rement \u00e0 nos clients de mettre un feedback sur notre page Google my business.<\/li>\n\n\n\n<li><strong>Ex\u00e9cuter une obligation l\u00e9gale<\/strong> : Une ordonnance de justice peut nous contraindre \u00e0 partager vos renseignements avec la police. <\/li>\n\n\n\n<li><strong>Enregistrer un nom de domaine<\/strong> : Les bureaux d&rsquo;enregistrement (registrars) accr\u00e9dit\u00e9s par l&rsquo;ICANN ont l&rsquo;obligation de publier les coordonn\u00e9es du propri\u00e9taire d&rsquo;un domaine dans la base de donn\u00e9es Whois du registre responsable du domaine. Tout le monde peut ainsi v\u00e9rifier la disponibilit\u00e9 d&rsquo;un domaine et voir qui en est le propri\u00e9taire. Gr\u00e2ce \u00e0&nbsp;<a href=\"https:\/\/www.infomaniak.com\/fr\/domaines\/domain-privacy\">Domain Privacy<\/a>, Infomaniak, notre h\u00e9bergeur, offre cependant la possibilit\u00e9 de pr\u00e9server la confidentialit\u00e9 de ces donn\u00e9es lorsque le registre du domaine l&rsquo;autorise.<\/li>\n<\/ul>\n\n\n\n<p class=\"has-x-large-font-size\">Commentaires<\/p>\n\n\n\n<p>Quand vous laissez un commentaire sur notre site, les donn\u00e9es inscrites dans le formulaire de commentaire, ainsi que votre adresse IP et l\u2019agent utilisateur de votre navigateur sont collect\u00e9s pour nous aider \u00e0 la d\u00e9tection des commentaires ind\u00e9sirables.<\/p>\n\n\n\n<p>Une cha\u00eene anonymis\u00e9e cr\u00e9\u00e9e \u00e0 partir de votre adresse e-mail (\u00e9galement appel\u00e9e hash) peut \u00eatre envoy\u00e9e au service Gravatar pour v\u00e9rifier si vous utilisez ce dernier. Les clauses de confidentialit\u00e9 du service Gravatar sont disponibles ici&nbsp;: https:\/\/automattic.com\/privacy\/. Apr\u00e8s validation de votre commentaire, votre photo de profil sera visible publiquement \u00e0 cot\u00e9 de votre commentaire.<\/p>\n\n\n\n<p class=\"has-x-large-font-size\">Cookies<\/p>\n\n\n\n<p>Si vous d\u00e9posez un commentaire sur notre site, il vous sera propos\u00e9 d\u2019enregistrer votre nom, adresse e-mail et site dans des cookies. C\u2019est uniquement pour votre confort afin de ne pas avoir \u00e0 saisir ces informations si vous d\u00e9posez un autre commentaire plus tard. Ces cookies expirent au bout d\u2019un an.<\/p>\n\n\n\n<p>Si vous vous rendez sur la page de connexion, un cookie temporaire sera cr\u00e9\u00e9 afin de d\u00e9terminer si votre navigateur accepte les cookies. Il ne contient pas de donn\u00e9es personnelles et sera supprim\u00e9 automatiquement \u00e0 la fermeture de votre navigateur.<\/p>\n\n\n\n<p>Lorsque vous vous connecterez, nous mettrons en place un certain nombre de cookies pour enregistrer vos informations de connexion et vos pr\u00e9f\u00e9rences d\u2019\u00e9cran. La dur\u00e9e de vie d\u2019un cookie de connexion est de deux jours, celle d\u2019un cookie d\u2019option d\u2019\u00e9cran est d\u2019un an. Si vous cochez \u00ab&nbsp;Se souvenir de moi&nbsp;\u00bb, votre cookie de connexion sera conserv\u00e9 pendant deux semaines. Si vous vous d\u00e9connectez de votre compte, le cookie de connexion sera effac\u00e9.<\/p>\n\n\n\n<p>En modifiant ou en publiant une publication, un cookie suppl\u00e9mentaire sera enregistr\u00e9 dans votre navigateur. Ce cookie ne comprend aucune donn\u00e9e personnelle. Il indique simplement l\u2019ID de la publication que vous venez de modifier. Il expire au bout d\u2019un jour.<\/p>\n\n\n\n<p class=\"has-x-large-font-size\">Contenu embarqu\u00e9 depuis d\u2019autres sites<\/p>\n\n\n\n<blockquote class=\"wp-block-quote is-layout-flow wp-block-quote-is-layout-flow\">\n<p>Il est important de faire la parit\u00e9 entre la s\u00e9curit\u00e9 des infrastructures sur lesquelles vos donn\u00e9es sont h\u00e9berg\u00e9es, et leurs exploitation et mise en pratique par vos soins.<\/p>\n<cite>Infomaniak<\/cite><\/blockquote>\n\n\n\n<p>Les articles de ce site peuvent inclure des contenus int\u00e9gr\u00e9s (par exemple des vid\u00e9os, images, articles\u2026). Le contenu int\u00e9gr\u00e9 depuis d\u2019autres sites se comporte de la m\u00eame mani\u00e8re que si le visiteur se rendait sur cet autre site.<\/p>\n\n\n\n<p>Ces sites web pourraient collecter des donn\u00e9es sur vous, utiliser des cookies, embarquer des outils de suivis tiers, suivre vos interactions avec ces contenus embarqu\u00e9s si vous disposez d\u2019un compte connect\u00e9 sur leur site web.<\/p>\n\n\n\n<p class=\"has-large-font-size\">Utilisation et transmission de vos donn\u00e9es personnelles<\/p>\n\n\n\n<p>Si vous demandez une r\u00e9initialisation de votre mot de passe, votre adresse IP sera incluse dans l\u2019e-mail de r\u00e9initialisation.<\/p>\n\n\n\n<p class=\"has-large-font-size\">Dur\u00e9es de stockage de vos donn\u00e9es<\/p>\n\n\n\n<p>Si vous laissez un commentaire, le commentaire et ses m\u00e9tadonn\u00e9es sont conserv\u00e9s ind\u00e9finiment. Cela permet de reconna\u00eetre et approuver automatiquement les commentaires suivants au lieu de les laisser dans la file de mod\u00e9ration.<\/p>\n\n\n\n<p>Pour les comptes qui s\u2019inscrivent sur notre site (le cas \u00e9ch\u00e9ant), nous stockons \u00e9galement les donn\u00e9es personnelles indiqu\u00e9es dans leur profil. Tous les comptes peuvent voir, modifier ou supprimer leurs informations personnelles \u00e0 tout moment (\u00e0 l\u2019exception de leur identifiant). Les gestionnaires du site peuvent aussi voir et modifier ces informations.<\/p>\n\n\n\n<p class=\"has-large-font-size\">Les droits que vous avez sur vos donn\u00e9es<\/p>\n\n\n\n<p>Si vous avez un compte ou si vous avez laiss\u00e9 des commentaires sur le site, vous pouvez demander \u00e0 recevoir un fichier contenant toutes les donn\u00e9es personnelles que nous poss\u00e9dons \u00e0 votre sujet, incluant celles que vous nous avez fournies. Vous pouvez \u00e9galement demander la suppression des donn\u00e9es personnelles vous concernant. Cela ne prend pas en compte les donn\u00e9es stock\u00e9es \u00e0 des fins administratives, l\u00e9gales ou pour des raisons de s\u00e9curit\u00e9.<\/p>\n\n\n\n<p class=\"has-large-font-size\">O\u00f9 vos donn\u00e9es sont envoy\u00e9es<\/p>\n\n\n\n<p>Les commentaires des visiteurs peuvent \u00eatre v\u00e9rifi\u00e9s \u00e0 l\u2019aide d\u2019un service automatis\u00e9 de d\u00e9tection des commentaires ind\u00e9sirables.<\/p>\n\n\n\n<p>Politique de confidentialit\u00e9, derni\u00e8re mise \u00e0 jour le 8 septembre 2023.<\/p>\n","protected":false},"excerpt":{"rendered":"<p>La boulangerie Govart prend au s\u00e9rieux l&rsquo;utilisation de vos donn\u00e9es et leur confidentialit\u00e9. Qui sommes-nous&nbsp;? L\u2019adresse de notre site internet est&nbsp;: https:\/\/govart.be qui fait partie int\u00e9grante de Pinnemouche. Vous pouvez consulter \u00e9galement nos Mentions l\u00e9gales. La boulangerie Govart recueille le moins d&rsquo;informations possible sur vous. Toutefois, afin de pouvoir livrer votre commande, garantir la s\u00e9curit\u00e9 [&hellip;]<\/p>\n","protected":false},"author":1,"featured_media":0,"parent":0,"menu_order":0,"comment_status":"closed","ping_status":"closed","template":"","meta":{"_trash_the_other_posts":false,"editor_notices":[],"footnotes":""},"class_list":["post-29001","page","type-page","status-publish","hentry"],"yoast_head":"<!-- This site is optimized with the Yoast SEO plugin v27.6 - https:\/\/yoast.com\/product\/yoast-seo-wordpress\/ -->\n<title>Politique de confidentialit\u00e9 - Boulangerie Govart<\/title>\n<meta name=\"description\" content=\"Lire notre politique de confidentialit\u00e9. Notre boulangerie artisanale apporte une grande importance \u00e0 vos donn\u00e9es personnelles.\" \/>\n<meta name=\"robots\" content=\"noindex, nofollow\" \/>\n<meta property=\"og:locale\" content=\"fr_FR\" \/>\n<meta property=\"og:type\" content=\"article\" \/>\n<meta property=\"og:title\" content=\"Politique de confidentialit\u00e9 - Boulangerie Govart\" \/>\n<meta property=\"og:description\" content=\"Lire notre politique de confidentialit\u00e9. Notre boulangerie artisanale apporte une grande importance \u00e0 vos donn\u00e9es personnelles.\" \/>\n<meta property=\"og:url\" content=\"https:\/\/govart.be\/fr\/politique-de-confidentialite\/\" \/>\n<meta property=\"og:site_name\" content=\"Boulangerie Govart\" \/>\n<meta property=\"article:publisher\" content=\"https:\/\/www.facebook.com\/profile.php?id=61553924327203\" \/>\n<meta property=\"article:modified_time\" content=\"2024-07-12T11:02:22+00:00\" \/>\n<meta property=\"og:image\" content=\"https:\/\/lesbasesduseo.be\/wp-content\/uploads\/2023\/09\/serhat-beyazkaya-ia9_WfkGQWA-unsplash-1024x683.jpg\" \/>\n<meta name=\"twitter:card\" content=\"summary_large_image\" \/>\n<meta name=\"twitter:label1\" content=\"Dur\u00e9e de lecture estim\u00e9e\" \/>\n\t<meta name=\"twitter:data1\" content=\"7 minutes\" \/>\n<script type=\"application\/ld+json\" class=\"yoast-schema-graph\">{\"@context\":\"https:\\\/\\\/schema.org\",\"@graph\":[{\"@type\":\"WebPage\",\"@id\":\"https:\\\/\\\/govart.be\\\/fr\\\/politique-de-confidentialite\\\/\",\"url\":\"https:\\\/\\\/govart.be\\\/fr\\\/politique-de-confidentialite\\\/\",\"name\":\"Politique de confidentialit\u00e9 - Boulangerie Govart\",\"isPartOf\":{\"@id\":\"https:\\\/\\\/govart.be\\\/fr\\\/#website\"},\"primaryImageOfPage\":{\"@id\":\"https:\\\/\\\/govart.be\\\/fr\\\/politique-de-confidentialite\\\/#primaryimage\"},\"image\":{\"@id\":\"https:\\\/\\\/govart.be\\\/fr\\\/politique-de-confidentialite\\\/#primaryimage\"},\"thumbnailUrl\":\"https:\\\/\\\/lesbasesduseo.be\\\/wp-content\\\/uploads\\\/2023\\\/09\\\/serhat-beyazkaya-ia9_WfkGQWA-unsplash-1024x683.jpg\",\"datePublished\":\"2024-05-31T12:24:19+00:00\",\"dateModified\":\"2024-07-12T11:02:22+00:00\",\"description\":\"Lire notre politique de confidentialit\u00e9. Notre boulangerie artisanale apporte une grande importance \u00e0 vos donn\u00e9es personnelles.\",\"breadcrumb\":{\"@id\":\"https:\\\/\\\/govart.be\\\/fr\\\/politique-de-confidentialite\\\/#breadcrumb\"},\"inLanguage\":\"fr-FR\",\"potentialAction\":[{\"@type\":\"ReadAction\",\"target\":[\"https:\\\/\\\/govart.be\\\/fr\\\/politique-de-confidentialite\\\/\"]}]},{\"@type\":\"ImageObject\",\"inLanguage\":\"fr-FR\",\"@id\":\"https:\\\/\\\/govart.be\\\/fr\\\/politique-de-confidentialite\\\/#primaryimage\",\"url\":\"https:\\\/\\\/lesbasesduseo.be\\\/wp-content\\\/uploads\\\/2023\\\/09\\\/serhat-beyazkaya-ia9_WfkGQWA-unsplash-1024x683.jpg\",\"contentUrl\":\"https:\\\/\\\/lesbasesduseo.be\\\/wp-content\\\/uploads\\\/2023\\\/09\\\/serhat-beyazkaya-ia9_WfkGQWA-unsplash-1024x683.jpg\"},{\"@type\":\"BreadcrumbList\",\"@id\":\"https:\\\/\\\/govart.be\\\/fr\\\/politique-de-confidentialite\\\/#breadcrumb\",\"itemListElement\":[{\"@type\":\"ListItem\",\"position\":1,\"name\":\"Accueil\",\"item\":\"https:\\\/\\\/govart.be\\\/fr\\\/\"},{\"@type\":\"ListItem\",\"position\":2,\"name\":\"Politique de confidentialit\u00e9\"}]},{\"@type\":\"WebSite\",\"@id\":\"https:\\\/\\\/govart.be\\\/fr\\\/#website\",\"url\":\"https:\\\/\\\/govart.be\\\/fr\\\/\",\"name\":\"Boulangerie Govart\",\"description\":\"Enfin du pain nutritif et r\u00e9ellement bon pour la sant\u00e9 !\",\"publisher\":{\"@id\":\"https:\\\/\\\/govart.be\\\/fr\\\/#organization\"},\"potentialAction\":[{\"@type\":\"SearchAction\",\"target\":{\"@type\":\"EntryPoint\",\"urlTemplate\":\"https:\\\/\\\/govart.be\\\/fr\\\/?s={search_term_string}\"},\"query-input\":{\"@type\":\"PropertyValueSpecification\",\"valueRequired\":true,\"valueName\":\"search_term_string\"}}],\"inLanguage\":\"fr-FR\"},{\"@type\":\"Organization\",\"@id\":\"https:\\\/\\\/govart.be\\\/fr\\\/#organization\",\"name\":\"Boulangerie Govart\",\"url\":\"https:\\\/\\\/govart.be\\\/fr\\\/\",\"logo\":{\"@type\":\"ImageObject\",\"inLanguage\":\"fr-FR\",\"@id\":\"https:\\\/\\\/govart.be\\\/fr\\\/#\\\/schema\\\/logo\\\/image\\\/\",\"url\":\"https:\\\/\\\/govart.be\\\/fr\\\/wp-content\\\/uploads\\\/sites\\\/6\\\/2024\\\/02\\\/govart-logo-yellow-1.png\",\"contentUrl\":\"https:\\\/\\\/govart.be\\\/fr\\\/wp-content\\\/uploads\\\/sites\\\/6\\\/2024\\\/02\\\/govart-logo-yellow-1.png\",\"width\":2818,\"height\":1227,\"caption\":\"Boulangerie Govart\"},\"image\":{\"@id\":\"https:\\\/\\\/govart.be\\\/fr\\\/#\\\/schema\\\/logo\\\/image\\\/\"},\"sameAs\":[\"https:\\\/\\\/www.facebook.com\\\/profile.php?id=61553924327203\",\"https:\\\/\\\/www.instagram.com\\\/govart.bakery\\\/\"]}]}<\/script>\n<!-- \/ Yoast SEO plugin. -->","yoast_head_json":{"title":"Politique de confidentialit\u00e9 - Boulangerie Govart","description":"Lire notre politique de confidentialit\u00e9. Notre boulangerie artisanale apporte une grande importance \u00e0 vos donn\u00e9es personnelles.","robots":{"index":"noindex","follow":"nofollow"},"og_locale":"fr_FR","og_type":"article","og_title":"Politique de confidentialit\u00e9 - Boulangerie Govart","og_description":"Lire notre politique de confidentialit\u00e9. Notre boulangerie artisanale apporte une grande importance \u00e0 vos donn\u00e9es personnelles.","og_url":"https:\/\/govart.be\/fr\/politique-de-confidentialite\/","og_site_name":"Boulangerie Govart","article_publisher":"https:\/\/www.facebook.com\/profile.php?id=61553924327203","article_modified_time":"2024-07-12T11:02:22+00:00","og_image":[{"url":"https:\/\/lesbasesduseo.be\/wp-content\/uploads\/2023\/09\/serhat-beyazkaya-ia9_WfkGQWA-unsplash-1024x683.jpg","type":"","width":"","height":""}],"twitter_card":"summary_large_image","twitter_misc":{"Dur\u00e9e de lecture estim\u00e9e":"7 minutes"},"schema":{"@context":"https:\/\/schema.org","@graph":[{"@type":"WebPage","@id":"https:\/\/govart.be\/fr\/politique-de-confidentialite\/","url":"https:\/\/govart.be\/fr\/politique-de-confidentialite\/","name":"Politique de confidentialit\u00e9 - Boulangerie Govart","isPartOf":{"@id":"https:\/\/govart.be\/fr\/#website"},"primaryImageOfPage":{"@id":"https:\/\/govart.be\/fr\/politique-de-confidentialite\/#primaryimage"},"image":{"@id":"https:\/\/govart.be\/fr\/politique-de-confidentialite\/#primaryimage"},"thumbnailUrl":"https:\/\/lesbasesduseo.be\/wp-content\/uploads\/2023\/09\/serhat-beyazkaya-ia9_WfkGQWA-unsplash-1024x683.jpg","datePublished":"2024-05-31T12:24:19+00:00","dateModified":"2024-07-12T11:02:22+00:00","description":"Lire notre politique de confidentialit\u00e9. Notre boulangerie artisanale apporte une grande importance \u00e0 vos donn\u00e9es personnelles.","breadcrumb":{"@id":"https:\/\/govart.be\/fr\/politique-de-confidentialite\/#breadcrumb"},"inLanguage":"fr-FR","potentialAction":[{"@type":"ReadAction","target":["https:\/\/govart.be\/fr\/politique-de-confidentialite\/"]}]},{"@type":"ImageObject","inLanguage":"fr-FR","@id":"https:\/\/govart.be\/fr\/politique-de-confidentialite\/#primaryimage","url":"https:\/\/lesbasesduseo.be\/wp-content\/uploads\/2023\/09\/serhat-beyazkaya-ia9_WfkGQWA-unsplash-1024x683.jpg","contentUrl":"https:\/\/lesbasesduseo.be\/wp-content\/uploads\/2023\/09\/serhat-beyazkaya-ia9_WfkGQWA-unsplash-1024x683.jpg"},{"@type":"BreadcrumbList","@id":"https:\/\/govart.be\/fr\/politique-de-confidentialite\/#breadcrumb","itemListElement":[{"@type":"ListItem","position":1,"name":"Accueil","item":"https:\/\/govart.be\/fr\/"},{"@type":"ListItem","position":2,"name":"Politique de confidentialit\u00e9"}]},{"@type":"WebSite","@id":"https:\/\/govart.be\/fr\/#website","url":"https:\/\/govart.be\/fr\/","name":"Boulangerie Govart","description":"Enfin du pain nutritif et r\u00e9ellement bon pour la sant\u00e9 !","publisher":{"@id":"https:\/\/govart.be\/fr\/#organization"},"potentialAction":[{"@type":"SearchAction","target":{"@type":"EntryPoint","urlTemplate":"https:\/\/govart.be\/fr\/?s={search_term_string}"},"query-input":{"@type":"PropertyValueSpecification","valueRequired":true,"valueName":"search_term_string"}}],"inLanguage":"fr-FR"},{"@type":"Organization","@id":"https:\/\/govart.be\/fr\/#organization","name":"Boulangerie Govart","url":"https:\/\/govart.be\/fr\/","logo":{"@type":"ImageObject","inLanguage":"fr-FR","@id":"https:\/\/govart.be\/fr\/#\/schema\/logo\/image\/","url":"https:\/\/govart.be\/fr\/wp-content\/uploads\/sites\/6\/2024\/02\/govart-logo-yellow-1.png","contentUrl":"https:\/\/govart.be\/fr\/wp-content\/uploads\/sites\/6\/2024\/02\/govart-logo-yellow-1.png","width":2818,"height":1227,"caption":"Boulangerie Govart"},"image":{"@id":"https:\/\/govart.be\/fr\/#\/schema\/logo\/image\/"},"sameAs":["https:\/\/www.facebook.com\/profile.php?id=61553924327203","https:\/\/www.instagram.com\/govart.bakery\/"]}]}},"jetpack_sharing_enabled":true,"_links":{"self":[{"href":"https:\/\/govart.be\/fr\/wp-json\/wp\/v2\/pages\/29001","targetHints":{"allow":["GET"]}}],"collection":[{"href":"https:\/\/govart.be\/fr\/wp-json\/wp\/v2\/pages"}],"about":[{"href":"https:\/\/govart.be\/fr\/wp-json\/wp\/v2\/types\/page"}],"author":[{"embeddable":true,"href":"https:\/\/govart.be\/fr\/wp-json\/wp\/v2\/users\/1"}],"replies":[{"embeddable":true,"href":"https:\/\/govart.be\/fr\/wp-json\/wp\/v2\/comments?post=29001"}],"version-history":[{"count":1,"href":"https:\/\/govart.be\/fr\/wp-json\/wp\/v2\/pages\/29001\/revisions"}],"predecessor-version":[{"id":29373,"href":"https:\/\/govart.be\/fr\/wp-json\/wp\/v2\/pages\/29001\/revisions\/29373"}],"wp:attachment":[{"href":"https:\/\/govart.be\/fr\/wp-json\/wp\/v2\/media?parent=29001"}],"curies":[{"name":"wp","href":"https:\/\/api.w.org\/{rel}","templated":true}]}}