{"id":28994,"date":"2024-05-31T13:51:39","date_gmt":"2024-05-31T11:51:39","guid":{"rendered":"https:\/\/boulangerie-govart.be\/?page_id=28994"},"modified":"2025-10-31T12:03:54","modified_gmt":"2025-10-31T11:03:54","slug":"mentions-legales","status":"publish","type":"page","link":"https:\/\/govart.be\/fr\/mentions-legales\/","title":{"rendered":"Mentions l\u00e9gales"},"content":{"rendered":"\n<h3 class=\"wp-block-heading\">Boulangerie Govart par Pinnemouche<\/h3>\n\n\n\n<p><strong>La boulangerie Govart est une entreprise de Pinnemouche SRL dont le nom commercial est \u00ab\u00a0Boulangerie Govart Bakkerij\u00a0\u00bb.<\/strong><\/p>\n\n\n\n<ul class=\"wp-block-list\">\n<li>Num\u00e9ro : BCE 054 0666 716<\/li>\n\n\n\n<li>Si\u00e8ge social : Halsendallaan, 36 \u00e0 1652 Alsemberg, BELGIQUE<\/li>\n\n\n\n<li>Administrateur : Jessie Govart<\/li>\n\n\n\n<li>Email : info@pinnemouche.be <\/li>\n\n\n\n<li>T\u00e9l\u00e9phone : +32 (0)483 37 39 78.<\/li>\n<\/ul>\n\n\n\n<p>Jessie Govart d\u00e9tient les droits d&rsquo;auteurs sur tous les \u00e9l\u00e9ments du site internet govart.be, y compris les textes, images, graphismes, logos, ic\u00f4nes, sons et logiciels. Toute reproduction, repr\u00e9sentation, modification, publication ou adaptation de tout ou partie du site, par quelque moyen ou proc\u00e9d\u00e9 que ce soit, est interdite sans autorisation \u00e9crite pr\u00e9alable \u00e0 info@pinnemouche.be.<\/p>\n\n\n\n<p>Toute utilisation non autoris\u00e9e du site ou de ses \u00e9l\u00e9ments sera consid\u00e9r\u00e9e comme une contrefa\u00e7on et sera poursuivie en justice.<\/p>\n\n\n\n<h3 class=\"wp-block-heading\">L&rsquo;h\u00e9bergement du site internet<\/h3>\n\n\n\n<p>Pinnemouche SRL h\u00e9berge les sites internet de ses clients via Infomaniak. Nous vous invitons \u00e0 <a href=\"https:\/\/www.infomaniak.com\/fr\/cgv\/politique-de-confidentialite\">consulter leur politique de confidentialit\u00e9 <\/a> totalement orient\u00e9 GDPR. Vos donn\u00e9es sont entre de bonnes mains.<\/p>\n\n\n\n<h3 class=\"wp-block-heading\">Les cookies<\/h3>\n\n\n\n<p class=\"has-medium-font-size\">Les cookies peuvent contenir des informations personnelles vous concernant, comme votre comportement de navigation et vos centres d&rsquo;int\u00e9r\u00eat.<\/p>\n\n\n\n<p><strong>Les cookies<\/strong> <strong>sont des fichiers texte temporaires stock\u00e9s sur votre ordinateur, votre tablette ou votre smartphone<\/strong>.<\/p>\n\n\n\n<p>Lorsque vous visitez notre site Internet. Gr\u00e2ce aux informations contenues dans ces fichiers, vous pouvez automatiquement acc\u00e9der \u00e0 votre compte utilisateur ou encore poursuivre une commande interrompue. <\/p>\n\n\n\n<p>Nous utilisons \u00e9galement des cookies pour comprendre comment vous utilisez notre site afin de nous am\u00e9liorer en continu.<\/p>\n\n\n\n<p>Le contenu des cookies peut changer selon leur utilisation. En voici quatre variantes : les cookies analytiques, fonctionnels, de performance et de suivi.<\/p>\n\n\n\n<p>Vous pouvez avoir plus d&rsquo;information sur l<a href=\"https:\/\/fr-be.wordpress.org\/about\/privacy\/cookies\/\">es cookies qu&#8217;emploie une plateforme comme WordPress<\/a>.<\/p>\n\n\n\n<p>Mentions l\u00e9gales mises \u00e0 jour le 31 mai 2024.<\/p>\n","protected":false},"excerpt":{"rendered":"<p>Boulangerie Govart par Pinnemouche La boulangerie Govart est une entreprise de Pinnemouche SRL dont le nom commercial est \u00ab\u00a0Boulangerie Govart Bakkerij\u00a0\u00bb. Jessie Govart d\u00e9tient les droits d&rsquo;auteurs sur tous les \u00e9l\u00e9ments du site internet govart.be, y compris les textes, images, graphismes, logos, ic\u00f4nes, sons et logiciels. Toute reproduction, repr\u00e9sentation, modification, publication ou adaptation de tout [&hellip;]<\/p>\n","protected":false},"author":1,"featured_media":0,"parent":0,"menu_order":0,"comment_status":"closed","ping_status":"closed","template":"","meta":{"_trash_the_other_posts":false,"editor_notices":[],"footnotes":""},"class_list":["post-28994","page","type-page","status-publish","hentry"],"yoast_head":"<!-- This site is optimized with the Yoast SEO plugin v27.3 - https:\/\/yoast.com\/product\/yoast-seo-wordpress\/ -->\n<title>Mentions l\u00e9gales - Boulangerie Govart<\/title>\n<meta name=\"description\" content=\"Les mentions l\u00e9gales de la boulangerie Govart. Ainsi vous savez tout de nous et de ce que nous faisons avec vos donn\u00e9es.\" \/>\n<meta name=\"robots\" content=\"noindex, nofollow\" \/>\n<meta property=\"og:locale\" content=\"fr_FR\" \/>\n<meta property=\"og:type\" content=\"article\" \/>\n<meta property=\"og:title\" content=\"Mentions l\u00e9gales - Boulangerie Govart\" \/>\n<meta property=\"og:description\" content=\"Les mentions l\u00e9gales de la boulangerie Govart. Ainsi vous savez tout de nous et de ce que nous faisons avec vos donn\u00e9es.\" \/>\n<meta property=\"og:url\" content=\"https:\/\/govart.be\/fr\/mentions-legales\/\" \/>\n<meta property=\"og:site_name\" content=\"Boulangerie Govart\" \/>\n<meta property=\"article:publisher\" content=\"https:\/\/www.facebook.com\/profile.php?id=61553924327203\" \/>\n<meta property=\"article:modified_time\" content=\"2025-10-31T11:03:54+00:00\" \/>\n<meta name=\"twitter:card\" content=\"summary_large_image\" \/>\n<meta name=\"twitter:label1\" content=\"Dur\u00e9e de lecture estim\u00e9e\" \/>\n\t<meta name=\"twitter:data1\" content=\"2 minutes\" \/>\n<script type=\"application\/ld+json\" class=\"yoast-schema-graph\">{\"@context\":\"https:\\\/\\\/schema.org\",\"@graph\":[{\"@type\":\"WebPage\",\"@id\":\"https:\\\/\\\/govart.be\\\/fr\\\/mentions-legales\\\/\",\"url\":\"https:\\\/\\\/govart.be\\\/fr\\\/mentions-legales\\\/\",\"name\":\"Mentions l\u00e9gales - Boulangerie Govart\",\"isPartOf\":{\"@id\":\"https:\\\/\\\/govart.be\\\/fr\\\/#website\"},\"datePublished\":\"2024-05-31T11:51:39+00:00\",\"dateModified\":\"2025-10-31T11:03:54+00:00\",\"description\":\"Les mentions l\u00e9gales de la boulangerie Govart. Ainsi vous savez tout de nous et de ce que nous faisons avec vos donn\u00e9es.\",\"breadcrumb\":{\"@id\":\"https:\\\/\\\/govart.be\\\/fr\\\/mentions-legales\\\/#breadcrumb\"},\"inLanguage\":\"fr-FR\",\"potentialAction\":[{\"@type\":\"ReadAction\",\"target\":[\"https:\\\/\\\/govart.be\\\/fr\\\/mentions-legales\\\/\"]}]},{\"@type\":\"BreadcrumbList\",\"@id\":\"https:\\\/\\\/govart.be\\\/fr\\\/mentions-legales\\\/#breadcrumb\",\"itemListElement\":[{\"@type\":\"ListItem\",\"position\":1,\"name\":\"Accueil\",\"item\":\"https:\\\/\\\/govart.be\\\/fr\\\/\"},{\"@type\":\"ListItem\",\"position\":2,\"name\":\"Mentions l\u00e9gales\"}]},{\"@type\":\"WebSite\",\"@id\":\"https:\\\/\\\/govart.be\\\/fr\\\/#website\",\"url\":\"https:\\\/\\\/govart.be\\\/fr\\\/\",\"name\":\"Boulangerie Govart\",\"description\":\"Enfin du pain nutritif et r\u00e9ellement bon pour la sant\u00e9 !\",\"publisher\":{\"@id\":\"https:\\\/\\\/govart.be\\\/fr\\\/#organization\"},\"potentialAction\":[{\"@type\":\"SearchAction\",\"target\":{\"@type\":\"EntryPoint\",\"urlTemplate\":\"https:\\\/\\\/govart.be\\\/fr\\\/?s={search_term_string}\"},\"query-input\":{\"@type\":\"PropertyValueSpecification\",\"valueRequired\":true,\"valueName\":\"search_term_string\"}}],\"inLanguage\":\"fr-FR\"},{\"@type\":\"Organization\",\"@id\":\"https:\\\/\\\/govart.be\\\/fr\\\/#organization\",\"name\":\"Boulangerie Govart\",\"url\":\"https:\\\/\\\/govart.be\\\/fr\\\/\",\"logo\":{\"@type\":\"ImageObject\",\"inLanguage\":\"fr-FR\",\"@id\":\"https:\\\/\\\/govart.be\\\/fr\\\/#\\\/schema\\\/logo\\\/image\\\/\",\"url\":\"https:\\\/\\\/govart.be\\\/fr\\\/wp-content\\\/uploads\\\/sites\\\/6\\\/2024\\\/02\\\/govart-logo-yellow-1.png\",\"contentUrl\":\"https:\\\/\\\/govart.be\\\/fr\\\/wp-content\\\/uploads\\\/sites\\\/6\\\/2024\\\/02\\\/govart-logo-yellow-1.png\",\"width\":2818,\"height\":1227,\"caption\":\"Boulangerie Govart\"},\"image\":{\"@id\":\"https:\\\/\\\/govart.be\\\/fr\\\/#\\\/schema\\\/logo\\\/image\\\/\"},\"sameAs\":[\"https:\\\/\\\/www.facebook.com\\\/profile.php?id=61553924327203\",\"https:\\\/\\\/www.instagram.com\\\/govart.bakery\\\/\"]}]}<\/script>\n<!-- \/ Yoast SEO plugin. -->","yoast_head_json":{"title":"Mentions l\u00e9gales - Boulangerie Govart","description":"Les mentions l\u00e9gales de la boulangerie Govart. Ainsi vous savez tout de nous et de ce que nous faisons avec vos donn\u00e9es.","robots":{"index":"noindex","follow":"nofollow"},"og_locale":"fr_FR","og_type":"article","og_title":"Mentions l\u00e9gales - Boulangerie Govart","og_description":"Les mentions l\u00e9gales de la boulangerie Govart. Ainsi vous savez tout de nous et de ce que nous faisons avec vos donn\u00e9es.","og_url":"https:\/\/govart.be\/fr\/mentions-legales\/","og_site_name":"Boulangerie Govart","article_publisher":"https:\/\/www.facebook.com\/profile.php?id=61553924327203","article_modified_time":"2025-10-31T11:03:54+00:00","twitter_card":"summary_large_image","twitter_misc":{"Dur\u00e9e de lecture estim\u00e9e":"2 minutes"},"schema":{"@context":"https:\/\/schema.org","@graph":[{"@type":"WebPage","@id":"https:\/\/govart.be\/fr\/mentions-legales\/","url":"https:\/\/govart.be\/fr\/mentions-legales\/","name":"Mentions l\u00e9gales - Boulangerie Govart","isPartOf":{"@id":"https:\/\/govart.be\/fr\/#website"},"datePublished":"2024-05-31T11:51:39+00:00","dateModified":"2025-10-31T11:03:54+00:00","description":"Les mentions l\u00e9gales de la boulangerie Govart. Ainsi vous savez tout de nous et de ce que nous faisons avec vos donn\u00e9es.","breadcrumb":{"@id":"https:\/\/govart.be\/fr\/mentions-legales\/#breadcrumb"},"inLanguage":"fr-FR","potentialAction":[{"@type":"ReadAction","target":["https:\/\/govart.be\/fr\/mentions-legales\/"]}]},{"@type":"BreadcrumbList","@id":"https:\/\/govart.be\/fr\/mentions-legales\/#breadcrumb","itemListElement":[{"@type":"ListItem","position":1,"name":"Accueil","item":"https:\/\/govart.be\/fr\/"},{"@type":"ListItem","position":2,"name":"Mentions l\u00e9gales"}]},{"@type":"WebSite","@id":"https:\/\/govart.be\/fr\/#website","url":"https:\/\/govart.be\/fr\/","name":"Boulangerie Govart","description":"Enfin du pain nutritif et r\u00e9ellement bon pour la sant\u00e9 !","publisher":{"@id":"https:\/\/govart.be\/fr\/#organization"},"potentialAction":[{"@type":"SearchAction","target":{"@type":"EntryPoint","urlTemplate":"https:\/\/govart.be\/fr\/?s={search_term_string}"},"query-input":{"@type":"PropertyValueSpecification","valueRequired":true,"valueName":"search_term_string"}}],"inLanguage":"fr-FR"},{"@type":"Organization","@id":"https:\/\/govart.be\/fr\/#organization","name":"Boulangerie Govart","url":"https:\/\/govart.be\/fr\/","logo":{"@type":"ImageObject","inLanguage":"fr-FR","@id":"https:\/\/govart.be\/fr\/#\/schema\/logo\/image\/","url":"https:\/\/govart.be\/fr\/wp-content\/uploads\/sites\/6\/2024\/02\/govart-logo-yellow-1.png","contentUrl":"https:\/\/govart.be\/fr\/wp-content\/uploads\/sites\/6\/2024\/02\/govart-logo-yellow-1.png","width":2818,"height":1227,"caption":"Boulangerie Govart"},"image":{"@id":"https:\/\/govart.be\/fr\/#\/schema\/logo\/image\/"},"sameAs":["https:\/\/www.facebook.com\/profile.php?id=61553924327203","https:\/\/www.instagram.com\/govart.bakery\/"]}]}},"jetpack_sharing_enabled":true,"_links":{"self":[{"href":"https:\/\/govart.be\/fr\/wp-json\/wp\/v2\/pages\/28994","targetHints":{"allow":["GET"]}}],"collection":[{"href":"https:\/\/govart.be\/fr\/wp-json\/wp\/v2\/pages"}],"about":[{"href":"https:\/\/govart.be\/fr\/wp-json\/wp\/v2\/types\/page"}],"author":[{"embeddable":true,"href":"https:\/\/govart.be\/fr\/wp-json\/wp\/v2\/users\/1"}],"replies":[{"embeddable":true,"href":"https:\/\/govart.be\/fr\/wp-json\/wp\/v2\/comments?post=28994"}],"version-history":[{"count":3,"href":"https:\/\/govart.be\/fr\/wp-json\/wp\/v2\/pages\/28994\/revisions"}],"predecessor-version":[{"id":31609,"href":"https:\/\/govart.be\/fr\/wp-json\/wp\/v2\/pages\/28994\/revisions\/31609"}],"wp:attachment":[{"href":"https:\/\/govart.be\/fr\/wp-json\/wp\/v2\/media?parent=28994"}],"curies":[{"name":"wp","href":"https:\/\/api.w.org\/{rel}","templated":true}]}}