{"id":28881,"date":"2023-11-24T09:52:12","date_gmt":"2023-11-24T08:52:12","guid":{"rendered":"https:\/\/govart.be\/?page_id=28881"},"modified":"2025-01-06T16:44:21","modified_gmt":"2025-01-06T15:44:21","slug":"blog","status":"publish","type":"page","link":"https:\/\/govart.be\/fr\/blog\/","title":{"rendered":"Blog"},"content":{"rendered":"\n<div class=\"wp-block-group alignwide has-global-padding is-layout-constrained wp-block-group-is-layout-constrained\" style=\"margin-top:0;margin-bottom:0;padding-top:var(--wp--preset--spacing--40);padding-bottom:var(--wp--preset--spacing--40)\">\n<div class=\"wp-block-columns alignwide is-layout-flex wp-container-core-columns-is-layout-7e464bea wp-block-columns-is-layout-flex\">\n<div class=\"wp-block-column is-layout-flow wp-block-column-is-layout-flow\" style=\"flex-basis:10%\"><\/div>\n\n\n\n<div class=\"wp-block-column is-layout-flow wp-block-column-is-layout-flow\" style=\"flex-basis:60%\">\n<div class=\"wp-block-query is-layout-flow wp-block-query-is-layout-flow\"><ul class=\"wp-block-post-template is-layout-flow wp-block-post-template-is-layout-flow\"><li class=\"wp-block-post post-31114 post type-post status-publish format-standard has-post-thumbnail hentry category-gluten-moderne\">\n\n<article class=\"wp-block-group is-vertical is-content-justification-stretch is-layout-flex wp-container-core-group-is-layout-353c4f5a wp-block-group-is-layout-flex\"><figure class=\"wp-block-post-featured-image\"><img loading=\"lazy\" decoding=\"async\" width=\"1707\" height=\"2560\" src=\"https:\/\/govart.be\/fr\/wp-content\/uploads\/sites\/6\/2024\/07\/artisan-boulanger-qualite-farine-scaled.jpeg\" class=\"attachment-post-thumbnail size-post-thumbnail wp-post-image\" alt=\"Pain au levain naturel. farine de qualit\u00e9 artisanale et biologique \u00e0 la boulangerie govart \u00e0 Alsemberg\" style=\"object-fit:cover;\" srcset=\"https:\/\/govart.be\/fr\/wp-content\/uploads\/sites\/6\/2024\/07\/artisan-boulanger-qualite-farine-scaled.jpeg 1707w, https:\/\/govart.be\/fr\/wp-content\/uploads\/sites\/6\/2024\/07\/artisan-boulanger-qualite-farine-200x300.jpeg 200w, https:\/\/govart.be\/fr\/wp-content\/uploads\/sites\/6\/2024\/07\/artisan-boulanger-qualite-farine-683x1024.jpeg 683w, https:\/\/govart.be\/fr\/wp-content\/uploads\/sites\/6\/2024\/07\/artisan-boulanger-qualite-farine-768x1152.jpeg 768w, https:\/\/govart.be\/fr\/wp-content\/uploads\/sites\/6\/2024\/07\/artisan-boulanger-qualite-farine-1024x1536.jpeg 1024w, https:\/\/govart.be\/fr\/wp-content\/uploads\/sites\/6\/2024\/07\/artisan-boulanger-qualite-farine-1365x2048.jpeg 1365w, https:\/\/govart.be\/fr\/wp-content\/uploads\/sites\/6\/2024\/07\/artisan-boulanger-qualite-farine-600x900.jpeg 600w\" sizes=\"auto, (max-width: 1707px) 100vw, 1707px\" \/><\/figure>\n\n<h2 class=\"wp-block-post-title has-large-font-size\"><a href=\"https:\/\/govart.be\/fr\/2025\/05\/21\/pain-au-levain-naturel-versus-pain-au-levain-quelles-differences\/\" target=\"_self\" >Pain au levain naturel versus pain au levain. Quelles diff\u00e9rences ?<\/a><\/h2>\n\n<div class=\"wp-block-template-part\">\n\n<div class=\"wp-block-group has-global-padding is-layout-constrained wp-block-group-is-layout-constrained\">\n\t\n\t<div class=\"wp-block-group is-content-justification-left is-layout-flex wp-container-core-group-is-layout-dfe8e91f wp-block-group-is-layout-flex\">\n\t\t<div class=\"wp-block-post-date\"><time datetime=\"2025-05-21T11:18:41+02:00\"><a href=\"https:\/\/govart.be\/fr\/2025\/05\/21\/pain-au-levain-naturel-versus-pain-au-levain-quelles-differences\/\">Mai 21, 2025<\/a><\/time><\/div>\n\n\t\t\n\t\t<p class=\"has-contrast-2-color has-text-color\">\u2014<\/p>\n\t\t\n\n\t\t\n\t\t<p class=\"has-small-font-size has-contrast-2-color has-text-color\">par<\/p>\n\t\t\n\n\t\t<div class=\"wp-block-post-author-name\"><a href=\"https:\/\/govart.be\/fr\/author\/kohnna\/\" target=\"_self\" class=\"wp-block-post-author-name__link\">Nathalie Kohn<\/a><\/div>\n\n\t\t<div class=\"taxonomy-category wp-block-post-terms\"><span class=\"wp-block-post-terms__prefix\">dans <\/span><a href=\"https:\/\/govart.be\/fr\/category\/gluten-moderne\/\" rel=\"tag\">Actualit\u00e9s<\/a><\/div>\n\n\t<\/div>\n\t\n<\/div>\n\n\n<\/div><\/article>\n\n\n<div class=\"wp-block-post-excerpt\"><p class=\"wp-block-post-excerpt__excerpt\">Quand on parle de pain au levain, on imagine souvent un pain sain, bon pour la digestion, et fabriqu\u00e9 de fa\u00e7on artisanale. Mais en r\u00e9alit\u00e9, il existe plusieurs types de fabrication de pains au levain, et tous ne se valent\u2026 <\/p><\/div>\n\n\n<div style=\"height:100px\" aria-hidden=\"true\" class=\"wp-block-spacer\"><\/div>\n\n<\/li><li class=\"wp-block-post post-29496 post type-post status-publish format-standard has-post-thumbnail hentry category-gluten-moderne tag-farine-de-ble tag-farine-de-froment tag-gluten tag-gluten-moderne tag-inflammation tag-intolerance-au-gluten\">\n\n<article class=\"wp-block-group is-vertical is-content-justification-stretch is-layout-flex wp-container-core-group-is-layout-353c4f5a wp-block-group-is-layout-flex\"><figure class=\"wp-block-post-featured-image\"><img loading=\"lazy\" decoding=\"async\" width=\"1600\" height=\"1068\" src=\"https:\/\/govart.be\/fr\/wp-content\/uploads\/sites\/6\/2025\/01\/rofq5thivv8.jpg\" class=\"attachment-post-thumbnail size-post-thumbnail wp-post-image\" alt=\"un champs de bl\u00e9 moderne\" style=\"object-fit:cover;\" srcset=\"https:\/\/govart.be\/fr\/wp-content\/uploads\/sites\/6\/2025\/01\/rofq5thivv8.jpg 1600w, https:\/\/govart.be\/fr\/wp-content\/uploads\/sites\/6\/2025\/01\/rofq5thivv8-300x200.jpg 300w, https:\/\/govart.be\/fr\/wp-content\/uploads\/sites\/6\/2025\/01\/rofq5thivv8-1024x684.jpg 1024w, https:\/\/govart.be\/fr\/wp-content\/uploads\/sites\/6\/2025\/01\/rofq5thivv8-768x513.jpg 768w, https:\/\/govart.be\/fr\/wp-content\/uploads\/sites\/6\/2025\/01\/rofq5thivv8-1536x1025.jpg 1536w, https:\/\/govart.be\/fr\/wp-content\/uploads\/sites\/6\/2025\/01\/rofq5thivv8-600x401.jpg 600w\" sizes=\"auto, (max-width: 1600px) 100vw, 1600px\" \/><\/figure>\n\n<h2 class=\"wp-block-post-title has-large-font-size\"><a href=\"https:\/\/govart.be\/fr\/2024\/12\/09\/le-gluten-moderne-origines-et-impact\/\" target=\"_self\" >Le Gluten Moderne : Origines et Impact<\/a><\/h2>\n\n<div class=\"wp-block-template-part\">\n\n<div class=\"wp-block-group has-global-padding is-layout-constrained wp-block-group-is-layout-constrained\">\n\t\n\t<div class=\"wp-block-group is-content-justification-left is-layout-flex wp-container-core-group-is-layout-dfe8e91f wp-block-group-is-layout-flex\">\n\t\t<div class=\"wp-block-post-date\"><time datetime=\"2024-12-09T17:03:40+01:00\"><a href=\"https:\/\/govart.be\/fr\/2024\/12\/09\/le-gluten-moderne-origines-et-impact\/\">D\u00e9c 9, 2024<\/a><\/time><\/div>\n\n\t\t\n\t\t<p class=\"has-contrast-2-color has-text-color\">\u2014<\/p>\n\t\t\n\n\t\t\n\t\t<p class=\"has-small-font-size has-contrast-2-color has-text-color\">par<\/p>\n\t\t\n\n\t\t<div class=\"wp-block-post-author-name\"><a href=\"https:\/\/govart.be\/fr\/author\/kohnna\/\" target=\"_self\" class=\"wp-block-post-author-name__link\">Nathalie Kohn<\/a><\/div>\n\n\t\t<div class=\"taxonomy-category wp-block-post-terms\"><span class=\"wp-block-post-terms__prefix\">dans <\/span><a href=\"https:\/\/govart.be\/fr\/category\/gluten-moderne\/\" rel=\"tag\">Actualit\u00e9s<\/a><\/div>\n\n\t<\/div>\n\t\n<\/div>\n\n\n<\/div><\/article>\n\n\n<div class=\"wp-block-post-excerpt\"><p class=\"wp-block-post-excerpt__excerpt\">Le gluten moderne est pr\u00e9sent dans notre alimentation de tous les jours. Que ce soit dans le pain, les p\u00e2tes ou les produits industriels, le gluten est partout sous toutes les formes. Mais en r\u00e9alit\u00e9, de quoi est compos\u00e9 le\u2026 <\/p><\/div>\n\n\n<div style=\"height:100px\" aria-hidden=\"true\" class=\"wp-block-spacer\"><\/div>\n\n<\/li><li class=\"wp-block-post post-29444 post type-post status-publish format-standard has-post-thumbnail hentry category-gluten-moderne\">\n\n<article class=\"wp-block-group is-vertical is-content-justification-stretch is-layout-flex wp-container-core-group-is-layout-353c4f5a wp-block-group-is-layout-flex\"><figure class=\"wp-block-post-featured-image\"><img loading=\"lazy\" decoding=\"async\" width=\"1600\" height=\"1067\" src=\"https:\/\/govart.be\/fr\/wp-content\/uploads\/sites\/6\/2024\/07\/edsdhvpx36m.jpg\" class=\"attachment-post-thumbnail size-post-thumbnail wp-post-image\" alt=\"bl\u00e9, soleil, govart bakery\" style=\"object-fit:cover;\" srcset=\"https:\/\/govart.be\/fr\/wp-content\/uploads\/sites\/6\/2024\/07\/edsdhvpx36m.jpg 1600w, https:\/\/govart.be\/fr\/wp-content\/uploads\/sites\/6\/2024\/07\/edsdhvpx36m-300x200.jpg 300w, https:\/\/govart.be\/fr\/wp-content\/uploads\/sites\/6\/2024\/07\/edsdhvpx36m-1024x683.jpg 1024w, https:\/\/govart.be\/fr\/wp-content\/uploads\/sites\/6\/2024\/07\/edsdhvpx36m-768x512.jpg 768w, https:\/\/govart.be\/fr\/wp-content\/uploads\/sites\/6\/2024\/07\/edsdhvpx36m-1536x1024.jpg 1536w, https:\/\/govart.be\/fr\/wp-content\/uploads\/sites\/6\/2024\/07\/edsdhvpx36m-600x400.jpg 600w, https:\/\/govart.be\/fr\/wp-content\/uploads\/sites\/6\/2024\/07\/edsdhvpx36m-1320x880.jpg 1320w\" sizes=\"auto, (max-width: 1600px) 100vw, 1600px\" \/><\/figure>\n\n<h2 class=\"wp-block-post-title has-large-font-size\"><a href=\"https:\/\/govart.be\/fr\/2024\/07\/31\/laventure-continue\/\" target=\"_self\" >L&rsquo;aventure continue<\/a><\/h2>\n\n<div class=\"wp-block-template-part\">\n\n<div class=\"wp-block-group has-global-padding is-layout-constrained wp-block-group-is-layout-constrained\">\n\t\n\t<div class=\"wp-block-group is-content-justification-left is-layout-flex wp-container-core-group-is-layout-dfe8e91f wp-block-group-is-layout-flex\">\n\t\t<div class=\"wp-block-post-date\"><time datetime=\"2024-07-31T08:21:32+02:00\"><a href=\"https:\/\/govart.be\/fr\/2024\/07\/31\/laventure-continue\/\">Juil 31, 2024<\/a><\/time><\/div>\n\n\t\t\n\t\t<p class=\"has-contrast-2-color has-text-color\">\u2014<\/p>\n\t\t\n\n\t\t\n\t\t<p class=\"has-small-font-size has-contrast-2-color has-text-color\">par<\/p>\n\t\t\n\n\t\t<div class=\"wp-block-post-author-name\"><a href=\"https:\/\/govart.be\/fr\/author\/kohnna\/\" target=\"_self\" class=\"wp-block-post-author-name__link\">Nathalie Kohn<\/a><\/div>\n\n\t\t<div class=\"taxonomy-category wp-block-post-terms\"><span class=\"wp-block-post-terms__prefix\">dans <\/span><a href=\"https:\/\/govart.be\/fr\/category\/gluten-moderne\/\" rel=\"tag\">Actualit\u00e9s<\/a><\/div>\n\n\t<\/div>\n\t\n<\/div>\n\n\n<\/div><\/article>\n\n\n<div class=\"wp-block-post-excerpt\"><p class=\"wp-block-post-excerpt__excerpt\">Nous avons le plaisir de vous annoncer que notre boulangerie artisanale Govart est pr\u00eate \u00e0 continuer ses activit\u00e9s ! Nos pains nutritifs artisanaux au levain naturel sont fabriqu\u00e9s avec des farines biologiques et moulues sur meule de pierre. Elles sont\u2026 <\/p><\/div>\n\n\n<div style=\"height:100px\" aria-hidden=\"true\" class=\"wp-block-spacer\"><\/div>\n\n<\/li><\/ul>\n\n\n\n<\/div>\n<\/div>\n\n\n\n<div class=\"wp-block-column is-layout-flow wp-block-column-is-layout-flow\" style=\"flex-basis:10%\"><\/div>\n<\/div>\n<\/div>\n","protected":false},"excerpt":{"rendered":"","protected":false},"author":1,"featured_media":0,"parent":0,"menu_order":0,"comment_status":"closed","ping_status":"closed","template":"","meta":{"_trash_the_other_posts":false,"editor_notices":[],"footnotes":""},"class_list":["post-28881","page","type-page","status-publish","hentry"],"yoast_head":"<!-- This site is optimized with the Yoast SEO plugin v27.6 - https:\/\/yoast.com\/product\/yoast-seo-wordpress\/ -->\n<title>Blog - Boulangerie Govart<\/title>\n<meta name=\"robots\" content=\"index, follow, max-snippet:-1, max-image-preview:large, max-video-preview:-1\" \/>\n<link rel=\"canonical\" href=\"https:\/\/govart.be\/fr\/blog\/\" \/>\n<meta property=\"og:locale\" content=\"fr_FR\" \/>\n<meta property=\"og:type\" content=\"article\" \/>\n<meta property=\"og:title\" content=\"Blog - Boulangerie Govart\" \/>\n<meta property=\"og:url\" content=\"https:\/\/govart.be\/fr\/blog\/\" \/>\n<meta property=\"og:site_name\" content=\"Boulangerie Govart\" \/>\n<meta property=\"article:publisher\" content=\"https:\/\/www.facebook.com\/profile.php?id=61553924327203\" \/>\n<meta property=\"article:modified_time\" content=\"2025-01-06T15:44:21+00:00\" \/>\n<meta name=\"twitter:card\" content=\"summary_large_image\" \/>\n<meta name=\"twitter:label1\" content=\"Dur\u00e9e de lecture estim\u00e9e\" \/>\n\t<meta name=\"twitter:data1\" content=\"1 minute\" \/>\n<script type=\"application\/ld+json\" class=\"yoast-schema-graph\">{\"@context\":\"https:\\\/\\\/schema.org\",\"@graph\":[{\"@type\":\"WebPage\",\"@id\":\"https:\\\/\\\/govart.be\\\/fr\\\/blog\\\/\",\"url\":\"https:\\\/\\\/govart.be\\\/fr\\\/blog\\\/\",\"name\":\"Blog - Boulangerie Govart\",\"isPartOf\":{\"@id\":\"https:\\\/\\\/govart.be\\\/fr\\\/#website\"},\"datePublished\":\"2023-11-24T08:52:12+00:00\",\"dateModified\":\"2025-01-06T15:44:21+00:00\",\"breadcrumb\":{\"@id\":\"https:\\\/\\\/govart.be\\\/fr\\\/blog\\\/#breadcrumb\"},\"inLanguage\":\"fr-FR\",\"potentialAction\":[{\"@type\":\"ReadAction\",\"target\":[\"https:\\\/\\\/govart.be\\\/fr\\\/blog\\\/\"]}]},{\"@type\":\"BreadcrumbList\",\"@id\":\"https:\\\/\\\/govart.be\\\/fr\\\/blog\\\/#breadcrumb\",\"itemListElement\":[{\"@type\":\"ListItem\",\"position\":1,\"name\":\"Accueil\",\"item\":\"https:\\\/\\\/govart.be\\\/fr\\\/\"},{\"@type\":\"ListItem\",\"position\":2,\"name\":\"Blog\"}]},{\"@type\":\"WebSite\",\"@id\":\"https:\\\/\\\/govart.be\\\/fr\\\/#website\",\"url\":\"https:\\\/\\\/govart.be\\\/fr\\\/\",\"name\":\"Boulangerie Govart\",\"description\":\"Enfin du pain nutritif et r\u00e9ellement bon pour la sant\u00e9 !\",\"publisher\":{\"@id\":\"https:\\\/\\\/govart.be\\\/fr\\\/#organization\"},\"potentialAction\":[{\"@type\":\"SearchAction\",\"target\":{\"@type\":\"EntryPoint\",\"urlTemplate\":\"https:\\\/\\\/govart.be\\\/fr\\\/?s={search_term_string}\"},\"query-input\":{\"@type\":\"PropertyValueSpecification\",\"valueRequired\":true,\"valueName\":\"search_term_string\"}}],\"inLanguage\":\"fr-FR\"},{\"@type\":\"Organization\",\"@id\":\"https:\\\/\\\/govart.be\\\/fr\\\/#organization\",\"name\":\"Boulangerie Govart\",\"url\":\"https:\\\/\\\/govart.be\\\/fr\\\/\",\"logo\":{\"@type\":\"ImageObject\",\"inLanguage\":\"fr-FR\",\"@id\":\"https:\\\/\\\/govart.be\\\/fr\\\/#\\\/schema\\\/logo\\\/image\\\/\",\"url\":\"https:\\\/\\\/govart.be\\\/fr\\\/wp-content\\\/uploads\\\/sites\\\/6\\\/2024\\\/02\\\/govart-logo-yellow-1.png\",\"contentUrl\":\"https:\\\/\\\/govart.be\\\/fr\\\/wp-content\\\/uploads\\\/sites\\\/6\\\/2024\\\/02\\\/govart-logo-yellow-1.png\",\"width\":2818,\"height\":1227,\"caption\":\"Boulangerie Govart\"},\"image\":{\"@id\":\"https:\\\/\\\/govart.be\\\/fr\\\/#\\\/schema\\\/logo\\\/image\\\/\"},\"sameAs\":[\"https:\\\/\\\/www.facebook.com\\\/profile.php?id=61553924327203\",\"https:\\\/\\\/www.instagram.com\\\/govart.bakery\\\/\"]}]}<\/script>\n<!-- \/ Yoast SEO plugin. -->","yoast_head_json":{"title":"Blog - Boulangerie Govart","robots":{"index":"index","follow":"follow","max-snippet":"max-snippet:-1","max-image-preview":"max-image-preview:large","max-video-preview":"max-video-preview:-1"},"canonical":"https:\/\/govart.be\/fr\/blog\/","og_locale":"fr_FR","og_type":"article","og_title":"Blog - Boulangerie Govart","og_url":"https:\/\/govart.be\/fr\/blog\/","og_site_name":"Boulangerie Govart","article_publisher":"https:\/\/www.facebook.com\/profile.php?id=61553924327203","article_modified_time":"2025-01-06T15:44:21+00:00","twitter_card":"summary_large_image","twitter_misc":{"Dur\u00e9e de lecture estim\u00e9e":"1 minute"},"schema":{"@context":"https:\/\/schema.org","@graph":[{"@type":"WebPage","@id":"https:\/\/govart.be\/fr\/blog\/","url":"https:\/\/govart.be\/fr\/blog\/","name":"Blog - Boulangerie Govart","isPartOf":{"@id":"https:\/\/govart.be\/fr\/#website"},"datePublished":"2023-11-24T08:52:12+00:00","dateModified":"2025-01-06T15:44:21+00:00","breadcrumb":{"@id":"https:\/\/govart.be\/fr\/blog\/#breadcrumb"},"inLanguage":"fr-FR","potentialAction":[{"@type":"ReadAction","target":["https:\/\/govart.be\/fr\/blog\/"]}]},{"@type":"BreadcrumbList","@id":"https:\/\/govart.be\/fr\/blog\/#breadcrumb","itemListElement":[{"@type":"ListItem","position":1,"name":"Accueil","item":"https:\/\/govart.be\/fr\/"},{"@type":"ListItem","position":2,"name":"Blog"}]},{"@type":"WebSite","@id":"https:\/\/govart.be\/fr\/#website","url":"https:\/\/govart.be\/fr\/","name":"Boulangerie Govart","description":"Enfin du pain nutritif et r\u00e9ellement bon pour la sant\u00e9 !","publisher":{"@id":"https:\/\/govart.be\/fr\/#organization"},"potentialAction":[{"@type":"SearchAction","target":{"@type":"EntryPoint","urlTemplate":"https:\/\/govart.be\/fr\/?s={search_term_string}"},"query-input":{"@type":"PropertyValueSpecification","valueRequired":true,"valueName":"search_term_string"}}],"inLanguage":"fr-FR"},{"@type":"Organization","@id":"https:\/\/govart.be\/fr\/#organization","name":"Boulangerie Govart","url":"https:\/\/govart.be\/fr\/","logo":{"@type":"ImageObject","inLanguage":"fr-FR","@id":"https:\/\/govart.be\/fr\/#\/schema\/logo\/image\/","url":"https:\/\/govart.be\/fr\/wp-content\/uploads\/sites\/6\/2024\/02\/govart-logo-yellow-1.png","contentUrl":"https:\/\/govart.be\/fr\/wp-content\/uploads\/sites\/6\/2024\/02\/govart-logo-yellow-1.png","width":2818,"height":1227,"caption":"Boulangerie Govart"},"image":{"@id":"https:\/\/govart.be\/fr\/#\/schema\/logo\/image\/"},"sameAs":["https:\/\/www.facebook.com\/profile.php?id=61553924327203","https:\/\/www.instagram.com\/govart.bakery\/"]}]}},"jetpack_sharing_enabled":true,"_links":{"self":[{"href":"https:\/\/govart.be\/fr\/wp-json\/wp\/v2\/pages\/28881","targetHints":{"allow":["GET"]}}],"collection":[{"href":"https:\/\/govart.be\/fr\/wp-json\/wp\/v2\/pages"}],"about":[{"href":"https:\/\/govart.be\/fr\/wp-json\/wp\/v2\/types\/page"}],"author":[{"embeddable":true,"href":"https:\/\/govart.be\/fr\/wp-json\/wp\/v2\/users\/1"}],"replies":[{"embeddable":true,"href":"https:\/\/govart.be\/fr\/wp-json\/wp\/v2\/comments?post=28881"}],"version-history":[{"count":2,"href":"https:\/\/govart.be\/fr\/wp-json\/wp\/v2\/pages\/28881\/revisions"}],"predecessor-version":[{"id":30588,"href":"https:\/\/govart.be\/fr\/wp-json\/wp\/v2\/pages\/28881\/revisions\/30588"}],"wp:attachment":[{"href":"https:\/\/govart.be\/fr\/wp-json\/wp\/v2\/media?parent=28881"}],"curies":[{"name":"wp","href":"https:\/\/api.w.org\/{rel}","templated":true}]}}