{"id":28876,"date":"2023-11-24T09:48:58","date_gmt":"2023-11-24T08:48:58","guid":{"rendered":"https:\/\/govart.be\/?page_id=28876"},"modified":"2025-02-27T17:03:06","modified_gmt":"2025-02-27T16:03:06","slug":"nos-principes","status":"publish","type":"page","link":"https:\/\/govart.be\/fr\/nos-principes\/","title":{"rendered":"Nos principes"},"content":{"rendered":"\n<div class=\"wp-block-group alignfull has-accent-2-background-color has-background has-global-padding is-layout-constrained wp-container-core-group-is-layout-669513ed wp-block-group-is-layout-constrained\" style=\"margin-top:0;margin-bottom:0;padding-top:var(--wp--preset--spacing--50);padding-right:var(--wp--preset--spacing--50);padding-bottom:var(--wp--preset--spacing--50);padding-left:var(--wp--preset--spacing--50)\">\n<div class=\"wp-block-columns alignwide is-layout-flex wp-container-core-columns-is-layout-28f84493 wp-block-columns-is-layout-flex\">\n<div class=\"wp-block-column is-layout-flow wp-block-column-is-layout-flow\" style=\"flex-basis:40%\">\n<p class=\"wp-container-content-0733e5d0\"><strong>Pains artisanaux au levain naturel<\/strong> fabriqu\u00e9s avec des la farines de froment, \u00e9peautre et seigle complet moulus sur meules de pierre.<\/p>\n<\/div>\n\n\n\n<div class=\"wp-block-column is-layout-flow wp-block-column-is-layout-flow\" style=\"flex-basis:60%\">\n<p class=\"has-large-font-size\">Du pain nutritif au levain naturel et bl\u00e9s biologiques moulus sur meules de pierre.<\/p>\n<\/div>\n<\/div>\n\n\n\n<figure class=\"wp-block-image alignwide size-full is-style-rounded is-style-rounded--1\"><img loading=\"lazy\" decoding=\"async\" width=\"640\" height=\"427\" src=\"https:\/\/govart.be\/fr\/wp-content\/uploads\/sites\/6\/2024\/07\/pain-froment-complet-levain-epeautre.jpeg\" alt=\"pain bio au levain naturel fabriqu\u00e9 par Govart Bakery.\" class=\"wp-image-29310\" srcset=\"https:\/\/govart.be\/fr\/wp-content\/uploads\/sites\/6\/2024\/07\/pain-froment-complet-levain-epeautre.jpeg 640w, https:\/\/govart.be\/fr\/wp-content\/uploads\/sites\/6\/2024\/07\/pain-froment-complet-levain-epeautre-300x200.jpeg 300w, https:\/\/govart.be\/fr\/wp-content\/uploads\/sites\/6\/2024\/07\/pain-froment-complet-levain-epeautre-600x400.jpeg 600w\" sizes=\"auto, (max-width: 640px) 100vw, 640px\" \/><figcaption class=\"wp-element-caption\">Notre pain artisanal au levain et \u00e0 la farine compl\u00e8te biologique moulue sur meule de pierre.\u00a9<\/figcaption><\/figure>\n<\/div>\n\n\n\n<div class=\"wp-block-group alignfull has-base-background-color has-background has-global-padding is-layout-constrained wp-container-core-group-is-layout-d89aad35 wp-block-group-is-layout-constrained\" style=\"margin-top:0;margin-bottom:0;padding-top:var(--wp--preset--spacing--50);padding-right:var(--wp--preset--spacing--50);padding-bottom:var(--wp--preset--spacing--50);padding-left:var(--wp--preset--spacing--50)\">\n<div class=\"wp-block-columns alignwide is-layout-flex wp-container-core-columns-is-layout-549b0c86 wp-block-columns-is-layout-flex\">\n<div class=\"wp-block-column has-global-padding is-content-justification-left is-layout-constrained wp-container-core-column-is-layout-4f15e8fe wp-block-column-is-layout-constrained\" style=\"flex-basis:40%\">\n<p><strong>La fili\u00e8re bl\u00e9-pain <\/strong>englobe l&rsquo;agriculteur, le meunier et l&rsquo;artisan-boulanger.<\/p>\n<\/div>\n\n\n\n<div class=\"wp-block-column is-layout-flow wp-container-core-column-is-layout-119bc444 wp-block-column-is-layout-flow\" style=\"flex-basis:60%\">\n<p class=\"has-heading-font-family has-x-large-font-size\" style=\"line-height:1.2\">Sensibiliser les consommateurs \u00e0 la qualit\u00e9 du pain artisanal.<\/p>\n\n\n\n<div class=\"wp-block-columns is-layout-flex wp-container-core-columns-is-layout-87beb0d0 wp-block-columns-is-layout-flex\">\n<div class=\"wp-block-column is-layout-flow wp-block-column-is-layout-flow\">\n<p>Informer les consommateurs sur <a href=\"https:\/\/auvio.rtbf.be\/media\/tendances-premiere-tendances-premiere-le-dossier-3245350\">la fili\u00e8re bl\u00e9-pain est crucial pour l&rsquo;avenir et la qualit\u00e9 de notre alimentation. <\/a>En effet, le client a le droit de faire un choix \u00e9clair\u00e9 quant \u00e0 la valeur nutritive du pain qu&rsquo;il consomme.<\/p>\n\n\n\n<p>Tout d&rsquo;abord, le pain doit \u00eatre nourrissant, fabriqu\u00e9 avec des grains vari\u00e9s et complets, <strong>sans besoin d&rsquo;adjuvants ni d&rsquo;additifs<\/strong>.<\/p>\n<\/div>\n\n\n\n<div class=\"wp-block-column is-layout-flow wp-block-column-is-layout-flow\">\n<p>C&rsquo;est pourquoi, chez<strong> Govart<\/strong> <strong>Bakery<\/strong> <strong>\u00e0 Alsemberg<\/strong>, nous optons uniquement pour des <strong>farines compl\u00e8tes biologiques et moulues sur meules de pierre<\/strong>.<\/p>\n\n\n\n<p>Ce choix de farines de qualit\u00e9, coupl\u00e9 \u00e0 <strong>la longue fermentation au levain naturel, <\/strong>vous garantit un aliment de haute valeur nutritive, <strong>pauvre en gluten <\/strong>et digeste.<\/p>\n\n\n\n<div class=\"wp-block-buttons is-layout-flex wp-block-buttons-is-layout-flex\">\n<div class=\"wp-block-button\"><a class=\"wp-block-button__link wp-element-button\" href=\"https:\/\/govart.be\/fr\/boutique\/\">boutique en ligne<\/a><\/div>\n<\/div>\n<\/div>\n<\/div>\n<\/div>\n<\/div>\n<\/div>\n\n\n\n<div class=\"wp-block-cover alignfull has-parallax has-custom-content-position is-position-bottom-center\" style=\"padding-top:var(--wp--preset--spacing--50);padding-right:var(--wp--preset--spacing--50);padding-bottom:var(--wp--preset--spacing--50);padding-left:var(--wp--preset--spacing--50);min-height:100vh;aspect-ratio:unset;\"><span aria-hidden=\"true\" class=\"wp-block-cover__background has-base-background-color has-background-dim-0 has-background-dim\"><\/span><div role=\"img\" aria-label=\"farine de qualit\u00e9 artisanale et biologique \u00e0 la boulangerie govart \u00e0 Alsemberg\" class=\"wp-block-cover__image-background wp-image-29315 has-parallax\" style=\"background-position:50% 50%;background-image:url(https:\/\/govart.be\/fr\/wp-content\/uploads\/sites\/6\/2024\/07\/artisan-boulanger-qualite-farine-scaled.jpeg)\"><\/div><div class=\"wp-block-cover__inner-container has-global-padding is-layout-constrained wp-container-core-cover-is-layout-e4fd886c wp-block-cover-is-layout-constrained\">\n<div style=\"height:500px\" aria-hidden=\"true\" class=\"wp-block-spacer\"><\/div>\n<\/div><\/div>\n\n\n\n<div class=\"wp-block-group alignfull has-base-2-background-color has-background has-global-padding is-layout-constrained wp-container-core-group-is-layout-7cd14b77 wp-block-group-is-layout-constrained\" style=\"margin-top:0;margin-bottom:0;padding-top:var(--wp--preset--spacing--60);padding-right:var(--wp--preset--spacing--60);padding-bottom:var(--wp--preset--spacing--60);padding-left:var(--wp--preset--spacing--60)\">\n<div class=\"wp-block-group alignwide is-layout-flow wp-block-group-is-layout-flow\">\n<div style=\"height:var(--wp--preset--spacing--50)\" aria-hidden=\"true\" class=\"wp-block-spacer\"><\/div>\n\n\n\n<p class=\"has-text-align-center has-heading-font-family has-x-large-font-size\" style=\"font-style:normal;font-weight:400;line-height:1.2\">Nous utilisons exclusivement le levain naturel pour la panification de notre pain artisanal. <\/p>\n\n\n\n<p class=\"has-text-align-center has-heading-font-family has-medium-font-size\" style=\"font-style:normal;font-weight:400;line-height:1.2\">Cette m\u00e9thode ancestrale am\u00e9liore la <strong>digestibilit\u00e9 du gluten<\/strong> et augmente les bienfaits nutritionnels du pain.<\/p>\n<\/div>\n\n\n\n<div class=\"wp-block-buttons is-content-justification-center is-layout-flex wp-container-core-buttons-is-layout-a89b3969 wp-block-buttons-is-layout-flex\">\n<div class=\"wp-block-button\"><a class=\"wp-block-button__link has-text-align-left wp-element-button\" href=\"https:\/\/govart.be\/fr\/boutique\/\">Commandez en ligne<\/a><\/div>\n<\/div>\n<\/div>\n\n\n\n<div class=\"wp-block-group alignfull has-base-2-color has-contrast-background-color has-text-color has-background has-link-color wp-elements-99b4ed01b2f2795fa91e0142d3e33df0 has-global-padding is-layout-constrained wp-container-core-group-is-layout-facafb6f wp-block-group-is-layout-constrained\" style=\"margin-top:0;margin-bottom:0;padding-top:var(--wp--preset--spacing--50);padding-right:var(--wp--preset--spacing--50);padding-bottom:var(--wp--preset--spacing--50);padding-left:var(--wp--preset--spacing--50)\">\n<div class=\"wp-block-columns alignwide is-layout-flex wp-container-core-columns-is-layout-d1c656ed wp-block-columns-is-layout-flex\">\n<div class=\"wp-block-column is-vertically-aligned-stretch is-layout-flow wp-block-column-is-layout-flow\" style=\"padding-right:0;flex-basis:60%\">\n<div class=\"wp-block-group is-vertical is-content-justification-stretch is-layout-flex wp-container-core-group-is-layout-ae24f51d wp-block-group-is-layout-flex\" style=\"min-height:100%\">\n<p class=\"has-medium-font-size\">1. <strong>Le bl\u00e9 et sa provenance.<\/strong> <strong>La fili\u00e8re bl\u00e9-pain <\/strong>est souvent m\u00e9connue des consommateurs. Chez <strong>Govart Bakery<\/strong>, nous avons choisi la transparence sur nos farines qui viennent d&rsquo;un <strong><a href=\"https:\/\/www.moulins-bourgeois.com\/bio\/\">moulin artisanal biologique<\/a><\/strong> en France.<\/p>\n\n\n\n<figure class=\"wp-block-image size-large\"><img loading=\"lazy\" decoding=\"async\" width=\"1024\" height=\"1024\" src=\"https:\/\/govart.be\/fr\/wp-content\/uploads\/sites\/6\/2025\/02\/DSC_0315-1024x1024.jpg\" alt=\"pain nutritif et complet aux graines et levain naturel. Farine biologique moulue sur meule de pierre. Sans additif\" class=\"wp-image-30814\" srcset=\"https:\/\/govart.be\/fr\/wp-content\/uploads\/sites\/6\/2025\/02\/DSC_0315-1024x1024.jpg 1024w, https:\/\/govart.be\/fr\/wp-content\/uploads\/sites\/6\/2025\/02\/DSC_0315-300x300.jpg 300w, https:\/\/govart.be\/fr\/wp-content\/uploads\/sites\/6\/2025\/02\/DSC_0315-150x150.jpg 150w, https:\/\/govart.be\/fr\/wp-content\/uploads\/sites\/6\/2025\/02\/DSC_0315-768x768.jpg 768w, https:\/\/govart.be\/fr\/wp-content\/uploads\/sites\/6\/2025\/02\/DSC_0315-600x600.jpg 600w, https:\/\/govart.be\/fr\/wp-content\/uploads\/sites\/6\/2025\/02\/DSC_0315-100x100.jpg 100w, https:\/\/govart.be\/fr\/wp-content\/uploads\/sites\/6\/2025\/02\/DSC_0315.jpg 1500w\" sizes=\"auto, (max-width: 1024px) 100vw, 1024px\" \/><figcaption class=\"wp-element-caption\">Photo de notre pain complet aux graines et levain naturel. Farine biologique moulue sur meule de pierre. Sans additif\u00a9<\/figcaption><\/figure>\n\n\n\n<p class=\"has-medium-font-size\">2. Nos pains nutritifs sont tous issus d&rsquo;une longue fermentation au levain naturel avec<strong> de la farine biologique sans additif<\/strong> <strong>ni conservateur<\/strong> <strong>et moulues sur meules de pierre.<\/strong> Nous n&rsquo;ajoutons aucune levure, chez <strong>Govart Bakery<\/strong>, c&rsquo;est le levain qui fait tout !<\/p>\n<\/div>\n<\/div>\n\n\n\n<div class=\"wp-block-column is-layout-flow wp-block-column-is-layout-flow\" style=\"flex-basis:40%\">\n<div class=\"wp-block-group has-global-padding is-layout-constrained wp-block-group-is-layout-constrained\">\n<p class=\"has-large-font-size\" style=\"font-style:normal;font-weight:500;line-height:1.2\">Soucieux de la qualit\u00e9 des grains,<\/p>\n\n\n\n<p class=\"has-medium-font-size\" style=\"font-style:normal;font-weight:500;line-height:1.2\"><strong>Ce moulin artisanal moud les grains sur meule de pierre<\/strong>.<\/p>\n\n\n\n<p class=\"has-medium-font-size\" style=\"font-style:normal;font-weight:500;line-height:1.2\">Cette m\u00e9thode utilise deux grandes pierres circulaires pour \u00e9craser les grains de bl\u00e9.<\/p>\n\n\n\n<p><strong>Cette technique pr\u00e9serve les nutriments et les ar\u00f4mes des grains<\/strong>.<\/p>\n\n\n\n<div class=\"wp-block-buttons is-layout-flex wp-block-buttons-is-layout-flex\">\n<div class=\"wp-block-button is-style-outline is-style-outline--2\"><a class=\"wp-block-button__link wp-element-button\" href=\"https:\/\/govart.be\/fr\/notre-histroire\/\">En savoir d&rsquo;avantage sur notre histoire<\/a><\/div>\n<\/div>\n<\/div>\n\n\n\n<div class=\"wp-block-buttons is-content-justification-center is-layout-flex wp-container-core-buttons-is-layout-a89b3969 wp-block-buttons-is-layout-flex\">\n<div class=\"wp-block-button is-style-outline is-style-outline--3\"><a class=\"wp-block-button__link has-accent-2-background-color has-background has-text-align-center wp-element-button\" href=\"https:\/\/govart.be\/fr\/commandes\/\">Commande et Abonnement<\/a><\/div>\n<\/div>\n<\/div>\n<\/div>\n<\/div>\n\n\n\n<div style=\"height:var(--wp--preset--spacing--50)\" aria-hidden=\"true\" class=\"wp-block-spacer\"><\/div>\n\n\n\n<div class=\"wp-block-group alignwide has-global-padding is-layout-constrained wp-block-group-is-layout-constrained\">\n<h1 class=\"wp-block-heading alignwide has-xx-large-font-size\" style=\"line-height:1.2\">Un pain au levain naturel et \u00e0 la farine compl\u00e8te d&rsquo;\u00e9peautre, de seigle et de froment.<\/h1>\n<\/div>\n\n\n\n<div class=\"wp-block-group alignfull has-global-padding is-layout-constrained wp-container-core-group-is-layout-0747478d wp-block-group-is-layout-constrained\" style=\"padding-top:var(--wp--preset--spacing--50);padding-right:var(--wp--preset--spacing--50);padding-bottom:var(--wp--preset--spacing--50);padding-left:var(--wp--preset--spacing--50)\">\n<div class=\"wp-block-columns alignwide is-layout-flex wp-container-core-columns-is-layout-ff4b9c61 wp-block-columns-is-layout-flex\" style=\"margin-top:0;margin-bottom:0\">\n<div class=\"wp-block-column is-layout-flow wp-container-core-column-is-layout-8a368f38 wp-block-column-is-layout-flow\">\n<p>Plus l&rsquo;enveloppe du bl\u00e9 est conserv\u00e9e, plus la farine est compl\u00e8te. En effet, <strong>c&rsquo;est dans cette enveloppe que se concentrent les micro-nutriments <\/strong>essentiels \u00e0 notre microbiote.<\/p>\n<\/div>\n\n\n\n<div class=\"wp-block-column is-vertically-aligned-bottom is-layout-flow wp-container-core-column-is-layout-8736a895 wp-block-column-is-layout-flow\" style=\"padding-top:0\">\n<div class=\"wp-block-query is-layout-flow wp-block-query-is-layout-flow\">\n<div class=\"wp-block-columns is-layout-flex wp-container-core-columns-is-layout-28f84493 wp-block-columns-is-layout-flex\">\n<div class=\"wp-block-column is-layout-flow wp-block-column-is-layout-flow\" style=\"flex-basis:100%\">\n<p>Ainsi, plus la farine est blanche, moins elle contient de nutriments. \u00c0 l&rsquo;inverse, <strong>plus votre farine est compl\u00e8te, plus vous b\u00e9n\u00e9ficierez de nutriments<\/strong> dans votre alimentation.<\/p>\n<\/div>\n<\/div>\n<\/div>\n\n\n\n<div class=\"wp-block-group has-global-padding is-layout-constrained wp-block-group-is-layout-constrained\"><\/div>\n<\/div>\n\n\n\n<div class=\"wp-block-column is-layout-flow wp-container-core-column-is-layout-8a368f38 wp-block-column-is-layout-flow\">\n<div class=\"wp-block-columns is-layout-flex wp-container-core-columns-is-layout-28f84493 wp-block-columns-is-layout-flex\">\n<div class=\"wp-block-column is-layout-flow wp-block-column-is-layout-flow\" style=\"flex-basis:100%\">\n<div class=\"wp-block-query is-layout-flow wp-block-query-is-layout-flow\">\n<p>C&rsquo;est aussi simple que cela. Consommer du pain complet fabriqu\u00e9 \u00e0 partir de <strong>farine biologique moulue sur meules de pierre<\/strong>, <strong>associ\u00e9 au levain naturel, <\/strong>am\u00e9liorera significativement votre <strong>bien-\u00eatre intestinal.<\/strong><\/p>\n<\/div>\n<\/div>\n<\/div>\n<\/div>\n<\/div>\n\n\n\n<p class=\"has-text-align-left\">Sources des informations : \u00ab\u00a0Sauvons le pain\u00a0\u00bb de Christian R\u00e9m\u00e9sy, Nutritionniste et ancien directeur de recherche \u00e0 l&rsquo;Inrae.<\/p>\n<\/div>\n","protected":false},"excerpt":{"rendered":"<p>Pains artisanaux au levain naturel fabriqu\u00e9s avec des la farines de froment, \u00e9peautre et seigle complet moulus sur meules de pierre. Du pain nutritif au levain naturel et bl\u00e9s biologiques moulus sur meules de pierre. La fili\u00e8re bl\u00e9-pain englobe l&rsquo;agriculteur, le meunier et l&rsquo;artisan-boulanger. Sensibiliser les consommateurs \u00e0 la qualit\u00e9 du pain artisanal. Informer les [&hellip;]<\/p>\n","protected":false},"author":1,"featured_media":0,"parent":0,"menu_order":0,"comment_status":"closed","ping_status":"closed","template":"","meta":{"_trash_the_other_posts":false,"editor_notices":[],"footnotes":""},"class_list":["post-28876","page","type-page","status-publish","hentry"],"yoast_head":"<!-- This site is optimized with the Yoast SEO plugin v27.6 - https:\/\/yoast.com\/product\/yoast-seo-wordpress\/ -->\n<title>Nos principes - Boulangerie Govart<\/title>\n<meta name=\"description\" content=\"Farines compl\u00e8tes biologiques moulues sur meules de pierre et fabrication exclusivement au levain naturel. Sans additif ni conservateur\" \/>\n<meta name=\"robots\" content=\"index, follow, max-snippet:-1, max-image-preview:large, max-video-preview:-1\" \/>\n<link rel=\"canonical\" href=\"https:\/\/govart.be\/fr\/nos-principes\/\" \/>\n<meta property=\"og:locale\" content=\"fr_FR\" \/>\n<meta property=\"og:type\" content=\"article\" \/>\n<meta property=\"og:title\" content=\"Nos principes - Boulangerie Govart\" \/>\n<meta property=\"og:description\" content=\"Farines compl\u00e8tes biologiques moulues sur meules de pierre et fabrication exclusivement au levain naturel. Sans additif ni conservateur\" \/>\n<meta property=\"og:url\" content=\"https:\/\/govart.be\/fr\/nos-principes\/\" \/>\n<meta property=\"og:site_name\" content=\"Boulangerie Govart\" \/>\n<meta property=\"article:publisher\" content=\"https:\/\/www.facebook.com\/profile.php?id=61553924327203\" \/>\n<meta property=\"article:modified_time\" content=\"2025-02-27T16:03:06+00:00\" \/>\n<meta property=\"og:image\" content=\"https:\/\/govart.be\/fr\/wp-content\/uploads\/sites\/6\/2024\/07\/pain-froment-complet-levain-epeautre.jpeg\" \/>\n\t<meta property=\"og:image:width\" content=\"640\" \/>\n\t<meta property=\"og:image:height\" content=\"427\" \/>\n\t<meta property=\"og:image:type\" content=\"image\/jpeg\" \/>\n<meta name=\"twitter:card\" content=\"summary_large_image\" \/>\n<meta name=\"twitter:label1\" content=\"Dur\u00e9e de lecture estim\u00e9e\" \/>\n\t<meta name=\"twitter:data1\" content=\"3 minutes\" \/>\n<script type=\"application\/ld+json\" class=\"yoast-schema-graph\">{\"@context\":\"https:\\\/\\\/schema.org\",\"@graph\":[{\"@type\":\"WebPage\",\"@id\":\"https:\\\/\\\/govart.be\\\/fr\\\/nos-principes\\\/\",\"url\":\"https:\\\/\\\/govart.be\\\/fr\\\/nos-principes\\\/\",\"name\":\"Nos principes - Boulangerie Govart\",\"isPartOf\":{\"@id\":\"https:\\\/\\\/govart.be\\\/fr\\\/#website\"},\"primaryImageOfPage\":{\"@id\":\"https:\\\/\\\/govart.be\\\/fr\\\/nos-principes\\\/#primaryimage\"},\"image\":{\"@id\":\"https:\\\/\\\/govart.be\\\/fr\\\/nos-principes\\\/#primaryimage\"},\"thumbnailUrl\":\"https:\\\/\\\/govart.be\\\/fr\\\/wp-content\\\/uploads\\\/sites\\\/6\\\/2024\\\/07\\\/pain-froment-complet-levain-epeautre.jpeg\",\"datePublished\":\"2023-11-24T08:48:58+00:00\",\"dateModified\":\"2025-02-27T16:03:06+00:00\",\"description\":\"Farines compl\u00e8tes biologiques moulues sur meules de pierre et fabrication exclusivement au levain naturel. Sans additif ni conservateur\",\"breadcrumb\":{\"@id\":\"https:\\\/\\\/govart.be\\\/fr\\\/nos-principes\\\/#breadcrumb\"},\"inLanguage\":\"fr-FR\",\"potentialAction\":[{\"@type\":\"ReadAction\",\"target\":[\"https:\\\/\\\/govart.be\\\/fr\\\/nos-principes\\\/\"]}]},{\"@type\":\"ImageObject\",\"inLanguage\":\"fr-FR\",\"@id\":\"https:\\\/\\\/govart.be\\\/fr\\\/nos-principes\\\/#primaryimage\",\"url\":\"https:\\\/\\\/govart.be\\\/fr\\\/wp-content\\\/uploads\\\/sites\\\/6\\\/2024\\\/07\\\/pain-froment-complet-levain-epeautre.jpeg\",\"contentUrl\":\"https:\\\/\\\/govart.be\\\/fr\\\/wp-content\\\/uploads\\\/sites\\\/6\\\/2024\\\/07\\\/pain-froment-complet-levain-epeautre.jpeg\",\"width\":640,\"height\":427,\"caption\":\"Photo appartenant \u00e0 Govart.be \u00a9\"},{\"@type\":\"BreadcrumbList\",\"@id\":\"https:\\\/\\\/govart.be\\\/fr\\\/nos-principes\\\/#breadcrumb\",\"itemListElement\":[{\"@type\":\"ListItem\",\"position\":1,\"name\":\"Accueil\",\"item\":\"https:\\\/\\\/govart.be\\\/fr\\\/\"},{\"@type\":\"ListItem\",\"position\":2,\"name\":\"Nos principes\"}]},{\"@type\":\"WebSite\",\"@id\":\"https:\\\/\\\/govart.be\\\/fr\\\/#website\",\"url\":\"https:\\\/\\\/govart.be\\\/fr\\\/\",\"name\":\"Boulangerie Govart\",\"description\":\"Enfin du pain nutritif et r\u00e9ellement bon pour la sant\u00e9 !\",\"publisher\":{\"@id\":\"https:\\\/\\\/govart.be\\\/fr\\\/#organization\"},\"potentialAction\":[{\"@type\":\"SearchAction\",\"target\":{\"@type\":\"EntryPoint\",\"urlTemplate\":\"https:\\\/\\\/govart.be\\\/fr\\\/?s={search_term_string}\"},\"query-input\":{\"@type\":\"PropertyValueSpecification\",\"valueRequired\":true,\"valueName\":\"search_term_string\"}}],\"inLanguage\":\"fr-FR\"},{\"@type\":\"Organization\",\"@id\":\"https:\\\/\\\/govart.be\\\/fr\\\/#organization\",\"name\":\"Boulangerie Govart\",\"url\":\"https:\\\/\\\/govart.be\\\/fr\\\/\",\"logo\":{\"@type\":\"ImageObject\",\"inLanguage\":\"fr-FR\",\"@id\":\"https:\\\/\\\/govart.be\\\/fr\\\/#\\\/schema\\\/logo\\\/image\\\/\",\"url\":\"https:\\\/\\\/govart.be\\\/fr\\\/wp-content\\\/uploads\\\/sites\\\/6\\\/2024\\\/02\\\/govart-logo-yellow-1.png\",\"contentUrl\":\"https:\\\/\\\/govart.be\\\/fr\\\/wp-content\\\/uploads\\\/sites\\\/6\\\/2024\\\/02\\\/govart-logo-yellow-1.png\",\"width\":2818,\"height\":1227,\"caption\":\"Boulangerie Govart\"},\"image\":{\"@id\":\"https:\\\/\\\/govart.be\\\/fr\\\/#\\\/schema\\\/logo\\\/image\\\/\"},\"sameAs\":[\"https:\\\/\\\/www.facebook.com\\\/profile.php?id=61553924327203\",\"https:\\\/\\\/www.instagram.com\\\/govart.bakery\\\/\"]}]}<\/script>\n<!-- \/ Yoast SEO plugin. -->","yoast_head_json":{"title":"Nos principes - Boulangerie Govart","description":"Farines compl\u00e8tes biologiques moulues sur meules de pierre et fabrication exclusivement au levain naturel. Sans additif ni conservateur","robots":{"index":"index","follow":"follow","max-snippet":"max-snippet:-1","max-image-preview":"max-image-preview:large","max-video-preview":"max-video-preview:-1"},"canonical":"https:\/\/govart.be\/fr\/nos-principes\/","og_locale":"fr_FR","og_type":"article","og_title":"Nos principes - Boulangerie Govart","og_description":"Farines compl\u00e8tes biologiques moulues sur meules de pierre et fabrication exclusivement au levain naturel. Sans additif ni conservateur","og_url":"https:\/\/govart.be\/fr\/nos-principes\/","og_site_name":"Boulangerie Govart","article_publisher":"https:\/\/www.facebook.com\/profile.php?id=61553924327203","article_modified_time":"2025-02-27T16:03:06+00:00","og_image":[{"width":640,"height":427,"url":"https:\/\/govart.be\/fr\/wp-content\/uploads\/sites\/6\/2024\/07\/pain-froment-complet-levain-epeautre.jpeg","type":"image\/jpeg"}],"twitter_card":"summary_large_image","twitter_misc":{"Dur\u00e9e de lecture estim\u00e9e":"3 minutes"},"schema":{"@context":"https:\/\/schema.org","@graph":[{"@type":"WebPage","@id":"https:\/\/govart.be\/fr\/nos-principes\/","url":"https:\/\/govart.be\/fr\/nos-principes\/","name":"Nos principes - Boulangerie Govart","isPartOf":{"@id":"https:\/\/govart.be\/fr\/#website"},"primaryImageOfPage":{"@id":"https:\/\/govart.be\/fr\/nos-principes\/#primaryimage"},"image":{"@id":"https:\/\/govart.be\/fr\/nos-principes\/#primaryimage"},"thumbnailUrl":"https:\/\/govart.be\/fr\/wp-content\/uploads\/sites\/6\/2024\/07\/pain-froment-complet-levain-epeautre.jpeg","datePublished":"2023-11-24T08:48:58+00:00","dateModified":"2025-02-27T16:03:06+00:00","description":"Farines compl\u00e8tes biologiques moulues sur meules de pierre et fabrication exclusivement au levain naturel. Sans additif ni conservateur","breadcrumb":{"@id":"https:\/\/govart.be\/fr\/nos-principes\/#breadcrumb"},"inLanguage":"fr-FR","potentialAction":[{"@type":"ReadAction","target":["https:\/\/govart.be\/fr\/nos-principes\/"]}]},{"@type":"ImageObject","inLanguage":"fr-FR","@id":"https:\/\/govart.be\/fr\/nos-principes\/#primaryimage","url":"https:\/\/govart.be\/fr\/wp-content\/uploads\/sites\/6\/2024\/07\/pain-froment-complet-levain-epeautre.jpeg","contentUrl":"https:\/\/govart.be\/fr\/wp-content\/uploads\/sites\/6\/2024\/07\/pain-froment-complet-levain-epeautre.jpeg","width":640,"height":427,"caption":"Photo appartenant \u00e0 Govart.be \u00a9"},{"@type":"BreadcrumbList","@id":"https:\/\/govart.be\/fr\/nos-principes\/#breadcrumb","itemListElement":[{"@type":"ListItem","position":1,"name":"Accueil","item":"https:\/\/govart.be\/fr\/"},{"@type":"ListItem","position":2,"name":"Nos principes"}]},{"@type":"WebSite","@id":"https:\/\/govart.be\/fr\/#website","url":"https:\/\/govart.be\/fr\/","name":"Boulangerie Govart","description":"Enfin du pain nutritif et r\u00e9ellement bon pour la sant\u00e9 !","publisher":{"@id":"https:\/\/govart.be\/fr\/#organization"},"potentialAction":[{"@type":"SearchAction","target":{"@type":"EntryPoint","urlTemplate":"https:\/\/govart.be\/fr\/?s={search_term_string}"},"query-input":{"@type":"PropertyValueSpecification","valueRequired":true,"valueName":"search_term_string"}}],"inLanguage":"fr-FR"},{"@type":"Organization","@id":"https:\/\/govart.be\/fr\/#organization","name":"Boulangerie Govart","url":"https:\/\/govart.be\/fr\/","logo":{"@type":"ImageObject","inLanguage":"fr-FR","@id":"https:\/\/govart.be\/fr\/#\/schema\/logo\/image\/","url":"https:\/\/govart.be\/fr\/wp-content\/uploads\/sites\/6\/2024\/02\/govart-logo-yellow-1.png","contentUrl":"https:\/\/govart.be\/fr\/wp-content\/uploads\/sites\/6\/2024\/02\/govart-logo-yellow-1.png","width":2818,"height":1227,"caption":"Boulangerie Govart"},"image":{"@id":"https:\/\/govart.be\/fr\/#\/schema\/logo\/image\/"},"sameAs":["https:\/\/www.facebook.com\/profile.php?id=61553924327203","https:\/\/www.instagram.com\/govart.bakery\/"]}]}},"jetpack_sharing_enabled":true,"_links":{"self":[{"href":"https:\/\/govart.be\/fr\/wp-json\/wp\/v2\/pages\/28876","targetHints":{"allow":["GET"]}}],"collection":[{"href":"https:\/\/govart.be\/fr\/wp-json\/wp\/v2\/pages"}],"about":[{"href":"https:\/\/govart.be\/fr\/wp-json\/wp\/v2\/types\/page"}],"author":[{"embeddable":true,"href":"https:\/\/govart.be\/fr\/wp-json\/wp\/v2\/users\/1"}],"replies":[{"embeddable":true,"href":"https:\/\/govart.be\/fr\/wp-json\/wp\/v2\/comments?post=28876"}],"version-history":[{"count":79,"href":"https:\/\/govart.be\/fr\/wp-json\/wp\/v2\/pages\/28876\/revisions"}],"predecessor-version":[{"id":30896,"href":"https:\/\/govart.be\/fr\/wp-json\/wp\/v2\/pages\/28876\/revisions\/30896"}],"wp:attachment":[{"href":"https:\/\/govart.be\/fr\/wp-json\/wp\/v2\/media?parent=28876"}],"curies":[{"name":"wp","href":"https:\/\/api.w.org\/{rel}","templated":true}]}}