{"id":28875,"date":"2023-11-24T09:49:09","date_gmt":"2023-11-24T08:49:09","guid":{"rendered":"https:\/\/govart.be\/?page_id=28875"},"modified":"2025-03-14T16:20:31","modified_gmt":"2025-03-14T15:20:31","slug":"composition-de-nos-pains-au-levain-naturel","status":"publish","type":"page","link":"https:\/\/govart.be\/fr\/composition-de-nos-pains-au-levain-naturel\/","title":{"rendered":"Composition de nos pains au levain naturel."},"content":{"rendered":"\n<p>En quelques d\u00e9cennies, le pain est devenu un aliment peu nutritif et rempli d&rsquo;additifs. Pourtant tous ces am\u00e9liorants et conservateurs coupl\u00e9s \u00e0 une farine de pi\u00e8tre qualit\u00e9 rendent malades les consommateurs. C&rsquo;est pourquoi, <strong>chez Govart Bakery, nous tenons \u00e0 \u00eatre totalement transparent sur la composition de nos<\/strong> <strong>pains au levain naturel.<\/strong><\/p>\n\n\n\n<h2 class=\"wp-block-heading\">Des farines biologiques \u00e9cras\u00e9es \u00e0 la meule de pierre.<\/h2>\n\n\n\n<p>Une farine de qualit\u00e9 sup\u00e9rieure est la base d\u2019un pain nutritif bon pour la sant\u00e9.  C&rsquo;est naturellement que notre choix s&rsquo;est port\u00e9 sur des<strong> farines biologiques \u00e9cras\u00e9es \u00e0 la meule de pierre.<\/strong> Toutes nos farines sont pures <strong>sans additif, am\u00e9liorant ou conservateur.<\/strong><\/p>\n\n\n\n<p>Les farines que nous avons s\u00e9lectionn\u00e9es pour fabriquer vos <strong>pains au levain naturel<\/strong> viennent d&rsquo;<strong>un moulin biologique en France<\/strong> \u00ab\u00a0<a href=\"https:\/\/www.moulins-bourgeois.com\/bio\/\">Moulin Bourgeois<\/a>\u00ab\u00a0. Leur meunerie biologique moud les bl\u00e9s sur meules de pierre. Cette technique ancestrale <strong>conserve tous les nutriments du grain<\/strong> de la c\u00e9r\u00e9ale.<\/p>\n\n\n\n<p>Les m\u00e9langes pour nos diff\u00e9rents pains sont confectionn\u00e9s par nous-m\u00eame \u00e0 l&rsquo;atelier avec des produits bruts \u00e9galement d\u00e9nu\u00e9s d&rsquo;additif.<\/p>\n\n\n\n<p>Ainsi, vous obtenez un pain qui a du go\u00fbt, pauvre en gluten et <strong>riche en vitamines et min\u00e9raux.<\/strong><\/p>\n\n\n\n<h2 class=\"wp-block-heading\">Pain au levain naturel.<\/h2>\n\n\n\n<p>Notre <strong>levain naturel<\/strong> a maintenant 2 ans. Il est r\u00e9alis\u00e9 et nourri par nous-m\u00eame avec une<strong> farine biologique moulue \u00e0 la meule de pierre<\/strong>. Il poss\u00e8de un go\u00fbt tr\u00e8s doux peu acide en bouche.<\/p>\n\n\n\n<p><strong>Le levain naturel est un m\u00e9lange ferment\u00e9 <\/strong>\u00e0 base de farine et d&rsquo;eau. Gr\u00e2ce aux <strong>micro-organismes<\/strong> naturellement pr\u00e9sents dans l\u2019environnement, le <strong>levain naturel s&rsquo;enrichit \u00e0 la fois en levures sauvages et en bact\u00e9ries lactiques<\/strong>. <\/p>\n\n\n\n<p>Cette <strong>diversit\u00e9 microbienne offre au pain une richesse aromatique<\/strong> incomparable et une meilleure conservation.<\/p>\n\n\n\n<p>Contrairement aux levures commerciales, compos\u00e9es d\u2019une seule souche s\u00e9lectionn\u00e9e pour sa rapidit\u00e9, le processus de fermentation du <strong>levain naturel <\/strong>demande plus de temps. <\/p>\n\n\n\n<p><strong>Ainsi, tous nos pains sont fabriqu\u00e9s au levain naturel<\/strong> et \u00e0 la farine biologique moulue sur meules de pierre. Ils sont garantis <strong>sans adjuvants, sans conservateurs et sans additifs.<\/strong><\/p>\n\n\n\n<h2 class=\"wp-block-heading\">Une fermentation tr\u00e8s longue.<\/h2>\n\n\n\n<p>Chez nous, le pain prend son temps, beaucoup de temps. <strong>Apr\u00e8s avoir fait grandir nos levains pour les commandes, nous confectionnons les pains et les laissons reposer plus de 15 heures.<\/strong><\/p>\n\n\n\n<p>Cette<strong> longue fermentation <\/strong>permet aux enzymes et levures sauvages pr\u00e9sentes dans le levain naturel de <strong>pr\u00e9-dig\u00e9rer une grande partie du gluten.<\/strong><\/p>\n\n\n\n<p>Ce processus de<strong> longue fermentation coupl\u00e9 au levain naturel<\/strong> vous apporte un r\u00e9el <strong>confort digestif<\/strong> et <strong>un pain r\u00e9ellement nutritif.<\/strong><\/p>\n\n\n\n<h2 class=\"wp-block-heading\">Contre le gaspillage alimentaire.<\/h2>\n\n\n\n<p>Chez Govart Bakery \u00e0 Alsemberg, nous sommes <strong>r\u00e9solument contre le gaspillage alimentaire<\/strong>. <\/p>\n\n\n\n<p>Ainsi, pour \u00e9viter les invendus, toutes <strong>les pr\u00e9-commandes doivent \u00eatre pass\u00e9es&nbsp;via notre site internet <a href=\"https:\/\/govart.be\/fr\/boutique\/\">govart.be\/fr\/boutique<\/a><\/strong> 48h en avance. Le site internet <a href=\"https:\/\/govart.be\/fr\/\">Govart.be<\/a> est fonctionnel 7\/7.<\/p>\n\n\n\n<p>Pourquoi 48h \u00e0 l&rsquo;avance ? <\/p>\n\n\n\n<ul class=\"wp-block-list\">\n<li>Pour pr\u00e9parer la quantit\u00e9 de <strong>levain naturel<\/strong> n\u00e9cessaire<\/li>\n\n\n\n<li>Pour laisser aux pains un <strong>long temps de fermentation<\/strong> (plus de 15h)<\/li>\n<\/ul>\n\n\n\n<p>Les <strong>pains au levain naturel sont cuit le matin-m\u00eame de votre venue<\/strong>.<\/p>\n\n\n\n<p>Tout est r\u00e9alis\u00e9 artisanalement dans notre atelier de <strong>boulangerie alternative \u00e0 Alsemberg.<\/strong><\/p>\n","protected":false},"excerpt":{"rendered":"<p>En quelques d\u00e9cennies, le pain est devenu un aliment peu nutritif et rempli d&rsquo;additifs. Pourtant tous ces am\u00e9liorants et conservateurs coupl\u00e9s \u00e0 une farine de pi\u00e8tre qualit\u00e9 rendent malades les consommateurs. C&rsquo;est pourquoi, chez Govart Bakery, nous tenons \u00e0 \u00eatre totalement transparent sur la composition de nos pains au levain naturel. Des farines biologiques \u00e9cras\u00e9es [&hellip;]<\/p>\n","protected":false},"author":1,"featured_media":29310,"parent":0,"menu_order":0,"comment_status":"closed","ping_status":"closed","template":"","meta":{"_trash_the_other_posts":false,"editor_notices":[],"footnotes":""},"class_list":["post-28875","page","type-page","status-publish","has-post-thumbnail","hentry"],"yoast_head":"<!-- This site is optimized with the Yoast SEO plugin v27.6 - https:\/\/yoast.com\/product\/yoast-seo-wordpress\/ -->\n<title>Composition de nos pains au levain naturel. - Boulangerie Govart<\/title>\n<meta name=\"description\" content=\"Tous nos pains sont fabriqu\u00e9s au levain naturel et \u00e0 la farine biologique moulue sur meules de pierre. Sans conservateurs et sans additifs !\" \/>\n<meta name=\"robots\" content=\"index, follow, max-snippet:-1, max-image-preview:large, max-video-preview:-1\" \/>\n<link rel=\"canonical\" href=\"https:\/\/govart.be\/fr\/composition-de-nos-pains-au-levain-naturel\/\" \/>\n<meta property=\"og:locale\" content=\"fr_FR\" \/>\n<meta property=\"og:type\" content=\"article\" \/>\n<meta property=\"og:title\" content=\"Composition de nos pains au levain naturel. - Boulangerie Govart\" \/>\n<meta property=\"og:description\" content=\"Tous nos pains sont fabriqu\u00e9s au levain naturel et \u00e0 la farine biologique moulue sur meules de pierre. Sans conservateurs et sans additifs !\" \/>\n<meta property=\"og:url\" content=\"https:\/\/govart.be\/fr\/composition-de-nos-pains-au-levain-naturel\/\" \/>\n<meta property=\"og:site_name\" content=\"Boulangerie Govart\" \/>\n<meta property=\"article:publisher\" content=\"https:\/\/www.facebook.com\/profile.php?id=61553924327203\" \/>\n<meta property=\"article:modified_time\" content=\"2025-03-14T15:20:31+00:00\" \/>\n<meta property=\"og:image\" content=\"https:\/\/govart.be\/fr\/wp-content\/uploads\/sites\/6\/2024\/07\/pain-froment-complet-levain-epeautre.jpeg\" \/>\n\t<meta property=\"og:image:width\" content=\"640\" \/>\n\t<meta property=\"og:image:height\" content=\"427\" \/>\n\t<meta property=\"og:image:type\" content=\"image\/jpeg\" \/>\n<meta name=\"twitter:card\" content=\"summary_large_image\" \/>\n<meta name=\"twitter:label1\" content=\"Dur\u00e9e de lecture estim\u00e9e\" \/>\n\t<meta name=\"twitter:data1\" content=\"3 minutes\" \/>\n<script type=\"application\/ld+json\" class=\"yoast-schema-graph\">{\"@context\":\"https:\\\/\\\/schema.org\",\"@graph\":[{\"@type\":\"WebPage\",\"@id\":\"https:\\\/\\\/govart.be\\\/fr\\\/composition-de-nos-pains-au-levain-naturel\\\/\",\"url\":\"https:\\\/\\\/govart.be\\\/fr\\\/composition-de-nos-pains-au-levain-naturel\\\/\",\"name\":\"Composition de nos pains au levain naturel. - Boulangerie Govart\",\"isPartOf\":{\"@id\":\"https:\\\/\\\/govart.be\\\/fr\\\/#website\"},\"primaryImageOfPage\":{\"@id\":\"https:\\\/\\\/govart.be\\\/fr\\\/composition-de-nos-pains-au-levain-naturel\\\/#primaryimage\"},\"image\":{\"@id\":\"https:\\\/\\\/govart.be\\\/fr\\\/composition-de-nos-pains-au-levain-naturel\\\/#primaryimage\"},\"thumbnailUrl\":\"https:\\\/\\\/govart.be\\\/fr\\\/wp-content\\\/uploads\\\/sites\\\/6\\\/2024\\\/07\\\/pain-froment-complet-levain-epeautre.jpeg\",\"datePublished\":\"2023-11-24T08:49:09+00:00\",\"dateModified\":\"2025-03-14T15:20:31+00:00\",\"description\":\"Tous nos pains sont fabriqu\u00e9s au levain naturel et \u00e0 la farine biologique moulue sur meules de pierre. Sans conservateurs et sans additifs !\",\"breadcrumb\":{\"@id\":\"https:\\\/\\\/govart.be\\\/fr\\\/composition-de-nos-pains-au-levain-naturel\\\/#breadcrumb\"},\"inLanguage\":\"fr-FR\",\"potentialAction\":[{\"@type\":\"ReadAction\",\"target\":[\"https:\\\/\\\/govart.be\\\/fr\\\/composition-de-nos-pains-au-levain-naturel\\\/\"]}]},{\"@type\":\"ImageObject\",\"inLanguage\":\"fr-FR\",\"@id\":\"https:\\\/\\\/govart.be\\\/fr\\\/composition-de-nos-pains-au-levain-naturel\\\/#primaryimage\",\"url\":\"https:\\\/\\\/govart.be\\\/fr\\\/wp-content\\\/uploads\\\/sites\\\/6\\\/2024\\\/07\\\/pain-froment-complet-levain-epeautre.jpeg\",\"contentUrl\":\"https:\\\/\\\/govart.be\\\/fr\\\/wp-content\\\/uploads\\\/sites\\\/6\\\/2024\\\/07\\\/pain-froment-complet-levain-epeautre.jpeg\",\"width\":640,\"height\":427,\"caption\":\"Photo appartenant \u00e0 Govart.be \u00a9\"},{\"@type\":\"BreadcrumbList\",\"@id\":\"https:\\\/\\\/govart.be\\\/fr\\\/composition-de-nos-pains-au-levain-naturel\\\/#breadcrumb\",\"itemListElement\":[{\"@type\":\"ListItem\",\"position\":1,\"name\":\"Accueil\",\"item\":\"https:\\\/\\\/govart.be\\\/fr\\\/\"},{\"@type\":\"ListItem\",\"position\":2,\"name\":\"Composition de nos pains au levain naturel.\"}]},{\"@type\":\"WebSite\",\"@id\":\"https:\\\/\\\/govart.be\\\/fr\\\/#website\",\"url\":\"https:\\\/\\\/govart.be\\\/fr\\\/\",\"name\":\"Boulangerie Govart\",\"description\":\"Enfin du pain nutritif et r\u00e9ellement bon pour la sant\u00e9 !\",\"publisher\":{\"@id\":\"https:\\\/\\\/govart.be\\\/fr\\\/#organization\"},\"potentialAction\":[{\"@type\":\"SearchAction\",\"target\":{\"@type\":\"EntryPoint\",\"urlTemplate\":\"https:\\\/\\\/govart.be\\\/fr\\\/?s={search_term_string}\"},\"query-input\":{\"@type\":\"PropertyValueSpecification\",\"valueRequired\":true,\"valueName\":\"search_term_string\"}}],\"inLanguage\":\"fr-FR\"},{\"@type\":\"Organization\",\"@id\":\"https:\\\/\\\/govart.be\\\/fr\\\/#organization\",\"name\":\"Boulangerie Govart\",\"url\":\"https:\\\/\\\/govart.be\\\/fr\\\/\",\"logo\":{\"@type\":\"ImageObject\",\"inLanguage\":\"fr-FR\",\"@id\":\"https:\\\/\\\/govart.be\\\/fr\\\/#\\\/schema\\\/logo\\\/image\\\/\",\"url\":\"https:\\\/\\\/govart.be\\\/fr\\\/wp-content\\\/uploads\\\/sites\\\/6\\\/2024\\\/02\\\/govart-logo-yellow-1.png\",\"contentUrl\":\"https:\\\/\\\/govart.be\\\/fr\\\/wp-content\\\/uploads\\\/sites\\\/6\\\/2024\\\/02\\\/govart-logo-yellow-1.png\",\"width\":2818,\"height\":1227,\"caption\":\"Boulangerie Govart\"},\"image\":{\"@id\":\"https:\\\/\\\/govart.be\\\/fr\\\/#\\\/schema\\\/logo\\\/image\\\/\"},\"sameAs\":[\"https:\\\/\\\/www.facebook.com\\\/profile.php?id=61553924327203\",\"https:\\\/\\\/www.instagram.com\\\/govart.bakery\\\/\"]}]}<\/script>\n<!-- \/ Yoast SEO plugin. -->","yoast_head_json":{"title":"Composition de nos pains au levain naturel. - Boulangerie Govart","description":"Tous nos pains sont fabriqu\u00e9s au levain naturel et \u00e0 la farine biologique moulue sur meules de pierre. Sans conservateurs et sans additifs !","robots":{"index":"index","follow":"follow","max-snippet":"max-snippet:-1","max-image-preview":"max-image-preview:large","max-video-preview":"max-video-preview:-1"},"canonical":"https:\/\/govart.be\/fr\/composition-de-nos-pains-au-levain-naturel\/","og_locale":"fr_FR","og_type":"article","og_title":"Composition de nos pains au levain naturel. - Boulangerie Govart","og_description":"Tous nos pains sont fabriqu\u00e9s au levain naturel et \u00e0 la farine biologique moulue sur meules de pierre. Sans conservateurs et sans additifs !","og_url":"https:\/\/govart.be\/fr\/composition-de-nos-pains-au-levain-naturel\/","og_site_name":"Boulangerie Govart","article_publisher":"https:\/\/www.facebook.com\/profile.php?id=61553924327203","article_modified_time":"2025-03-14T15:20:31+00:00","og_image":[{"width":640,"height":427,"url":"https:\/\/govart.be\/fr\/wp-content\/uploads\/sites\/6\/2024\/07\/pain-froment-complet-levain-epeautre.jpeg","type":"image\/jpeg"}],"twitter_card":"summary_large_image","twitter_misc":{"Dur\u00e9e de lecture estim\u00e9e":"3 minutes"},"schema":{"@context":"https:\/\/schema.org","@graph":[{"@type":"WebPage","@id":"https:\/\/govart.be\/fr\/composition-de-nos-pains-au-levain-naturel\/","url":"https:\/\/govart.be\/fr\/composition-de-nos-pains-au-levain-naturel\/","name":"Composition de nos pains au levain naturel. - Boulangerie Govart","isPartOf":{"@id":"https:\/\/govart.be\/fr\/#website"},"primaryImageOfPage":{"@id":"https:\/\/govart.be\/fr\/composition-de-nos-pains-au-levain-naturel\/#primaryimage"},"image":{"@id":"https:\/\/govart.be\/fr\/composition-de-nos-pains-au-levain-naturel\/#primaryimage"},"thumbnailUrl":"https:\/\/govart.be\/fr\/wp-content\/uploads\/sites\/6\/2024\/07\/pain-froment-complet-levain-epeautre.jpeg","datePublished":"2023-11-24T08:49:09+00:00","dateModified":"2025-03-14T15:20:31+00:00","description":"Tous nos pains sont fabriqu\u00e9s au levain naturel et \u00e0 la farine biologique moulue sur meules de pierre. Sans conservateurs et sans additifs !","breadcrumb":{"@id":"https:\/\/govart.be\/fr\/composition-de-nos-pains-au-levain-naturel\/#breadcrumb"},"inLanguage":"fr-FR","potentialAction":[{"@type":"ReadAction","target":["https:\/\/govart.be\/fr\/composition-de-nos-pains-au-levain-naturel\/"]}]},{"@type":"ImageObject","inLanguage":"fr-FR","@id":"https:\/\/govart.be\/fr\/composition-de-nos-pains-au-levain-naturel\/#primaryimage","url":"https:\/\/govart.be\/fr\/wp-content\/uploads\/sites\/6\/2024\/07\/pain-froment-complet-levain-epeautre.jpeg","contentUrl":"https:\/\/govart.be\/fr\/wp-content\/uploads\/sites\/6\/2024\/07\/pain-froment-complet-levain-epeautre.jpeg","width":640,"height":427,"caption":"Photo appartenant \u00e0 Govart.be \u00a9"},{"@type":"BreadcrumbList","@id":"https:\/\/govart.be\/fr\/composition-de-nos-pains-au-levain-naturel\/#breadcrumb","itemListElement":[{"@type":"ListItem","position":1,"name":"Accueil","item":"https:\/\/govart.be\/fr\/"},{"@type":"ListItem","position":2,"name":"Composition de nos pains au levain naturel."}]},{"@type":"WebSite","@id":"https:\/\/govart.be\/fr\/#website","url":"https:\/\/govart.be\/fr\/","name":"Boulangerie Govart","description":"Enfin du pain nutritif et r\u00e9ellement bon pour la sant\u00e9 !","publisher":{"@id":"https:\/\/govart.be\/fr\/#organization"},"potentialAction":[{"@type":"SearchAction","target":{"@type":"EntryPoint","urlTemplate":"https:\/\/govart.be\/fr\/?s={search_term_string}"},"query-input":{"@type":"PropertyValueSpecification","valueRequired":true,"valueName":"search_term_string"}}],"inLanguage":"fr-FR"},{"@type":"Organization","@id":"https:\/\/govart.be\/fr\/#organization","name":"Boulangerie Govart","url":"https:\/\/govart.be\/fr\/","logo":{"@type":"ImageObject","inLanguage":"fr-FR","@id":"https:\/\/govart.be\/fr\/#\/schema\/logo\/image\/","url":"https:\/\/govart.be\/fr\/wp-content\/uploads\/sites\/6\/2024\/02\/govart-logo-yellow-1.png","contentUrl":"https:\/\/govart.be\/fr\/wp-content\/uploads\/sites\/6\/2024\/02\/govart-logo-yellow-1.png","width":2818,"height":1227,"caption":"Boulangerie Govart"},"image":{"@id":"https:\/\/govart.be\/fr\/#\/schema\/logo\/image\/"},"sameAs":["https:\/\/www.facebook.com\/profile.php?id=61553924327203","https:\/\/www.instagram.com\/govart.bakery\/"]}]}},"jetpack_sharing_enabled":true,"_links":{"self":[{"href":"https:\/\/govart.be\/fr\/wp-json\/wp\/v2\/pages\/28875","targetHints":{"allow":["GET"]}}],"collection":[{"href":"https:\/\/govart.be\/fr\/wp-json\/wp\/v2\/pages"}],"about":[{"href":"https:\/\/govart.be\/fr\/wp-json\/wp\/v2\/types\/page"}],"author":[{"embeddable":true,"href":"https:\/\/govart.be\/fr\/wp-json\/wp\/v2\/users\/1"}],"replies":[{"embeddable":true,"href":"https:\/\/govart.be\/fr\/wp-json\/wp\/v2\/comments?post=28875"}],"version-history":[{"count":32,"href":"https:\/\/govart.be\/fr\/wp-json\/wp\/v2\/pages\/28875\/revisions"}],"predecessor-version":[{"id":30966,"href":"https:\/\/govart.be\/fr\/wp-json\/wp\/v2\/pages\/28875\/revisions\/30966"}],"wp:featuredmedia":[{"embeddable":true,"href":"https:\/\/govart.be\/fr\/wp-json\/wp\/v2\/media\/29310"}],"wp:attachment":[{"href":"https:\/\/govart.be\/fr\/wp-json\/wp\/v2\/media?parent=28875"}],"curies":[{"name":"wp","href":"https:\/\/api.w.org\/{rel}","templated":true}]}}