{"id":28872,"date":"2023-11-24T09:42:31","date_gmt":"2023-11-24T08:42:31","guid":{"rendered":"https:\/\/govart.be\/?page_id=28872"},"modified":"2025-07-28T15:53:21","modified_gmt":"2025-07-28T13:53:21","slug":"contact","status":"publish","type":"page","link":"https:\/\/govart.be\/fr\/contact\/","title":{"rendered":"Contact"},"content":{"rendered":"\n<h2 class=\"wp-block-heading has-text-align-center\">Govart Bakery<\/h2>\n\n\n\n<figure class=\"wp-block-image size-large\"><img loading=\"lazy\" decoding=\"async\" width=\"787\" height=\"1024\" src=\"https:\/\/govart.be\/fr\/wp-content\/uploads\/sites\/6\/2025\/07\/maison-787x1024.jpeg\" alt=\"Govart Bakery \u00e0 Beersel, la boulangerie au levain naturel sur Alsemberg\" class=\"wp-image-31361\" srcset=\"https:\/\/govart.be\/fr\/wp-content\/uploads\/sites\/6\/2025\/07\/maison-787x1024.jpeg 787w, https:\/\/govart.be\/fr\/wp-content\/uploads\/sites\/6\/2025\/07\/maison-231x300.jpeg 231w, https:\/\/govart.be\/fr\/wp-content\/uploads\/sites\/6\/2025\/07\/maison-768x999.jpeg 768w, https:\/\/govart.be\/fr\/wp-content\/uploads\/sites\/6\/2025\/07\/maison-1181x1536.jpeg 1181w, https:\/\/govart.be\/fr\/wp-content\/uploads\/sites\/6\/2025\/07\/maison-1575x2048.jpeg 1575w, https:\/\/govart.be\/fr\/wp-content\/uploads\/sites\/6\/2025\/07\/maison-600x780.jpeg 600w, https:\/\/govart.be\/fr\/wp-content\/uploads\/sites\/6\/2025\/07\/maison-scaled.jpeg 1968w\" sizes=\"auto, (max-width: 787px) 100vw, 787px\" \/><figcaption class=\"wp-element-caption\">Govart Bakery, la boulangerie au levain naturel, le seul, le vrai! \u00a9<\/figcaption><\/figure>\n\n\n\n<h3 class=\"wp-block-heading has-text-align-center has-large-font-size\">Pains artisanaux au levain naturel et \u00e0 la farine biologique moulue \u00e0 la meule de pierre.<\/h3>\n\n\n\n<div class=\"wp-block-cover is-light\"><span aria-hidden=\"true\" class=\"wp-block-cover__background has-accent-4-background-color has-background-dim-100 has-background-dim\"><\/span><div class=\"wp-block-cover__inner-container has-global-padding is-layout-constrained wp-block-cover-is-layout-constrained\">\n<p class=\"has-text-align-center\"><strong>Micro-boulangerie au levain naturel \u00e0 Alsemberg<\/strong><\/p>\n\n\n\n<p class=\"has-text-align-center has-medium-font-size\"><strong>Sur commande 48h \u00e0 l&rsquo;avance<\/strong> <\/p>\n\n\n\n<p class=\"has-text-align-center has-medium-font-size\"><strong>Ouvert tous les vendredis<\/strong> <strong>de 11:00 \u00e0 18:00<\/strong><\/p>\n\n\n\n<div class=\"wp-block-group has-border-color has-accent-3-border-color has-global-padding is-layout-constrained wp-container-core-group-is-layout-86dba5ee wp-block-group-is-layout-constrained\" style=\"padding-top:var(--wp--preset--spacing--10);padding-right:var(--wp--preset--spacing--10);padding-bottom:var(--wp--preset--spacing--10);padding-left:var(--wp--preset--spacing--10)\">\n<p class=\"has-text-align-center\">Tous nos pains <strong>levain naturel <\/strong>sont issus d&rsquo;une <strong>longue fermentation <\/strong>de plus de 15 heures.<\/p>\n<\/div>\n\n\n\n<div class=\"wp-block-buttons is-content-justification-center is-layout-flex wp-container-core-buttons-is-layout-a89b3969 wp-block-buttons-is-layout-flex\">\n<div class=\"wp-block-button is-style-fill\"><a class=\"wp-block-button__link has-accent-3-background-color has-background wp-element-button\" href=\"https:\/\/govart.be\/fr\/boutique\/\">commander en ligne<\/a><\/div>\n\n\n\n<div class=\"wp-block-button is-style-outline is-style-outline--1\"><a class=\"wp-block-button__link has-border-color has-accent-3-border-color wp-element-button\" href=\"https:\/\/govart.be\/fr\/commandes\/\">Abonnement<\/a><\/div>\n<\/div>\n<\/div><\/div>\n\n\n\n<p class=\"has-text-align-center\"> Retrait de vos commandes \u00e0 la porte de notre atelier de boulangerie artisanale : <strong>Halsendallaan, 36 \u00e0 1652 Alsemberg<\/strong><\/p>\n\n\n\n<p class=\"has-text-align-center\">Besoin d&rsquo;informations compl\u00e9mentaires sur nos <strong>pains au levain naturel<\/strong> ?<\/p>\n\n\n\n<p class=\"has-text-align-center\"><a href=\"tel:\">0483 37 39 7<\/a><a href=\"tel:0032483373978\">8<\/a><\/p>\n\n\n\n<p class=\"has-text-align-center\"><a href=\"mailto:info@govart.be\">info@govart.be<\/a><\/p>\n","protected":false},"excerpt":{"rendered":"<p>Govart Bakery Pains artisanaux au levain naturel et \u00e0 la farine biologique moulue \u00e0 la meule de pierre. Retrait de vos commandes \u00e0 la porte de notre atelier de boulangerie artisanale : Halsendallaan, 36 \u00e0 1652 Alsemberg Besoin d&rsquo;informations compl\u00e9mentaires sur nos pains au levain naturel ? 0483 37 39 78 info@govart.be<\/p>\n","protected":false},"author":1,"featured_media":0,"parent":0,"menu_order":0,"comment_status":"closed","ping_status":"closed","template":"","meta":{"_trash_the_other_posts":false,"editor_notices":[],"footnotes":""},"class_list":["post-28872","page","type-page","status-publish","hentry"],"yoast_head":"<!-- This site is optimized with the Yoast SEO plugin v27.3 - https:\/\/yoast.com\/product\/yoast-seo-wordpress\/ -->\n<title>Contact - Boulangerie Govart<\/title>\n<meta name=\"description\" content=\"Govart, Artisan boulanger. Atelier de pains biologiques au levain \u00e0 Alsemberg. Commande 24h \u00e0 l&#039;avance \u260e 0483 37 39 78 ou \ud83d\udedc govart.be\" \/>\n<meta name=\"robots\" content=\"index, follow, max-snippet:-1, max-image-preview:large, max-video-preview:-1\" \/>\n<link rel=\"canonical\" href=\"https:\/\/govart.be\/fr\/contact\/\" \/>\n<meta property=\"og:locale\" content=\"fr_FR\" \/>\n<meta property=\"og:type\" content=\"article\" \/>\n<meta property=\"og:title\" content=\"Contact - Boulangerie Govart\" \/>\n<meta property=\"og:description\" content=\"Govart, Artisan boulanger. Atelier de pains biologiques au levain \u00e0 Alsemberg. Commande 24h \u00e0 l&#039;avance \u260e 0483 37 39 78 ou \ud83d\udedc govart.be\" \/>\n<meta property=\"og:url\" content=\"https:\/\/govart.be\/fr\/contact\/\" \/>\n<meta property=\"og:site_name\" content=\"Boulangerie Govart\" \/>\n<meta property=\"article:publisher\" content=\"https:\/\/www.facebook.com\/profile.php?id=61553924327203\" \/>\n<meta property=\"article:modified_time\" content=\"2025-07-28T13:53:21+00:00\" \/>\n<meta property=\"og:image\" content=\"https:\/\/govart.be\/fr\/wp-content\/uploads\/sites\/6\/2025\/07\/maison-scaled.jpeg\" \/>\n\t<meta property=\"og:image:width\" content=\"1968\" \/>\n\t<meta property=\"og:image:height\" content=\"2560\" \/>\n\t<meta property=\"og:image:type\" content=\"image\/jpeg\" \/>\n<meta name=\"twitter:card\" content=\"summary_large_image\" \/>\n<meta name=\"twitter:label1\" content=\"Dur\u00e9e de lecture estim\u00e9e\" \/>\n\t<meta name=\"twitter:data1\" content=\"1 minute\" \/>\n<script type=\"application\/ld+json\" class=\"yoast-schema-graph\">{\"@context\":\"https:\\\/\\\/schema.org\",\"@graph\":[{\"@type\":\"WebPage\",\"@id\":\"https:\\\/\\\/govart.be\\\/fr\\\/contact\\\/\",\"url\":\"https:\\\/\\\/govart.be\\\/fr\\\/contact\\\/\",\"name\":\"Contact - Boulangerie Govart\",\"isPartOf\":{\"@id\":\"https:\\\/\\\/govart.be\\\/fr\\\/#website\"},\"primaryImageOfPage\":{\"@id\":\"https:\\\/\\\/govart.be\\\/fr\\\/contact\\\/#primaryimage\"},\"image\":{\"@id\":\"https:\\\/\\\/govart.be\\\/fr\\\/contact\\\/#primaryimage\"},\"thumbnailUrl\":\"https:\\\/\\\/govart.be\\\/fr\\\/wp-content\\\/uploads\\\/sites\\\/6\\\/2025\\\/07\\\/maison-787x1024.jpeg\",\"datePublished\":\"2023-11-24T08:42:31+00:00\",\"dateModified\":\"2025-07-28T13:53:21+00:00\",\"description\":\"Govart, Artisan boulanger. Atelier de pains biologiques au levain \u00e0 Alsemberg. Commande 24h \u00e0 l'avance \u260e 0483 37 39 78 ou \ud83d\udedc govart.be\",\"breadcrumb\":{\"@id\":\"https:\\\/\\\/govart.be\\\/fr\\\/contact\\\/#breadcrumb\"},\"inLanguage\":\"fr-FR\",\"potentialAction\":[{\"@type\":\"ReadAction\",\"target\":[\"https:\\\/\\\/govart.be\\\/fr\\\/contact\\\/\"]}]},{\"@type\":\"ImageObject\",\"inLanguage\":\"fr-FR\",\"@id\":\"https:\\\/\\\/govart.be\\\/fr\\\/contact\\\/#primaryimage\",\"url\":\"https:\\\/\\\/govart.be\\\/fr\\\/wp-content\\\/uploads\\\/sites\\\/6\\\/2025\\\/07\\\/maison-scaled.jpeg\",\"contentUrl\":\"https:\\\/\\\/govart.be\\\/fr\\\/wp-content\\\/uploads\\\/sites\\\/6\\\/2025\\\/07\\\/maison-scaled.jpeg\",\"width\":1968,\"height\":2560,\"caption\":\"Govart Bakery \u00e0 Beersel, la boulangerie au levain naturel sur Alsemberg\"},{\"@type\":\"BreadcrumbList\",\"@id\":\"https:\\\/\\\/govart.be\\\/fr\\\/contact\\\/#breadcrumb\",\"itemListElement\":[{\"@type\":\"ListItem\",\"position\":1,\"name\":\"Accueil\",\"item\":\"https:\\\/\\\/govart.be\\\/fr\\\/\"},{\"@type\":\"ListItem\",\"position\":2,\"name\":\"Contact\"}]},{\"@type\":\"WebSite\",\"@id\":\"https:\\\/\\\/govart.be\\\/fr\\\/#website\",\"url\":\"https:\\\/\\\/govart.be\\\/fr\\\/\",\"name\":\"Boulangerie Govart\",\"description\":\"Enfin du pain nutritif et r\u00e9ellement bon pour la sant\u00e9 !\",\"publisher\":{\"@id\":\"https:\\\/\\\/govart.be\\\/fr\\\/#organization\"},\"potentialAction\":[{\"@type\":\"SearchAction\",\"target\":{\"@type\":\"EntryPoint\",\"urlTemplate\":\"https:\\\/\\\/govart.be\\\/fr\\\/?s={search_term_string}\"},\"query-input\":{\"@type\":\"PropertyValueSpecification\",\"valueRequired\":true,\"valueName\":\"search_term_string\"}}],\"inLanguage\":\"fr-FR\"},{\"@type\":\"Organization\",\"@id\":\"https:\\\/\\\/govart.be\\\/fr\\\/#organization\",\"name\":\"Boulangerie Govart\",\"url\":\"https:\\\/\\\/govart.be\\\/fr\\\/\",\"logo\":{\"@type\":\"ImageObject\",\"inLanguage\":\"fr-FR\",\"@id\":\"https:\\\/\\\/govart.be\\\/fr\\\/#\\\/schema\\\/logo\\\/image\\\/\",\"url\":\"https:\\\/\\\/govart.be\\\/fr\\\/wp-content\\\/uploads\\\/sites\\\/6\\\/2024\\\/02\\\/govart-logo-yellow-1.png\",\"contentUrl\":\"https:\\\/\\\/govart.be\\\/fr\\\/wp-content\\\/uploads\\\/sites\\\/6\\\/2024\\\/02\\\/govart-logo-yellow-1.png\",\"width\":2818,\"height\":1227,\"caption\":\"Boulangerie Govart\"},\"image\":{\"@id\":\"https:\\\/\\\/govart.be\\\/fr\\\/#\\\/schema\\\/logo\\\/image\\\/\"},\"sameAs\":[\"https:\\\/\\\/www.facebook.com\\\/profile.php?id=61553924327203\",\"https:\\\/\\\/www.instagram.com\\\/govart.bakery\\\/\"]}]}<\/script>\n<!-- \/ Yoast SEO plugin. -->","yoast_head_json":{"title":"Contact - Boulangerie Govart","description":"Govart, Artisan boulanger. Atelier de pains biologiques au levain \u00e0 Alsemberg. Commande 24h \u00e0 l'avance \u260e 0483 37 39 78 ou \ud83d\udedc govart.be","robots":{"index":"index","follow":"follow","max-snippet":"max-snippet:-1","max-image-preview":"max-image-preview:large","max-video-preview":"max-video-preview:-1"},"canonical":"https:\/\/govart.be\/fr\/contact\/","og_locale":"fr_FR","og_type":"article","og_title":"Contact - Boulangerie Govart","og_description":"Govart, Artisan boulanger. Atelier de pains biologiques au levain \u00e0 Alsemberg. Commande 24h \u00e0 l'avance \u260e 0483 37 39 78 ou \ud83d\udedc govart.be","og_url":"https:\/\/govart.be\/fr\/contact\/","og_site_name":"Boulangerie Govart","article_publisher":"https:\/\/www.facebook.com\/profile.php?id=61553924327203","article_modified_time":"2025-07-28T13:53:21+00:00","og_image":[{"width":1968,"height":2560,"url":"https:\/\/govart.be\/fr\/wp-content\/uploads\/sites\/6\/2025\/07\/maison-scaled.jpeg","type":"image\/jpeg"}],"twitter_card":"summary_large_image","twitter_misc":{"Dur\u00e9e de lecture estim\u00e9e":"1 minute"},"schema":{"@context":"https:\/\/schema.org","@graph":[{"@type":"WebPage","@id":"https:\/\/govart.be\/fr\/contact\/","url":"https:\/\/govart.be\/fr\/contact\/","name":"Contact - Boulangerie Govart","isPartOf":{"@id":"https:\/\/govart.be\/fr\/#website"},"primaryImageOfPage":{"@id":"https:\/\/govart.be\/fr\/contact\/#primaryimage"},"image":{"@id":"https:\/\/govart.be\/fr\/contact\/#primaryimage"},"thumbnailUrl":"https:\/\/govart.be\/fr\/wp-content\/uploads\/sites\/6\/2025\/07\/maison-787x1024.jpeg","datePublished":"2023-11-24T08:42:31+00:00","dateModified":"2025-07-28T13:53:21+00:00","description":"Govart, Artisan boulanger. Atelier de pains biologiques au levain \u00e0 Alsemberg. Commande 24h \u00e0 l'avance \u260e 0483 37 39 78 ou \ud83d\udedc govart.be","breadcrumb":{"@id":"https:\/\/govart.be\/fr\/contact\/#breadcrumb"},"inLanguage":"fr-FR","potentialAction":[{"@type":"ReadAction","target":["https:\/\/govart.be\/fr\/contact\/"]}]},{"@type":"ImageObject","inLanguage":"fr-FR","@id":"https:\/\/govart.be\/fr\/contact\/#primaryimage","url":"https:\/\/govart.be\/fr\/wp-content\/uploads\/sites\/6\/2025\/07\/maison-scaled.jpeg","contentUrl":"https:\/\/govart.be\/fr\/wp-content\/uploads\/sites\/6\/2025\/07\/maison-scaled.jpeg","width":1968,"height":2560,"caption":"Govart Bakery \u00e0 Beersel, la boulangerie au levain naturel sur Alsemberg"},{"@type":"BreadcrumbList","@id":"https:\/\/govart.be\/fr\/contact\/#breadcrumb","itemListElement":[{"@type":"ListItem","position":1,"name":"Accueil","item":"https:\/\/govart.be\/fr\/"},{"@type":"ListItem","position":2,"name":"Contact"}]},{"@type":"WebSite","@id":"https:\/\/govart.be\/fr\/#website","url":"https:\/\/govart.be\/fr\/","name":"Boulangerie Govart","description":"Enfin du pain nutritif et r\u00e9ellement bon pour la sant\u00e9 !","publisher":{"@id":"https:\/\/govart.be\/fr\/#organization"},"potentialAction":[{"@type":"SearchAction","target":{"@type":"EntryPoint","urlTemplate":"https:\/\/govart.be\/fr\/?s={search_term_string}"},"query-input":{"@type":"PropertyValueSpecification","valueRequired":true,"valueName":"search_term_string"}}],"inLanguage":"fr-FR"},{"@type":"Organization","@id":"https:\/\/govart.be\/fr\/#organization","name":"Boulangerie Govart","url":"https:\/\/govart.be\/fr\/","logo":{"@type":"ImageObject","inLanguage":"fr-FR","@id":"https:\/\/govart.be\/fr\/#\/schema\/logo\/image\/","url":"https:\/\/govart.be\/fr\/wp-content\/uploads\/sites\/6\/2024\/02\/govart-logo-yellow-1.png","contentUrl":"https:\/\/govart.be\/fr\/wp-content\/uploads\/sites\/6\/2024\/02\/govart-logo-yellow-1.png","width":2818,"height":1227,"caption":"Boulangerie Govart"},"image":{"@id":"https:\/\/govart.be\/fr\/#\/schema\/logo\/image\/"},"sameAs":["https:\/\/www.facebook.com\/profile.php?id=61553924327203","https:\/\/www.instagram.com\/govart.bakery\/"]}]}},"jetpack_sharing_enabled":true,"_links":{"self":[{"href":"https:\/\/govart.be\/fr\/wp-json\/wp\/v2\/pages\/28872","targetHints":{"allow":["GET"]}}],"collection":[{"href":"https:\/\/govart.be\/fr\/wp-json\/wp\/v2\/pages"}],"about":[{"href":"https:\/\/govart.be\/fr\/wp-json\/wp\/v2\/types\/page"}],"author":[{"embeddable":true,"href":"https:\/\/govart.be\/fr\/wp-json\/wp\/v2\/users\/1"}],"replies":[{"embeddable":true,"href":"https:\/\/govart.be\/fr\/wp-json\/wp\/v2\/comments?post=28872"}],"version-history":[{"count":56,"href":"https:\/\/govart.be\/fr\/wp-json\/wp\/v2\/pages\/28872\/revisions"}],"predecessor-version":[{"id":31366,"href":"https:\/\/govart.be\/fr\/wp-json\/wp\/v2\/pages\/28872\/revisions\/31366"}],"wp:attachment":[{"href":"https:\/\/govart.be\/fr\/wp-json\/wp\/v2\/media?parent=28872"}],"curies":[{"name":"wp","href":"https:\/\/api.w.org\/{rel}","templated":true}]}}